{"id":86,"date":"2024-05-22T13:02:03","date_gmt":"2024-05-22T13:02:03","guid":{"rendered":"https:\/\/buydriverslicense.com\/?post_type=product&#038;p=86"},"modified":"2024-06-19T13:46:11","modified_gmt":"2024-06-19T13:46:11","slug":"danimarka-ehliyetini-cevrimici-satin-al-2","status":"publish","type":"product","link":"https:\/\/buydriverslicense.com\/tr\/urun\/danimarka-ehliyetini-cevrimici-satin-al-2\/","title":{"rendered":"Danimarka s\u00fcr\u00fcc\u00fc lisans\u0131n\u0131 \u00e7evrimi\u00e7i sat\u0131n al\u0131n"},"content":{"rendered":"<h1>Get Your Danish Driver&#8217;s License Now<\/h1>\n<p>Acquiring a Danish driver&#8217;s license opens up a realm of possibilities, providing both convenience and freedom. For those wondering where to buy Danish drivers license online, it&#8217;s crucial to prioritize legality and safety. Contrary to some misconceptions, it is possible to buy Danish drivers license without test through authorized channels, ensuring all requirements are met without the stress of traditional testing.<\/p>\n<p>Understanding the cost to buy Danish drivers license legally is vital. Legal acquisition might seem pricier initially, but it guarantees peace of mind and compliance with Danish laws. Opting for the safest way to buy Danish drivers license ensures that your license is recognized and accepted universally within Denmark and the EU.<\/p>\n<p>Foreigners might face additional hurdles, but rest assured, you can buy Danish drivers license for foreigners through legitimate services tailored to meet the unique needs of non-residents. This not only simplifies the process but also aligns with legal standards, making your transition to driving in Denmark smooth and hassle-free. Secure your Danish driver&#8217;s license now and enjoy the unparalleled freedom and mobility it offers.<\/p>\n<h2>Buy Danish Driver&#8217;s License Without Exam<\/h2>\n<p>Imagine the convenience of being able to buy Danish drivers license without taking exam. This streamlined process eliminates the stress and time involved in traditional testing. Curious about how to get Danish drivers license without exam? buydriverslicense.com can guide you through the legal steps, ensuring compliance with all requirements. For those seeking to purchase Danish drivers license no exam needed, this option provides a legitimate and efficient path to driving freedom in Denmark. Embrace the simplicity and ease of obtaining your license without the usual hurdles.<\/p>\n<p>&nbsp;<\/p>\n<h2>Danish Driver&#8217;s License Cost<\/h2>\n<p>Understanding the total cost of Danish drivers license is crucial for prospective drivers. The breakdown of Danish drivers license fees includes application charges, theory test fees, practical exam costs, and driving lesson expenses. However, you dont need to take the exam because we take care of the whole process for you. On average, the average price for Danish drivers license can vary depending on individual needs and preparation such as category, delivery time and so on. Budgeting for these costs ensures a smooth and stress-free journey towards obtaining your license. By knowing what to expect, you can plan accordingly and achieve your driving goals with confidence.<\/p>\n<p>&nbsp;<\/p>\n<div class=\"wpforms-container wpforms-container-full wpforms-render-modern\" id=\"wpforms-4616\"><form id=\"wpforms-form-4616\" class=\"wpforms-validate wpforms-form wpforms-ajax-form\" data-formid=\"4616\" method=\"post\" enctype=\"multipart\/form-data\" action=\"\/tr\/wp-json\/wp\/v2\/product\/86\" data-token=\"0ba18c3973c7d59d59e456f712ffb138\"><div class=\"wpforms-head-container\"><div class=\"wpforms-title\">Contact us<\/div><\/div><noscript class=\"wpforms-error-noscript\">Bu formu bitirebilmek i\u00e7in taray\u0131c\u0131n\u0131zda JavaScript&#039;i etkinle\u015ftirin.<\/noscript><div class=\"wpforms-hidden\" id=\"wpforms-error-noscript\">Bu formu bitirebilmek i\u00e7in taray\u0131c\u0131n\u0131zda JavaScript&#039;i etkinle\u015ftirin.<\/div><div class=\"wpforms-field-container\"><div id=\"wpforms-4616-field_0-container\" class=\"wpforms-field wpforms-field-name\" data-field-id=\"0\"><fieldset><legend class=\"wpforms-field-label\">Name <span class=\"wpforms-required-label\" aria-hidden=\"true\">*<\/span><\/legend><div class=\"wpforms-field-row wpforms-field-medium\"><div class=\"wpforms-field-row-block wpforms-first wpforms-one-half\"><input type=\"text\" id=\"wpforms-4616-field_0\" class=\"wpforms-field-name-first wpforms-field-required\" name=\"wpforms[fields][0][first]\" aria-errormessage=\"wpforms-4616-field_0-error\" required><label for=\"wpforms-4616-field_0\" class=\"wpforms-field-sublabel after \">Ad<\/label><\/div><div class=\"wpforms-field-row-block wpforms-one-half\"><input type=\"text\" id=\"wpforms-4616-field_0-last\" class=\"wpforms-field-name-last wpforms-field-required\" name=\"wpforms[fields][0][last]\" aria-errormessage=\"wpforms-4616-field_0-last-error\" required><label for=\"wpforms-4616-field_0-last\" class=\"wpforms-field-sublabel after \">Soyad<\/label><\/div><\/div><\/fieldset><\/div><div id=\"wpforms-4616-field_1-container\" class=\"wpforms-field wpforms-field-email\" data-field-id=\"1\"><label class=\"wpforms-field-label\" for=\"wpforms-4616-field_1\">Email <span class=\"wpforms-required-label\" aria-hidden=\"true\">*<\/span><\/label><input type=\"email\" id=\"wpforms-4616-field_1\" class=\"wpforms-field-medium wpforms-field-required\" name=\"wpforms[fields][1]\" spellcheck=\"false\" aria-errormessage=\"wpforms-4616-field_1-error\" required><\/div><div id=\"wpforms-4616-field_3-container\" class=\"wpforms-field wpforms-field-phone\" data-field-id=\"3\"><label class=\"wpforms-field-label\" for=\"wpforms-4616-field_3\">WhatsApp number<\/label><input type=\"tel\" id=\"wpforms-4616-field_3\" class=\"wpforms-field-medium wpforms-smart-phone-field\" data-rule-smart-phone-field=\"true\" name=\"wpforms[fields][3]\" aria-errormessage=\"wpforms-4616-field_3-error\" ><\/div><div id=\"wpforms-4616-field_2-container\" class=\"wpforms-field wpforms-field-textarea\" data-field-id=\"2\"><label class=\"wpforms-field-label\" for=\"wpforms-4616-field_2\">Comment or Message<\/label><textarea id=\"wpforms-4616-field_2\" class=\"wpforms-field-medium\" name=\"wpforms[fields][2]\" aria-errormessage=\"wpforms-4616-field_2-error\" ><\/textarea><\/div><\/div><!-- .wpforms-field-container --><div class=\"wpforms-recaptcha-container wpforms-is-recaptcha wpforms-is-recaptcha-type-v2\" ><div class=\"g-recaptcha\" data-sitekey=\"6Ld79pMpAAAAAB3xA6qar-OXDer4c4MhglWPP4xY\"><\/div><input type=\"text\" name=\"g-recaptcha-hidden\" class=\"wpforms-recaptcha-hidden\" style=\"position:absolute!important;clip:rect(0,0,0,0)!important;height:1px!important;width:1px!important;border:0!important;overflow:hidden!important;padding:0!important;margin:0!important;\" data-rule-recaptcha=\"1\"><\/div><div class=\"wpforms-submit-container\" ><input type=\"hidden\" name=\"wpforms[id]\" value=\"4616\"><input type=\"hidden\" name=\"wpforms[author]\" value=\"1\"><button type=\"submit\" name=\"wpforms[submit]\" id=\"wpforms-submit-4616\" class=\"wpforms-submit\" data-alt-text=\"Sending...\" data-submit-text=\"Submit\" aria-live=\"assertive\" value=\"wpforms-submit\">Submit<\/button><img decoding=\"async\" src=\"https:\/\/buydriverslicense.com\/wp-content\/plugins\/wpforms\/assets\/images\/submit-spin.svg\" class=\"wpforms-submit-spinner\" style=\"display: none;\" width=\"26\" height=\"26\" alt=\"Y\u00fckleniyor\"><\/div><\/form><\/div>  <!-- .wpforms-container -->\n","protected":false},"excerpt":{"rendered":"<p><span class=\"fontstyle0\">Kay\u0131tl\u0131 Danimarka s\u00fcr\u00fcc\u00fc belgesi, buydriverslicense.com adresinde \u00e7evrimi\u00e7i olarak sat\u0131lmaktad\u0131r. 100% d\u00fcnya \u00e7ap\u0131nda g\u00fcvenli teslimatla Danimarka ehliyetini sipari\u015f edin!<\/span><\/p>","protected":false},"featured_media":4658,"template":"","meta":[],"product_brand":[],"product_cat":[17],"product_tag":[42,40,41],"class_list":{"0":"post-86","1":"product","2":"type-product","3":"status-publish","4":"has-post-thumbnail","6":"product_cat-drivers-license","7":"product_tag-buy-eu-drivers-license","8":"product_tag-danish-drivers-license","9":"product_tag-drivers-license","11":"first","12":"instock","13":"shipping-taxable","14":"product-type-simple"},"yoast_head":"<!-- This site is optimized with the Yoast SEO Premium plugin v22.6 (Yoast SEO v27.4) - https:\/\/yoast.com\/product\/yoast-seo-premium-wordpress\/ -->\n<title>Buy Danish drivers License Online - Buy Drivers License Online<\/title>\n<meta name=\"description\" content=\"Registered Danish driver license for sale online at buydriverslicense.com. Order Danish driver&#039;s license with 100% secure worldwide delivery!\" \/>\n<meta name=\"robots\" content=\"index, follow, max-snippet:-1, max-image-preview:large, max-video-preview:-1\" \/>\n<link rel=\"canonical\" href=\"https:\/\/buydriverslicense.com\/tr\/urun\/danimarka-ehliyetini-cevrimici-satin-al-2\/\" \/>\n<meta property=\"og:locale\" content=\"tr_TR\" \/>\n<meta property=\"og:type\" content=\"article\" \/>\n<meta property=\"og:title\" content=\"Buy Danish drivers License Online\" \/>\n<meta property=\"og:description\" content=\"Registered Danish driver license for sale online at buydriverslicense.com. Order Danish driver&#039;s license with 100% secure worldwide delivery!\" \/>\n<meta property=\"og:url\" content=\"https:\/\/buydriverslicense.com\/tr\/urun\/danimarka-ehliyetini-cevrimici-satin-al-2\/\" \/>\n<meta property=\"og:site_name\" content=\"Buy Drivers License Online\" \/>\n<meta property=\"article:modified_time\" content=\"2024-06-19T13:46:11+00:00\" \/>\n<meta property=\"og:image\" content=\"https:\/\/buydriverslicense.com\/wp-content\/uploads\/2024\/05\/denmark_drivres_license_result_image.jpg\" \/>\n\t<meta property=\"og:image:width\" content=\"1280\" \/>\n\t<meta property=\"og:image:height\" content=\"853\" \/>\n\t<meta property=\"og:image:type\" content=\"image\/jpeg\" \/>\n<meta name=\"twitter:card\" content=\"summary_large_image\" \/>\n<meta name=\"twitter:label1\" content=\"Fiyat\" \/>\n\t<meta name=\"twitter:data1\" content=\"\" \/>\n\t<meta name=\"twitter:label2\" content=\"Durumu\" \/>\n\t<meta name=\"twitter:data2\" content=\"Stokta var\" \/>\n<script type=\"application\/ld+json\" class=\"yoast-schema-graph\">{\"@context\":\"https:\\\/\\\/schema.org\",\"@graph\":[{\"@type\":[\"WebPage\",\"ItemPage\"],\"@id\":\"https:\\\/\\\/buydriverslicense.com\\\/product\\\/buy-danish-drivers-license-online\\\/\",\"url\":\"https:\\\/\\\/buydriverslicense.com\\\/product\\\/buy-danish-drivers-license-online\\\/\",\"name\":\"Buy Danish drivers License Online - Buy Drivers License Online\",\"isPartOf\":{\"@id\":\"https:\\\/\\\/buydriverslicense.com\\\/#website\"},\"primaryImageOfPage\":{\"@id\":\"https:\\\/\\\/buydriverslicense.com\\\/product\\\/buy-danish-drivers-license-online\\\/#primaryimage\"},\"image\":{\"@id\":\"https:\\\/\\\/buydriverslicense.com\\\/product\\\/buy-danish-drivers-license-online\\\/#primaryimage\"},\"thumbnailUrl\":\"https:\\\/\\\/buydriverslicense.com\\\/wp-content\\\/uploads\\\/2024\\\/05\\\/denmark_drivres_license_result_image.jpg\",\"datePublished\":\"2024-05-22T13:02:03+00:00\",\"dateModified\":\"2024-06-19T13:46:11+00:00\",\"description\":\"Registered Danish driver license for sale online at buydriverslicense.com. Order Danish driver's license with 100% secure worldwide delivery!\",\"breadcrumb\":{\"@id\":\"https:\\\/\\\/buydriverslicense.com\\\/product\\\/buy-danish-drivers-license-online\\\/#breadcrumb\"},\"inLanguage\":\"tr\",\"potentialAction\":[{\"@type\":\"ReadAction\",\"target\":[\"https:\\\/\\\/buydriverslicense.com\\\/product\\\/buy-danish-drivers-license-online\\\/\"]}]},{\"@type\":\"ImageObject\",\"inLanguage\":\"tr\",\"@id\":\"https:\\\/\\\/buydriverslicense.com\\\/product\\\/buy-danish-drivers-license-online\\\/#primaryimage\",\"url\":\"https:\\\/\\\/buydriverslicense.com\\\/wp-content\\\/uploads\\\/2024\\\/05\\\/denmark_drivres_license_result_image.jpg\",\"contentUrl\":\"https:\\\/\\\/buydriverslicense.com\\\/wp-content\\\/uploads\\\/2024\\\/05\\\/denmark_drivres_license_result_image.jpg\",\"width\":1280,\"height\":853,\"caption\":\"Buy Danish drivers License\"},{\"@type\":\"BreadcrumbList\",\"@id\":\"https:\\\/\\\/buydriverslicense.com\\\/product\\\/buy-danish-drivers-license-online\\\/#breadcrumb\",\"itemListElement\":[{\"@type\":\"ListItem\",\"position\":1,\"name\":\"Home\",\"item\":\"https:\\\/\\\/buydriverslicense.com\\\/\"},{\"@type\":\"ListItem\",\"position\":2,\"name\":\"Products\",\"item\":\"https:\\\/\\\/buydriverslicense.com\\\/products\\\/\"},{\"@type\":\"ListItem\",\"position\":3,\"name\":\"Buy Danish drivers License Online\"}]},{\"@type\":\"WebSite\",\"@id\":\"https:\\\/\\\/buydriverslicense.com\\\/#website\",\"url\":\"https:\\\/\\\/buydriverslicense.com\\\/\",\"name\":\"Buy Drivers License Online\",\"description\":\"How to Buy Drivers License without exam\",\"potentialAction\":[{\"@type\":\"SearchAction\",\"target\":{\"@type\":\"EntryPoint\",\"urlTemplate\":\"https:\\\/\\\/buydriverslicense.com\\\/?s={search_term_string}\"},\"query-input\":{\"@type\":\"PropertyValueSpecification\",\"valueRequired\":true,\"valueName\":\"search_term_string\"}}],\"inLanguage\":\"tr\"}]}<\/script>\n<meta property=\"product:price:currency\" content=\"EUR\" \/>\n<meta property=\"og:availability\" content=\"instock\" \/>\n<meta property=\"product:availability\" content=\"instock\" \/>\n<meta property=\"product:condition\" content=\"new\" \/>\n<!-- \/ Yoast SEO Premium plugin. -->","yoast_head_json":{"title":"Danimarka Ehliyetini \u00c7evrimi\u00e7i Sat\u0131n Al\u0131n - \u00c7evrimi\u00e7i Ehliyet Sat\u0131n Al\u0131n","description":"Kay\u0131tl\u0131 Danimarka s\u00fcr\u00fcc\u00fc belgesi, buydriverslicense.com adresinde \u00e7evrimi\u00e7i olarak sat\u0131lmaktad\u0131r. 100% d\u00fcnya \u00e7ap\u0131nda g\u00fcvenli teslimatla Danimarka ehliyetini sipari\u015f edin!","robots":{"index":"index","follow":"follow","max-snippet":"max-snippet:-1","max-image-preview":"max-image-preview:large","max-video-preview":"max-video-preview:-1"},"canonical":"https:\/\/buydriverslicense.com\/tr\/urun\/danimarka-ehliyetini-cevrimici-satin-al-2\/","og_locale":"tr_TR","og_type":"article","og_title":"Buy Danish drivers License Online","og_description":"Registered Danish driver license for sale online at buydriverslicense.com. Order Danish driver's license with 100% secure worldwide delivery!","og_url":"https:\/\/buydriverslicense.com\/tr\/urun\/danimarka-ehliyetini-cevrimici-satin-al-2\/","og_site_name":"Buy Drivers License Online","article_modified_time":"2024-06-19T13:46:11+00:00","og_image":[{"width":1280,"height":853,"url":"https:\/\/buydriverslicense.com\/wp-content\/uploads\/2024\/05\/denmark_drivres_license_result_image.jpg","type":"image\/jpeg"}],"twitter_card":"summary_large_image","twitter_misc":{"Fiyat":"","Durumu":"Stokta var"},"schema":{"@context":"https:\/\/schema.org","@graph":[{"@type":["WebPage","ItemPage"],"@id":"https:\/\/buydriverslicense.com\/product\/buy-danish-drivers-license-online\/","url":"https:\/\/buydriverslicense.com\/product\/buy-danish-drivers-license-online\/","name":"Danimarka Ehliyetini \u00c7evrimi\u00e7i Sat\u0131n Al\u0131n - \u00c7evrimi\u00e7i Ehliyet Sat\u0131n Al\u0131n","isPartOf":{"@id":"https:\/\/buydriverslicense.com\/#website"},"primaryImageOfPage":{"@id":"https:\/\/buydriverslicense.com\/product\/buy-danish-drivers-license-online\/#primaryimage"},"image":{"@id":"https:\/\/buydriverslicense.com\/product\/buy-danish-drivers-license-online\/#primaryimage"},"thumbnailUrl":"https:\/\/buydriverslicense.com\/wp-content\/uploads\/2024\/05\/denmark_drivres_license_result_image.jpg","datePublished":"2024-05-22T13:02:03+00:00","dateModified":"2024-06-19T13:46:11+00:00","description":"Kay\u0131tl\u0131 Danimarka s\u00fcr\u00fcc\u00fc belgesi, buydriverslicense.com adresinde \u00e7evrimi\u00e7i olarak sat\u0131lmaktad\u0131r. 100% d\u00fcnya \u00e7ap\u0131nda g\u00fcvenli teslimatla Danimarka ehliyetini sipari\u015f edin!","breadcrumb":{"@id":"https:\/\/buydriverslicense.com\/product\/buy-danish-drivers-license-online\/#breadcrumb"},"inLanguage":"tr","potentialAction":[{"@type":"ReadAction","target":["https:\/\/buydriverslicense.com\/product\/buy-danish-drivers-license-online\/"]}]},{"@type":"ImageObject","inLanguage":"tr","@id":"https:\/\/buydriverslicense.com\/product\/buy-danish-drivers-license-online\/#primaryimage","url":"https:\/\/buydriverslicense.com\/wp-content\/uploads\/2024\/05\/denmark_drivres_license_result_image.jpg","contentUrl":"https:\/\/buydriverslicense.com\/wp-content\/uploads\/2024\/05\/denmark_drivres_license_result_image.jpg","width":1280,"height":853,"caption":"Buy Danish drivers License"},{"@type":"BreadcrumbList","@id":"https:\/\/buydriverslicense.com\/product\/buy-danish-drivers-license-online\/#breadcrumb","itemListElement":[{"@type":"ListItem","position":1,"name":"Home","item":"https:\/\/buydriverslicense.com\/"},{"@type":"ListItem","position":2,"name":"Products","item":"https:\/\/buydriverslicense.com\/products\/"},{"@type":"ListItem","position":3,"name":"Buy Danish drivers License Online"}]},{"@type":"WebSite","@id":"https:\/\/buydriverslicense.com\/#website","url":"https:\/\/buydriverslicense.com\/","name":"Ehliyet \u00c7evrimi\u00e7i Sat\u0131n Al\u0131n","description":"S\u0131navs\u0131z Ehliyet Nas\u0131l Al\u0131n\u0131r?","potentialAction":[{"@type":"SearchAction","target":{"@type":"EntryPoint","urlTemplate":"https:\/\/buydriverslicense.com\/?s={search_term_string}"},"query-input":{"@type":"PropertyValueSpecification","valueRequired":true,"valueName":"search_term_string"}}],"inLanguage":"tr"}]},"product_price_currency":"EUR","og_availability":"instock","product_availability":"instock","product_condition":"new"},"_links":{"self":[{"href":"https:\/\/buydriverslicense.com\/tr\/wp-json\/wp\/v2\/product\/86","targetHints":{"allow":["GET"]}}],"collection":[{"href":"https:\/\/buydriverslicense.com\/tr\/wp-json\/wp\/v2\/product"}],"about":[{"href":"https:\/\/buydriverslicense.com\/tr\/wp-json\/wp\/v2\/types\/product"}],"wp:featuredmedia":[{"embeddable":true,"href":"https:\/\/buydriverslicense.com\/tr\/wp-json\/wp\/v2\/media\/4658"}],"wp:attachment":[{"href":"https:\/\/buydriverslicense.com\/tr\/wp-json\/wp\/v2\/media?parent=86"}],"wp:term":[{"taxonomy":"product_brand","embeddable":true,"href":"https:\/\/buydriverslicense.com\/tr\/wp-json\/wp\/v2\/product_brand?post=86"},{"taxonomy":"product_cat","embeddable":true,"href":"https:\/\/buydriverslicense.com\/tr\/wp-json\/wp\/v2\/product_cat?post=86"},{"taxonomy":"product_tag","embeddable":true,"href":"https:\/\/buydriverslicense.com\/tr\/wp-json\/wp\/v2\/product_tag?post=86"}],"curies":[{"name":"wp","href":"https:\/\/api.w.org\/{rel}","templated":true}]}}