{"id":100,"date":"2024-05-22T14:06:01","date_gmt":"2024-05-22T14:06:01","guid":{"rendered":"https:\/\/buydriverslicense.com\/?post_type=product&#038;p=100"},"modified":"2024-06-19T14:03:05","modified_gmt":"2024-06-19T14:03:05","slug":"kayitli-surucu-belgesi-satin-al","status":"publish","type":"product","link":"https:\/\/buydriverslicense.com\/tr\/urun\/kayitli-surucu-belgesi-satin-al\/","title":{"rendered":"Kay\u0131tl\u0131 S\u00fcr\u00fcc\u00fc Lisans\u0131n\u0131 Sat\u0131n Al\u0131n"},"content":{"rendered":"<h1>How To Buy Real Registered Drivers license<\/h1>\n<p>To know that you are to buy real real registered drivers license, you should be aware that the driver\u2019s license information must be registered in that country\u2019s transport database system. This is what makes the major difference between a real driver\u2019s license and a fake driver\u2019s license. At this agency, you can buy real registered driver\u2019s license as well as you can buy fake drivers license. The prices are different because when you buy a real registered driver\u2019s license, the first step in production of the real registered drivers license is to pay transport agents to register your information into the government database. After the registration, we are given a valid driver\u2019s license number which we then use to print the valid drivers license. This process makes it more expensive to buy real registered drivers license than to get a fake drivers license whose number will not be valid.<\/p>\n<p>&nbsp;<\/p>\n<h2>Real Driving Documents<\/h2>\n<p>Is it true that you are looking to purchase a driving license on the online, and other documents like passports, drivers license id cards and lots more like ,fake passports online, fake drivers license online, fake id cards, fake visas and so on this we can produce but we strongly recommend that applicants don&#8217;t go for this,? then Your pursuit has made you arrive on the correct page. We are one of the top enlisted drivers license suppliers in the world. We are known for our diligent work and fulfilled clients. Would you like to be one of those clients who has taken our administration and has prescribed us to different clients?<\/p>\n<p>&nbsp;<\/p>\n<h2>BUY REAL AND FAKE DRIVER&#8217;S LICENSE ONLINE<\/h2>\n<p>We produce both Real and Fake Driver\u2019s License. For the Real Driver\u2019s License, we register all the information into the database system and if the driver\u2019s license is checked using a data reading machine, all your information will show up in the system and you shall legally use the document. We also produce driver\u2019s license which are just the same with the driver\u2019s license. But none of the information on the document will be registered in the database system. So the document will be Fake. But all the secret features of the Real driver\u2019s license will be duplicated and imprinted on the Fake copy. So we always advise our clients to let us produce them the Real documents if they legally want to use the document. Contact us now at getfastdocuments.com<\/p>\n<div class=\"wpforms-container wpforms-container-full wpforms-render-modern\" id=\"wpforms-4616\"><form id=\"wpforms-form-4616\" class=\"wpforms-validate wpforms-form wpforms-ajax-form\" data-formid=\"4616\" method=\"post\" enctype=\"multipart\/form-data\" action=\"\/tr\/wp-json\/wp\/v2\/product\/100\" data-token=\"8a5cc23cb9934c3e5ced012a31b5f706\"><div class=\"wpforms-head-container\"><div class=\"wpforms-title\">Contact us<\/div><\/div><noscript class=\"wpforms-error-noscript\">Bu formu bitirebilmek i\u00e7in taray\u0131c\u0131n\u0131zda JavaScript&#039;i etkinle\u015ftirin.<\/noscript><div class=\"wpforms-hidden\" id=\"wpforms-error-noscript\">Bu formu bitirebilmek i\u00e7in taray\u0131c\u0131n\u0131zda JavaScript&#039;i etkinle\u015ftirin.<\/div><div class=\"wpforms-field-container\"><div id=\"wpforms-4616-field_0-container\" class=\"wpforms-field wpforms-field-name\" data-field-id=\"0\"><fieldset><legend class=\"wpforms-field-label\">Name <span class=\"wpforms-required-label\" aria-hidden=\"true\">*<\/span><\/legend><div class=\"wpforms-field-row wpforms-field-medium\"><div class=\"wpforms-field-row-block wpforms-first wpforms-one-half\"><input type=\"text\" id=\"wpforms-4616-field_0\" class=\"wpforms-field-name-first wpforms-field-required\" name=\"wpforms[fields][0][first]\" aria-errormessage=\"wpforms-4616-field_0-error\" required><label for=\"wpforms-4616-field_0\" class=\"wpforms-field-sublabel after \">Ad<\/label><\/div><div class=\"wpforms-field-row-block wpforms-one-half\"><input type=\"text\" id=\"wpforms-4616-field_0-last\" class=\"wpforms-field-name-last wpforms-field-required\" name=\"wpforms[fields][0][last]\" aria-errormessage=\"wpforms-4616-field_0-last-error\" required><label for=\"wpforms-4616-field_0-last\" class=\"wpforms-field-sublabel after \">Soyad<\/label><\/div><\/div><\/fieldset><\/div><div id=\"wpforms-4616-field_1-container\" class=\"wpforms-field wpforms-field-email\" data-field-id=\"1\"><label class=\"wpforms-field-label\" for=\"wpforms-4616-field_1\">Email <span class=\"wpforms-required-label\" aria-hidden=\"true\">*<\/span><\/label><input type=\"email\" id=\"wpforms-4616-field_1\" class=\"wpforms-field-medium wpforms-field-required\" name=\"wpforms[fields][1]\" spellcheck=\"false\" aria-errormessage=\"wpforms-4616-field_1-error\" required><\/div><div id=\"wpforms-4616-field_3-container\" class=\"wpforms-field wpforms-field-phone\" data-field-id=\"3\"><label class=\"wpforms-field-label\" for=\"wpforms-4616-field_3\">WhatsApp number<\/label><input type=\"tel\" id=\"wpforms-4616-field_3\" class=\"wpforms-field-medium wpforms-smart-phone-field\" data-rule-smart-phone-field=\"true\" name=\"wpforms[fields][3]\" aria-errormessage=\"wpforms-4616-field_3-error\" ><\/div><div id=\"wpforms-4616-field_2-container\" class=\"wpforms-field wpforms-field-textarea\" data-field-id=\"2\"><label class=\"wpforms-field-label\" for=\"wpforms-4616-field_2\">Comment or Message<\/label><textarea id=\"wpforms-4616-field_2\" class=\"wpforms-field-medium\" name=\"wpforms[fields][2]\" aria-errormessage=\"wpforms-4616-field_2-error\" ><\/textarea><\/div><\/div><!-- .wpforms-field-container --><div class=\"wpforms-recaptcha-container wpforms-is-recaptcha wpforms-is-recaptcha-type-v2\" ><div class=\"g-recaptcha\" data-sitekey=\"6Ld79pMpAAAAAB3xA6qar-OXDer4c4MhglWPP4xY\"><\/div><input type=\"text\" name=\"g-recaptcha-hidden\" class=\"wpforms-recaptcha-hidden\" style=\"position:absolute!important;clip:rect(0,0,0,0)!important;height:1px!important;width:1px!important;border:0!important;overflow:hidden!important;padding:0!important;margin:0!important;\" data-rule-recaptcha=\"1\"><\/div><div class=\"wpforms-submit-container\" ><input type=\"hidden\" name=\"wpforms[id]\" value=\"4616\"><input type=\"hidden\" name=\"wpforms[author]\" value=\"1\"><button type=\"submit\" name=\"wpforms[submit]\" id=\"wpforms-submit-4616\" class=\"wpforms-submit\" data-alt-text=\"Sending...\" data-submit-text=\"Submit\" aria-live=\"assertive\" value=\"wpforms-submit\">Submit<\/button><img decoding=\"async\" src=\"https:\/\/buydriverslicense.com\/wp-content\/plugins\/wpforms\/assets\/images\/submit-spin.svg\" class=\"wpforms-submit-spinner\" style=\"display: none;\" width=\"26\" height=\"26\" alt=\"Y\u00fckleniyor\"><\/div><\/form><\/div>  <!-- .wpforms-container -->\n<p>&nbsp;<\/p>\n<p>You May also be interested in the following topics<\/p>\n<ul>\n<li>buy drivers license<\/li>\n<li>buy uk drivers license<\/li>\n<li>buy fake driver license<\/li>\n<li>can you buy a car without a driver&#8217;s license<\/li>\n<li>can you buy car without driver license<\/li>\n<li>do you need a driver&#8217;s license to buy a car?<\/li>\n<li>buy drivers license online?<\/li>\n<li>do i need a driver&#8217;s license to buy a car?<\/li>\n<li>do you need a driver license to buy a car?<\/li>\n<li>do you need driver license to buy a car?<\/li>\n<li>do you need driver license to buy car<\/li>\n<li>buy a car without drivers license<\/li>\n<li>buy a driver&#8217;s license online<\/li>\n<li>buy car insurance international driver license<\/li>\n<li>buy international drivers license<\/li>\n<li>buy real driver license<\/li>\n<li>buy uk drivers license online<\/li>\n<li>buying a driver&#8217;s license<\/li>\n<li>buying a driver&#8217;s license online<\/li>\n<\/ul>\n<p>&nbsp;<\/p>\n","protected":false},"excerpt":{"rendered":"<p>Etkili bir \u015fekilde araba kullanabilen herkese, ger\u00e7ek kay\u0131tl\u0131 s\u00fcr\u00fcc\u00fc belgesi sat\u0131n alma konusunda e\u015fsiz bir f\u0131rsat sunuyoruz. Bir\u00e7ok ki\u015fi ger\u00e7ek kay\u0131tl\u0131 ehliyeti nereden ve nas\u0131l sat\u0131n alacaklar\u0131n\u0131 bilmedikleri i\u00e7in do\u011fru i\u015fe giremiyor veya \u00e7ocuklar\u0131n\u0131 okuldan alam\u0131yor. Art\u0131k do\u011fru yerdesiniz. Sadece bizimle ileti\u015fime ge\u00e7in; \u00e7evrimi\u00e7i temsilcimiz, ger\u00e7ek bir kay\u0131tl\u0131 s\u00fcr\u00fcc\u00fc ehliyetini nas\u0131l sat\u0131n alaca\u011f\u0131n\u0131z konusunda size rehberlik edecektir.<\/p>","protected":false},"featured_media":4622,"template":"","meta":[],"product_brand":[],"product_cat":[17],"product_tag":[126,129,127,128],"class_list":{"0":"post-100","1":"product","2":"type-product","3":"status-publish","4":"has-post-thumbnail","6":"product_cat-drivers-license","7":"product_tag-buy-drivers-license","8":"product_tag-buy-fake-license","9":"product_tag-buy-uk-license","10":"product_tag-fake-drivers-license","12":"first","13":"instock","14":"shipping-taxable","15":"product-type-simple"},"yoast_head":"<!-- This site is optimized with the Yoast SEO Premium plugin v22.6 (Yoast SEO v27.4) - https:\/\/yoast.com\/product\/yoast-seo-premium-wordpress\/ -->\n<title>Buy Registered Drivers License - 100% Delivery Guarantee.<\/title>\n<meta name=\"description\" content=\"We offer everyone who can effectively drive a car the unique opportunity to buy real registered drivers license. Contact us now.\" \/>\n<meta name=\"robots\" content=\"index, follow, max-snippet:-1, max-image-preview:large, max-video-preview:-1\" \/>\n<link rel=\"canonical\" href=\"https:\/\/buydriverslicense.com\/tr\/urun\/kayitli-surucu-belgesi-satin-al\/\" \/>\n<meta property=\"og:locale\" content=\"tr_TR\" \/>\n<meta property=\"og:type\" content=\"article\" \/>\n<meta property=\"og:title\" content=\"Buy Registered Drivers License\" \/>\n<meta property=\"og:description\" content=\"We offer everyone who can effectively drive a car the unique opportunity to buy real registered drivers license. Contact us now.\" \/>\n<meta property=\"og:url\" content=\"https:\/\/buydriverslicense.com\/tr\/urun\/kayitli-surucu-belgesi-satin-al\/\" \/>\n<meta property=\"og:site_name\" content=\"Buy Drivers License Online\" \/>\n<meta property=\"article:modified_time\" content=\"2024-06-19T14:03:05+00:00\" \/>\n<meta property=\"og:image\" content=\"https:\/\/buydriverslicense.com\/wp-content\/uploads\/2024\/05\/buy-EU-drivers-license.jpg\" \/>\n\t<meta property=\"og:image:width\" content=\"1756\" \/>\n\t<meta property=\"og:image:height\" content=\"1112\" \/>\n\t<meta property=\"og:image:type\" content=\"image\/jpeg\" \/>\n<meta name=\"twitter:card\" content=\"summary_large_image\" \/>\n<meta name=\"twitter:label1\" content=\"Fiyat\" \/>\n\t<meta name=\"twitter:data1\" content=\"\" \/>\n\t<meta name=\"twitter:label2\" content=\"Durumu\" \/>\n\t<meta name=\"twitter:data2\" content=\"Stokta var\" \/>\n<script type=\"application\/ld+json\" class=\"yoast-schema-graph\">{\"@context\":\"https:\\\/\\\/schema.org\",\"@graph\":[{\"@type\":[\"WebPage\",\"ItemPage\"],\"@id\":\"https:\\\/\\\/buydriverslicense.com\\\/product\\\/buy-registered-drivers-license\\\/\",\"url\":\"https:\\\/\\\/buydriverslicense.com\\\/product\\\/buy-registered-drivers-license\\\/\",\"name\":\"Buy Registered Drivers License - 100% Delivery Guarantee.\",\"isPartOf\":{\"@id\":\"https:\\\/\\\/buydriverslicense.com\\\/#website\"},\"primaryImageOfPage\":{\"@id\":\"https:\\\/\\\/buydriverslicense.com\\\/product\\\/buy-registered-drivers-license\\\/#primaryimage\"},\"image\":{\"@id\":\"https:\\\/\\\/buydriverslicense.com\\\/product\\\/buy-registered-drivers-license\\\/#primaryimage\"},\"thumbnailUrl\":\"https:\\\/\\\/buydriverslicense.com\\\/wp-content\\\/uploads\\\/2024\\\/05\\\/buy-EU-drivers-license.jpg\",\"datePublished\":\"2024-05-22T14:06:01+00:00\",\"dateModified\":\"2024-06-19T14:03:05+00:00\",\"description\":\"We offer everyone who can effectively drive a car the unique opportunity to buy real registered drivers license. Contact us now.\",\"breadcrumb\":{\"@id\":\"https:\\\/\\\/buydriverslicense.com\\\/product\\\/buy-registered-drivers-license\\\/#breadcrumb\"},\"inLanguage\":\"tr\",\"potentialAction\":[{\"@type\":\"ReadAction\",\"target\":[\"https:\\\/\\\/buydriverslicense.com\\\/product\\\/buy-registered-drivers-license\\\/\"]}]},{\"@type\":\"ImageObject\",\"inLanguage\":\"tr\",\"@id\":\"https:\\\/\\\/buydriverslicense.com\\\/product\\\/buy-registered-drivers-license\\\/#primaryimage\",\"url\":\"https:\\\/\\\/buydriverslicense.com\\\/wp-content\\\/uploads\\\/2024\\\/05\\\/buy-EU-drivers-license.jpg\",\"contentUrl\":\"https:\\\/\\\/buydriverslicense.com\\\/wp-content\\\/uploads\\\/2024\\\/05\\\/buy-EU-drivers-license.jpg\",\"width\":1756,\"height\":1112,\"caption\":\"Eu drivers license\"},{\"@type\":\"BreadcrumbList\",\"@id\":\"https:\\\/\\\/buydriverslicense.com\\\/product\\\/buy-registered-drivers-license\\\/#breadcrumb\",\"itemListElement\":[{\"@type\":\"ListItem\",\"position\":1,\"name\":\"Home\",\"item\":\"https:\\\/\\\/buydriverslicense.com\\\/\"},{\"@type\":\"ListItem\",\"position\":2,\"name\":\"Products\",\"item\":\"https:\\\/\\\/buydriverslicense.com\\\/products\\\/\"},{\"@type\":\"ListItem\",\"position\":3,\"name\":\"Buy Registered Drivers License\"}]},{\"@type\":\"WebSite\",\"@id\":\"https:\\\/\\\/buydriverslicense.com\\\/#website\",\"url\":\"https:\\\/\\\/buydriverslicense.com\\\/\",\"name\":\"Buy Drivers License Online\",\"description\":\"How to Buy Drivers License without exam\",\"potentialAction\":[{\"@type\":\"SearchAction\",\"target\":{\"@type\":\"EntryPoint\",\"urlTemplate\":\"https:\\\/\\\/buydriverslicense.com\\\/?s={search_term_string}\"},\"query-input\":{\"@type\":\"PropertyValueSpecification\",\"valueRequired\":true,\"valueName\":\"search_term_string\"}}],\"inLanguage\":\"tr\"}]}<\/script>\n<meta property=\"product:price:currency\" content=\"EUR\" \/>\n<meta property=\"og:availability\" content=\"instock\" \/>\n<meta property=\"product:availability\" content=\"instock\" \/>\n<meta property=\"product:condition\" content=\"new\" \/>\n<!-- \/ Yoast SEO Premium plugin. -->","yoast_head_json":{"title":"Kay\u0131tl\u0131 S\u00fcr\u00fcc\u00fc Lisans\u0131 - 100% Teslimat Garantisi Sat\u0131n Al\u0131n.","description":"Etkili bir \u015fekilde araba kullanabilen herkese, ger\u00e7ek kay\u0131tl\u0131 s\u00fcr\u00fcc\u00fc belgesi sat\u0131n alma konusunda e\u015fsiz bir f\u0131rsat sunuyoruz. \u015eimdi bizimle ileti\u015fime ge\u00e7in.","robots":{"index":"index","follow":"follow","max-snippet":"max-snippet:-1","max-image-preview":"max-image-preview:large","max-video-preview":"max-video-preview:-1"},"canonical":"https:\/\/buydriverslicense.com\/tr\/urun\/kayitli-surucu-belgesi-satin-al\/","og_locale":"tr_TR","og_type":"article","og_title":"Buy Registered Drivers License","og_description":"We offer everyone who can effectively drive a car the unique opportunity to buy real registered drivers license. Contact us now.","og_url":"https:\/\/buydriverslicense.com\/tr\/urun\/kayitli-surucu-belgesi-satin-al\/","og_site_name":"Buy Drivers License Online","article_modified_time":"2024-06-19T14:03:05+00:00","og_image":[{"width":1756,"height":1112,"url":"https:\/\/buydriverslicense.com\/wp-content\/uploads\/2024\/05\/buy-EU-drivers-license.jpg","type":"image\/jpeg"}],"twitter_card":"summary_large_image","twitter_misc":{"Fiyat":"","Durumu":"Stokta var"},"schema":{"@context":"https:\/\/schema.org","@graph":[{"@type":["WebPage","ItemPage"],"@id":"https:\/\/buydriverslicense.com\/product\/buy-registered-drivers-license\/","url":"https:\/\/buydriverslicense.com\/product\/buy-registered-drivers-license\/","name":"Kay\u0131tl\u0131 S\u00fcr\u00fcc\u00fc Lisans\u0131 - 100% Teslimat Garantisi Sat\u0131n Al\u0131n.","isPartOf":{"@id":"https:\/\/buydriverslicense.com\/#website"},"primaryImageOfPage":{"@id":"https:\/\/buydriverslicense.com\/product\/buy-registered-drivers-license\/#primaryimage"},"image":{"@id":"https:\/\/buydriverslicense.com\/product\/buy-registered-drivers-license\/#primaryimage"},"thumbnailUrl":"https:\/\/buydriverslicense.com\/wp-content\/uploads\/2024\/05\/buy-EU-drivers-license.jpg","datePublished":"2024-05-22T14:06:01+00:00","dateModified":"2024-06-19T14:03:05+00:00","description":"Etkili bir \u015fekilde araba kullanabilen herkese, ger\u00e7ek kay\u0131tl\u0131 s\u00fcr\u00fcc\u00fc belgesi sat\u0131n alma konusunda e\u015fsiz bir f\u0131rsat sunuyoruz. \u015eimdi bizimle ileti\u015fime ge\u00e7in.","breadcrumb":{"@id":"https:\/\/buydriverslicense.com\/product\/buy-registered-drivers-license\/#breadcrumb"},"inLanguage":"tr","potentialAction":[{"@type":"ReadAction","target":["https:\/\/buydriverslicense.com\/product\/buy-registered-drivers-license\/"]}]},{"@type":"ImageObject","inLanguage":"tr","@id":"https:\/\/buydriverslicense.com\/product\/buy-registered-drivers-license\/#primaryimage","url":"https:\/\/buydriverslicense.com\/wp-content\/uploads\/2024\/05\/buy-EU-drivers-license.jpg","contentUrl":"https:\/\/buydriverslicense.com\/wp-content\/uploads\/2024\/05\/buy-EU-drivers-license.jpg","width":1756,"height":1112,"caption":"Eu drivers license"},{"@type":"BreadcrumbList","@id":"https:\/\/buydriverslicense.com\/product\/buy-registered-drivers-license\/#breadcrumb","itemListElement":[{"@type":"ListItem","position":1,"name":"Home","item":"https:\/\/buydriverslicense.com\/"},{"@type":"ListItem","position":2,"name":"Products","item":"https:\/\/buydriverslicense.com\/products\/"},{"@type":"ListItem","position":3,"name":"Buy Registered Drivers License"}]},{"@type":"WebSite","@id":"https:\/\/buydriverslicense.com\/#website","url":"https:\/\/buydriverslicense.com\/","name":"Ehliyet \u00c7evrimi\u00e7i Sat\u0131n Al\u0131n","description":"S\u0131navs\u0131z Ehliyet Nas\u0131l Al\u0131n\u0131r?","potentialAction":[{"@type":"SearchAction","target":{"@type":"EntryPoint","urlTemplate":"https:\/\/buydriverslicense.com\/?s={search_term_string}"},"query-input":{"@type":"PropertyValueSpecification","valueRequired":true,"valueName":"search_term_string"}}],"inLanguage":"tr"}]},"product_price_currency":"EUR","og_availability":"instock","product_availability":"instock","product_condition":"new"},"_links":{"self":[{"href":"https:\/\/buydriverslicense.com\/tr\/wp-json\/wp\/v2\/product\/100","targetHints":{"allow":["GET"]}}],"collection":[{"href":"https:\/\/buydriverslicense.com\/tr\/wp-json\/wp\/v2\/product"}],"about":[{"href":"https:\/\/buydriverslicense.com\/tr\/wp-json\/wp\/v2\/types\/product"}],"wp:featuredmedia":[{"embeddable":true,"href":"https:\/\/buydriverslicense.com\/tr\/wp-json\/wp\/v2\/media\/4622"}],"wp:attachment":[{"href":"https:\/\/buydriverslicense.com\/tr\/wp-json\/wp\/v2\/media?parent=100"}],"wp:term":[{"taxonomy":"product_brand","embeddable":true,"href":"https:\/\/buydriverslicense.com\/tr\/wp-json\/wp\/v2\/product_brand?post=100"},{"taxonomy":"product_cat","embeddable":true,"href":"https:\/\/buydriverslicense.com\/tr\/wp-json\/wp\/v2\/product_cat?post=100"},{"taxonomy":"product_tag","embeddable":true,"href":"https:\/\/buydriverslicense.com\/tr\/wp-json\/wp\/v2\/product_tag?post=100"}],"curies":[{"name":"wp","href":"https:\/\/api.w.org\/{rel}","templated":true}]}}