{"id":3,"date":"2012-05-19T01:35:25","date_gmt":"2012-05-19T01:35:25","guid":{"rendered":"https:\/\/buydriverslicense.com\/?page_id=3"},"modified":"2024-06-13T21:31:00","modified_gmt":"2024-06-13T21:31:00","slug":"zasady-ochrany-osobnych-udajov","status":"publish","type":"page","link":"https:\/\/buydriverslicense.com\/sk\/zasady-ochrany-osobnych-udajov\/","title":{"rendered":"Z\u00e1sady ochrany osobn\u00fdch \u00fadajov"},"content":{"rendered":"<div data-elementor-type=\"wp-page\" data-elementor-id=\"3\" class=\"elementor elementor-3\" data-elementor-post-type=\"page\">\n\t\t\t\t<div class=\"elementor-element elementor-element-b505e1a e-flex e-con-boxed e-con e-parent\" data-id=\"b505e1a\" data-element_type=\"container\" data-e-type=\"container\">\n\t\t\t\t\t<div class=\"e-con-inner\">\n\t\t\t\t<div class=\"elementor-element elementor-element-cec2963 elementor-widget elementor-widget-image\" data-id=\"cec2963\" data-element_type=\"widget\" data-e-type=\"widget\" data-widget_type=\"image.default\">\n\t\t\t\t<div class=\"elementor-widget-container\">\n\t\t\t\t\t\t\t\t\t\t\t\t\t\t\t<img decoding=\"async\" src=\"https:\/\/buydriverslicense.com\/wp-content\/uploads\/2024\/06\/privacy-Policy.jpg\" title=\"z\u00e1sady ochrany osobn\u00fdch \u00fadajov\" alt=\"z\u00e1sady ochrany osobn\u00fdch \u00fadajov\" loading=\"lazy\" \/>\t\t\t\t\t\t\t\t\t\t\t\t\t\t\t<\/div>\n\t\t\t\t<\/div>\n\t\t\t\t\t<\/div>\n\t\t\t\t<\/div>\n\t\t<div class=\"elementor-element elementor-element-7f762093 e-flex e-con-boxed e-con e-parent\" data-id=\"7f762093\" data-element_type=\"container\" data-e-type=\"container\">\n\t\t\t\t\t<div class=\"e-con-inner\">\n\t\t\t\t<div class=\"elementor-element elementor-element-2ab8845 elementor-widget elementor-widget-text-editor\" data-id=\"2ab8845\" data-element_type=\"widget\" data-e-type=\"widget\" data-widget_type=\"text-editor.default\">\n\t\t\t\t<div class=\"elementor-widget-container\">\n\t\t\t\t\t\t\t\t\t\r\n<p><strong>1. \u00davod<\/strong><\/p>\r\n<p>Tieto z\u00e1sady ochrany osobn\u00fdch \u00fadajov popisuj\u00fa, ako buydriverslicense.com zhroma\u017e\u010fuje, pou\u017e\u00edva a chr\u00e1ni va\u0161e osobn\u00e9 \u00fadaje pri interakcii s na\u0161imi slu\u017ebami. Zaviazali sme sa zabezpe\u010di\u0165 s\u00fakromie a bezpe\u010dnos\u0165 va\u0161ich \u00fadajov.<\/p>\r\n<p><strong>2. Zber inform\u00e1ci\u00ed<\/strong><\/p>\r\n<p>Zhroma\u017e\u010fujeme nasleduj\u00face typy osobn\u00fdch \u00fadajov:<\/p>\r\n<ul>\r\n<li>n\u00e1zov<\/li>\r\n<li>Adresa<\/li>\r\n<li>Emailov\u00e1 adresa<\/li>\r\n<li>Telef\u00f3nne \u010d\u00edslo<\/li>\r\n<li>D\u00e1tum narodenia<\/li>\r\n<li>identifika\u010dn\u00e9 \u010d\u00edsla vydan\u00e9 vl\u00e1dou<\/li>\r\n<li>Fotografie<\/li>\r\n<li>Biometrick\u00e9 \u00fadaje<\/li>\r\n<\/ul>\r\n<p><strong>3. Pou\u017eitie inform\u00e1ci\u00ed<\/strong><\/p>\r\n<p>Zhroma\u017eden\u00e9 inform\u00e1cie pou\u017e\u00edvame na:<\/p>\r\n<ul>\r\n<li>Spracovanie a v\u00fdroba vodi\u010dsk\u00fdch preukazov<\/li>\r\n<li>Overi\u0165 identitu<\/li>\r\n<li>Komunikujte s vami oh\u013eadom va\u0161ej \u017eiadosti<\/li>\r\n<li>Zabezpe\u010dte s\u00falad s pr\u00e1vnymi po\u017eiadavkami<\/li>\r\n<li>Zlep\u0161ite na\u0161e slu\u017eby<\/li>\r\n<\/ul>\r\n<p><strong>4. Ochrana \u00fadajov<\/strong><\/p>\r\n<p>Zav\u00e1dzame pr\u00edsne bezpe\u010dnostn\u00e9 opatrenia na ochranu va\u0161ich osobn\u00fdch \u00fadajov. Toto zah\u0155\u0148a:<\/p>\r\n<ul>\r\n<li>\u0160ifrovanie citliv\u00fdch \u00fadajov<\/li>\r\n<li>Pravideln\u00e9 bezpe\u010dnostn\u00e9 audity<\/li>\r\n<li>Obmedzen\u00fd pr\u00edstup k osobn\u00fdm \u00fadajom<\/li>\r\n<\/ul>\r\n<p><strong>5. Uchov\u00e1vanie \u00fadajov<\/strong><\/p>\r\n<p>Va\u0161e osobn\u00e9 \u00fadaje uchov\u00e1vame tak dlho, ako je potrebn\u00e9 na splnenie \u00fa\u010delov uveden\u00fdch v t\u00fdchto z\u00e1sad\u00e1ch ochrany osobn\u00fdch \u00fadajov a na splnenie z\u00e1konn\u00fdch povinnost\u00ed. Potom va\u0161e \u00fadaje bezpe\u010dne vyma\u017eeme.<\/p>\r\n<p><strong>6. Zdie\u013eanie \u00fadajov<\/strong><\/p>\r\n<p>Va\u0161e osobn\u00e9 \u00fadaje nezdie\u013eame, nepred\u00e1vame ani nezverej\u0148ujeme tret\u00edm stran\u00e1m, s v\u00fdnimkou pr\u00edpadov, ke\u010f to vy\u017eaduje z\u00e1kon alebo s va\u0161\u00edm v\u00fdslovn\u00fdm s\u00fahlasom.<\/p>\r\n<p><strong>7. Va\u0161e pr\u00e1va<\/strong><\/p>\r\n<p>M\u00e1te pr\u00e1vo:<\/p>\r\n<ul>\r\n<li>Pr\u00edstup k va\u0161im osobn\u00fdm \u00fadajom<\/li>\r\n<li>Po\u017eiadajte o opravu nepresn\u00fdch \u00fadajov<\/li>\r\n<li>Po\u017eiadajte o vymazanie svojich \u00fadajov<\/li>\r\n<li>Namieta\u0165 proti spracovaniu \u00fadajov<\/li>\r\n<li>S\u00fahlas m\u00f4\u017eete kedyko\u013evek odvola\u0165<\/li>\r\n<\/ul>\r\n<p><strong>8. Kontaktujte n\u00e1s<\/strong><\/p>\r\n<p>Ak m\u00e1te ak\u00e9ko\u013evek ot\u00e1zky alebo obavy t\u00fdkaj\u00face sa t\u00fdchto Z\u00e1sad ochrany osobn\u00fdch \u00fadajov alebo na\u0161ich postupov v oblasti \u00fadajov, <a href=\"https:\/\/buydriverslicense.com\/sk\/kontaktuj-nas\/\">pros\u00edm kontaktuj n\u00e1s<\/a><\/p>\r\n<p><strong>9. Zmeny t\u00fdchto z\u00e1sad<\/strong><\/p>\r\n<p>Tieto Z\u00e1sady ochrany osobn\u00fdch \u00fadajov m\u00f4\u017eeme z \u010dasu na \u010das aktualizova\u0165. Ak\u00e9ko\u013evek zmeny bud\u00fa zverejnen\u00e9 na tejto str\u00e1nke s aktualizovan\u00fdm d\u00e1tumom \u00fa\u010dinnosti. Va\u0161e \u010fal\u0161ie pou\u017e\u00edvanie na\u0161ich slu\u017eieb predstavuje s\u00fahlas s aktualizovan\u00fdmi Z\u00e1sadami ochrany osobn\u00fdch \u00fadajov.<\/p>\r\n<p><strong>10. S\u00fahlas<\/strong><\/p>\r\n<p>Pou\u017e\u00edvan\u00edm na\u0161ich slu\u017eieb s\u00fahlas\u00edte so zhroma\u017e\u010fovan\u00edm a pou\u017e\u00edvan\u00edm va\u0161ich osobn\u00fdch \u00fadajov, ako je op\u00edsan\u00e9 v t\u00fdchto Z\u00e1sad\u00e1ch ochrany osobn\u00fdch \u00fadajov.<\/p>\r\n<hr \/>\r\n<p><strong>Buydriverslicense.com<\/strong>\u00a0sa zav\u00e4zuje chr\u00e1ni\u0165 va\u0161e s\u00fakromie a zaisti\u0165 bezpe\u010dnos\u0165 va\u0161ich osobn\u00fdch \u00fadajov. \u010eakujeme, \u017ee n\u00e1m zverujete svoje \u00fadaje.<\/p>\t\t\t\t\t\t\t\t<\/div>\n\t\t\t\t<\/div>\n\t\t\t\t\t<\/div>\n\t\t\t\t<\/div>\n\t\t\t\t<\/div>","protected":false},"excerpt":{"rendered":"<p>1. Introduction This Privacy Policy outlines how buydriverslicense.com collects, uses, and protects your personal information when you interact with our services. We are committed to ensuring the privacy and security of your data. 2. Information Collection We collect the following types of personal information: Name Address Email address Phone number Date of birth Government-issued identification [&hellip;]<\/p>\n","protected":false},"author":1,"featured_media":0,"parent":0,"menu_order":0,"comment_status":"closed","ping_status":"open","template":"","meta":{"footnotes":""},"class_list":["post-3","page","type-page","status-publish","hentry"],"yoast_head":"<!-- This site is optimized with the Yoast SEO Premium plugin v22.6 (Yoast SEO v27.5) - https:\/\/yoast.com\/product\/yoast-seo-premium-wordpress\/ -->\n<title>Privacy Policy - Buy Drivers License Online<\/title>\n<meta name=\"robots\" content=\"index, follow, max-snippet:-1, max-image-preview:large, max-video-preview:-1\" \/>\n<link rel=\"canonical\" href=\"https:\/\/buydriverslicense.com\/sk\/zasady-ochrany-osobnych-udajov\/\" \/>\n<meta property=\"og:locale\" content=\"sk_SK\" \/>\n<meta property=\"og:type\" content=\"article\" \/>\n<meta property=\"og:title\" content=\"Privacy Policy\" \/>\n<meta property=\"og:description\" content=\"1. Introduction This Privacy Policy outlines how buydriverslicense.com collects, uses, and protects your personal information when you interact with our services. We are committed to ensuring the privacy and security of your data. 2. Information Collection We collect the following types of personal information: Name Address Email address Phone number Date of birth Government-issued identification [&hellip;]\" \/>\n<meta property=\"og:url\" content=\"https:\/\/buydriverslicense.com\/sk\/zasady-ochrany-osobnych-udajov\/\" \/>\n<meta property=\"og:site_name\" content=\"Buy Drivers License Online\" \/>\n<meta property=\"article:modified_time\" content=\"2024-06-13T21:31:00+00:00\" \/>\n<meta property=\"og:image\" content=\"https:\/\/buydriverslicense.com\/wp-content\/uploads\/2024\/06\/privacy-Policy.jpg\" \/>\n<meta name=\"twitter:card\" content=\"summary_large_image\" \/>\n<meta name=\"twitter:label1\" content=\"Predpokladan\u00fd \u010das \u010d\u00edtania\" \/>\n\t<meta name=\"twitter:data1\" content=\"2 min\u00faty\" \/>\n<script type=\"application\/ld+json\" class=\"yoast-schema-graph\">{\"@context\":\"https:\\\/\\\/schema.org\",\"@graph\":[{\"@type\":\"WebPage\",\"@id\":\"https:\\\/\\\/buydriverslicense.com\\\/privacy-policy\\\/\",\"url\":\"https:\\\/\\\/buydriverslicense.com\\\/privacy-policy\\\/\",\"name\":\"Privacy Policy - Buy Drivers License Online\",\"isPartOf\":{\"@id\":\"https:\\\/\\\/buydriverslicense.com\\\/#website\"},\"primaryImageOfPage\":{\"@id\":\"https:\\\/\\\/buydriverslicense.com\\\/privacy-policy\\\/#primaryimage\"},\"image\":{\"@id\":\"https:\\\/\\\/buydriverslicense.com\\\/privacy-policy\\\/#primaryimage\"},\"thumbnailUrl\":\"https:\\\/\\\/buydriverslicense.com\\\/wp-content\\\/uploads\\\/2024\\\/06\\\/privacy-Policy.jpg\",\"datePublished\":\"2012-05-19T01:35:25+00:00\",\"dateModified\":\"2024-06-13T21:31:00+00:00\",\"breadcrumb\":{\"@id\":\"https:\\\/\\\/buydriverslicense.com\\\/privacy-policy\\\/#breadcrumb\"},\"inLanguage\":\"sk-SK\",\"potentialAction\":[{\"@type\":\"ReadAction\",\"target\":[\"https:\\\/\\\/buydriverslicense.com\\\/privacy-policy\\\/\"]}]},{\"@type\":\"ImageObject\",\"inLanguage\":\"sk-SK\",\"@id\":\"https:\\\/\\\/buydriverslicense.com\\\/privacy-policy\\\/#primaryimage\",\"url\":\"https:\\\/\\\/buydriverslicense.com\\\/wp-content\\\/uploads\\\/2024\\\/06\\\/privacy-Policy.jpg\",\"contentUrl\":\"https:\\\/\\\/buydriverslicense.com\\\/wp-content\\\/uploads\\\/2024\\\/06\\\/privacy-Policy.jpg\"},{\"@type\":\"BreadcrumbList\",\"@id\":\"https:\\\/\\\/buydriverslicense.com\\\/privacy-policy\\\/#breadcrumb\",\"itemListElement\":[{\"@type\":\"ListItem\",\"position\":1,\"name\":\"Home\",\"item\":\"https:\\\/\\\/buydriverslicense.com\\\/\"},{\"@type\":\"ListItem\",\"position\":2,\"name\":\"Privacy Policy\"}]},{\"@type\":\"WebSite\",\"@id\":\"https:\\\/\\\/buydriverslicense.com\\\/#website\",\"url\":\"https:\\\/\\\/buydriverslicense.com\\\/\",\"name\":\"Buy Drivers License Online\",\"description\":\"How to Buy Drivers License without exam\",\"potentialAction\":[{\"@type\":\"SearchAction\",\"target\":{\"@type\":\"EntryPoint\",\"urlTemplate\":\"https:\\\/\\\/buydriverslicense.com\\\/?s={search_term_string}\"},\"query-input\":{\"@type\":\"PropertyValueSpecification\",\"valueRequired\":true,\"valueName\":\"search_term_string\"}}],\"inLanguage\":\"sk-SK\"}]}<\/script>\n<!-- \/ Yoast SEO Premium plugin. -->","yoast_head_json":{"title":"Z\u00e1sady ochrany osobn\u00fdch \u00fadajov - K\u00fapte si vodi\u010dsk\u00fd preukaz online","robots":{"index":"index","follow":"follow","max-snippet":"max-snippet:-1","max-image-preview":"max-image-preview:large","max-video-preview":"max-video-preview:-1"},"canonical":"https:\/\/buydriverslicense.com\/sk\/zasady-ochrany-osobnych-udajov\/","og_locale":"sk_SK","og_type":"article","og_title":"Privacy Policy","og_description":"1. Introduction This Privacy Policy outlines how buydriverslicense.com collects, uses, and protects your personal information when you interact with our services. We are committed to ensuring the privacy and security of your data. 2. Information Collection We collect the following types of personal information: Name Address Email address Phone number Date of birth Government-issued identification [&hellip;]","og_url":"https:\/\/buydriverslicense.com\/sk\/zasady-ochrany-osobnych-udajov\/","og_site_name":"Buy Drivers License Online","article_modified_time":"2024-06-13T21:31:00+00:00","og_image":[{"url":"https:\/\/buydriverslicense.com\/wp-content\/uploads\/2024\/06\/privacy-Policy.jpg","type":"","width":"","height":""}],"twitter_card":"summary_large_image","twitter_misc":{"Predpokladan\u00fd \u010das \u010d\u00edtania":"2 min\u00faty"},"schema":{"@context":"https:\/\/schema.org","@graph":[{"@type":"WebPage","@id":"https:\/\/buydriverslicense.com\/privacy-policy\/","url":"https:\/\/buydriverslicense.com\/privacy-policy\/","name":"Z\u00e1sady ochrany osobn\u00fdch \u00fadajov - K\u00fapte si vodi\u010dsk\u00fd preukaz online","isPartOf":{"@id":"https:\/\/buydriverslicense.com\/#website"},"primaryImageOfPage":{"@id":"https:\/\/buydriverslicense.com\/privacy-policy\/#primaryimage"},"image":{"@id":"https:\/\/buydriverslicense.com\/privacy-policy\/#primaryimage"},"thumbnailUrl":"https:\/\/buydriverslicense.com\/wp-content\/uploads\/2024\/06\/privacy-Policy.jpg","datePublished":"2012-05-19T01:35:25+00:00","dateModified":"2024-06-13T21:31:00+00:00","breadcrumb":{"@id":"https:\/\/buydriverslicense.com\/privacy-policy\/#breadcrumb"},"inLanguage":"sk-SK","potentialAction":[{"@type":"ReadAction","target":["https:\/\/buydriverslicense.com\/privacy-policy\/"]}]},{"@type":"ImageObject","inLanguage":"sk-SK","@id":"https:\/\/buydriverslicense.com\/privacy-policy\/#primaryimage","url":"https:\/\/buydriverslicense.com\/wp-content\/uploads\/2024\/06\/privacy-Policy.jpg","contentUrl":"https:\/\/buydriverslicense.com\/wp-content\/uploads\/2024\/06\/privacy-Policy.jpg"},{"@type":"BreadcrumbList","@id":"https:\/\/buydriverslicense.com\/privacy-policy\/#breadcrumb","itemListElement":[{"@type":"ListItem","position":1,"name":"Home","item":"https:\/\/buydriverslicense.com\/"},{"@type":"ListItem","position":2,"name":"Privacy Policy"}]},{"@type":"WebSite","@id":"https:\/\/buydriverslicense.com\/#website","url":"https:\/\/buydriverslicense.com\/","name":"K\u00fapte si vodi\u010dsk\u00fd preukaz online","description":"Ako si k\u00fapi\u0165 vodi\u010dsk\u00fd preukaz bez sk\u00fa\u0161ky","potentialAction":[{"@type":"SearchAction","target":{"@type":"EntryPoint","urlTemplate":"https:\/\/buydriverslicense.com\/?s={search_term_string}"},"query-input":{"@type":"PropertyValueSpecification","valueRequired":true,"valueName":"search_term_string"}}],"inLanguage":"sk-SK"}]}},"_links":{"self":[{"href":"https:\/\/buydriverslicense.com\/sk\/wp-json\/wp\/v2\/pages\/3","targetHints":{"allow":["GET"]}}],"collection":[{"href":"https:\/\/buydriverslicense.com\/sk\/wp-json\/wp\/v2\/pages"}],"about":[{"href":"https:\/\/buydriverslicense.com\/sk\/wp-json\/wp\/v2\/types\/page"}],"author":[{"embeddable":true,"href":"https:\/\/buydriverslicense.com\/sk\/wp-json\/wp\/v2\/users\/1"}],"replies":[{"embeddable":true,"href":"https:\/\/buydriverslicense.com\/sk\/wp-json\/wp\/v2\/comments?post=3"}],"version-history":[{"count":0,"href":"https:\/\/buydriverslicense.com\/sk\/wp-json\/wp\/v2\/pages\/3\/revisions"}],"wp:attachment":[{"href":"https:\/\/buydriverslicense.com\/sk\/wp-json\/wp\/v2\/media?parent=3"}],"curies":[{"name":"pracovn\u00fd list","href":"https:\/\/api.w.org\/{rel}","templated":true}]}}