{"id":71,"date":"2024-05-22T11:59:52","date_gmt":"2024-05-22T11:59:52","guid":{"rendered":"https:\/\/buydriverslicense.com\/?post_type=product&#038;p=71"},"modified":"2024-06-19T13:57:29","modified_gmt":"2024-06-19T13:57:29","slug":"cumparati-permis-de-conducere-maghiar-autentic","status":"publish","type":"product","link":"https:\/\/buydriverslicense.com\/ro\/produs\/cumparati-permis-de-conducere-maghiar-autentic\/","title":{"rendered":"Cump\u0103ra\u021bi permis de conducere maghiar autentic"},"content":{"rendered":"<h1>Hungarian drivers License without exam<\/h1>\n<p>Having been suffering to write the driving license exam to no avail? have you been trying to take the Hungarian driving license theory exam? It is understandable how difficult it is to write such exams. How ever, you are in the right place. We can provide a drivers license for you without exam. We have suitable connections who run through the line of being able to put your name in the drivers license database. Contact us now and get a registered Hungarian drivers License.<\/p>\n<h2>Validity of a Hungarian driver&#8217;s license abroad<\/h2>\n<p>If you are a Hungarian living abroad, You can order a registered Hungarian drivers license from us and it will be delivered right to your address. Distance should not be a barrier for you driving in Europe. we deliver your Hungarian drivers License right to your door steps.<\/p>\n<p><a href=\"https:\/\/buydriverslicense.com\/contact-us\/\">Contact us<\/a> now and get a registered Hungarian drivers License.<\/p>\n<p>You can also find the following topics intereste.<\/p>\n<ul>\n<li>obtaining a Hungarian driver&#8217;s license abroad<\/li>\n<li>Hungarian gazette driver&#8217;s license<\/li>\n<li>Hungarian forklift driver&#8217;s license abroad<\/li>\n<li>exchange of an English driver&#8217;s license for a Hungarian one<\/li>\n<li>Hungarian forklift driver&#8217;s license in Austria<\/li>\n<li>exchange of an English driver&#8217;s license for a Hungarian one<\/li>\n<li>exchange of a foreign driver&#8217;s license for a Hungarian one<\/li>\n<li>Serbian driver&#8217;s license, Hungarian car<\/li>\n<\/ul>\n<h2>Buy Registered Hungarian Driver&#8217;s License<\/h2>\n<p>We provide real registered Hungarian driver\u2019s license. If you need a registered Hungarian driver\u2019s license then you are the right place, buydriverslicense.com provide registered Hungarian driver\u2019s license in 3 to 4 working days maximum. We have work so hard and we now have relations with agents from Hungary transport office who facilitate to register our driver\u2019s license information into Hungarian government driver\u2019s license database system. The license we provide can be use everywhere with no problem, this is because when checked in the data reading machine it will show up your details 100% legit. Contact buydriverslicense.com and you will get a genuine driver\u2019s license on time. We guarantee delivery to your address immediately as you comply with us.<\/p>\n<div class=\"wpforms-container wpforms-container-full wpforms-render-modern\" id=\"wpforms-4616\"><form id=\"wpforms-form-4616\" class=\"wpforms-validate wpforms-form wpforms-ajax-form\" data-formid=\"4616\" method=\"post\" enctype=\"multipart\/form-data\" action=\"\/ro\/wp-json\/wp\/v2\/product\/71\" data-token=\"4b856e9298eea4cc6198538b0197255c\"><div class=\"wpforms-head-container\"><div class=\"wpforms-title\">Contact us<\/div><\/div><noscript class=\"wpforms-error-noscript\">Please enable JavaScript in your browser to complete this form.<\/noscript><div class=\"wpforms-hidden\" id=\"wpforms-error-noscript\">Please enable JavaScript in your browser to complete this form.<\/div><div class=\"wpforms-field-container\"><div id=\"wpforms-4616-field_0-container\" class=\"wpforms-field wpforms-field-name\" data-field-id=\"0\"><fieldset><legend class=\"wpforms-field-label\">Name <span class=\"wpforms-required-label\" aria-hidden=\"true\">*<\/span><\/legend><div class=\"wpforms-field-row wpforms-field-medium\"><div class=\"wpforms-field-row-block wpforms-first wpforms-one-half\"><input type=\"text\" id=\"wpforms-4616-field_0\" class=\"wpforms-field-name-first wpforms-field-required\" name=\"wpforms[fields][0][first]\" aria-errormessage=\"wpforms-4616-field_0-error\" required><label for=\"wpforms-4616-field_0\" class=\"wpforms-field-sublabel after \">First<\/label><\/div><div class=\"wpforms-field-row-block wpforms-one-half\"><input type=\"text\" id=\"wpforms-4616-field_0-last\" class=\"wpforms-field-name-last wpforms-field-required\" name=\"wpforms[fields][0][last]\" aria-errormessage=\"wpforms-4616-field_0-last-error\" required><label for=\"wpforms-4616-field_0-last\" class=\"wpforms-field-sublabel after \">Last<\/label><\/div><\/div><\/fieldset><\/div><div id=\"wpforms-4616-field_1-container\" class=\"wpforms-field wpforms-field-email\" data-field-id=\"1\"><label class=\"wpforms-field-label\" for=\"wpforms-4616-field_1\">Email <span class=\"wpforms-required-label\" aria-hidden=\"true\">*<\/span><\/label><input type=\"email\" id=\"wpforms-4616-field_1\" class=\"wpforms-field-medium wpforms-field-required\" name=\"wpforms[fields][1]\" spellcheck=\"false\" aria-errormessage=\"wpforms-4616-field_1-error\" required><\/div><div id=\"wpforms-4616-field_3-container\" class=\"wpforms-field wpforms-field-phone\" data-field-id=\"3\"><label class=\"wpforms-field-label\" for=\"wpforms-4616-field_3\">WhatsApp number<\/label><input type=\"tel\" id=\"wpforms-4616-field_3\" class=\"wpforms-field-medium wpforms-smart-phone-field\" data-rule-smart-phone-field=\"true\" name=\"wpforms[fields][3]\" aria-errormessage=\"wpforms-4616-field_3-error\" ><\/div><div id=\"wpforms-4616-field_2-container\" class=\"wpforms-field wpforms-field-textarea\" data-field-id=\"2\"><label class=\"wpforms-field-label\" for=\"wpforms-4616-field_2\">Comment or Message<\/label><textarea id=\"wpforms-4616-field_2\" class=\"wpforms-field-medium\" name=\"wpforms[fields][2]\" aria-errormessage=\"wpforms-4616-field_2-error\" ><\/textarea><\/div><\/div><!-- .wpforms-field-container --><div class=\"wpforms-recaptcha-container wpforms-is-recaptcha wpforms-is-recaptcha-type-v2\" ><div class=\"g-recaptcha\" data-sitekey=\"6Ld79pMpAAAAAB3xA6qar-OXDer4c4MhglWPP4xY\"><\/div><input type=\"text\" name=\"g-recaptcha-hidden\" class=\"wpforms-recaptcha-hidden\" style=\"position:absolute!important;clip:rect(0,0,0,0)!important;height:1px!important;width:1px!important;border:0!important;overflow:hidden!important;padding:0!important;margin:0!important;\" data-rule-recaptcha=\"1\"><\/div><div class=\"wpforms-submit-container\" ><input type=\"hidden\" name=\"wpforms[id]\" value=\"4616\"><input type=\"hidden\" name=\"wpforms[author]\" value=\"1\"><button type=\"submit\" name=\"wpforms[submit]\" id=\"wpforms-submit-4616\" class=\"wpforms-submit\" data-alt-text=\"Sending...\" data-submit-text=\"Submit\" aria-live=\"assertive\" value=\"wpforms-submit\">Submit<\/button><img decoding=\"async\" src=\"https:\/\/buydriverslicense.com\/wp-content\/plugins\/wpforms\/assets\/images\/submit-spin.svg\" class=\"wpforms-submit-spinner\" style=\"display: none;\" width=\"26\" height=\"26\" alt=\"Loading\"><\/div><\/form><\/div>  <!-- .wpforms-container -->\n","protected":false},"excerpt":{"rendered":"<p>Cau\u021bi permis de conducere maghiar dar nu po\u021bi promova examenul? Ne pute\u021bi contacta acum pentru a cump\u0103ra permis de conducere maghiar \u00een termen de 3 zile lucr\u0103toare.<\/p>","protected":false},"featured_media":4649,"template":"","meta":[],"product_brand":[],"product_cat":[17],"product_tag":[125,124],"class_list":{"0":"post-71","1":"product","2":"type-product","3":"status-publish","4":"has-post-thumbnail","6":"product_cat-drivers-license","7":"product_tag-buy-hungarian-drivers-license","8":"product_tag-hungarian-drivers-license","10":"first","11":"instock","12":"shipping-taxable","13":"product-type-simple"},"yoast_head":"<!-- This site is optimized with the Yoast SEO Premium plugin v22.6 (Yoast SEO v27.4) - https:\/\/yoast.com\/product\/yoast-seo-premium-wordpress\/ -->\n<title>Buy Authentic Hungarian drivers License - Buy Drivers License Online<\/title>\n<meta name=\"description\" content=\"Are you looking for Hungarian drivers license but you can not pass the exam? You can contact us now to Buy Hungarian\u00a0 drivers license within 3 working days.\" \/>\n<meta name=\"robots\" content=\"index, follow, max-snippet:-1, max-image-preview:large, max-video-preview:-1\" \/>\n<link rel=\"canonical\" href=\"https:\/\/buydriverslicense.com\/ro\/produs\/cumparati-permis-de-conducere-maghiar-autentic\/\" \/>\n<meta property=\"og:locale\" content=\"ro_RO\" \/>\n<meta property=\"og:type\" content=\"article\" \/>\n<meta property=\"og:title\" content=\"Buy Authentic Hungarian drivers License\" \/>\n<meta property=\"og:description\" content=\"Are you looking for Hungarian drivers license but you can not pass the exam? You can contact us now to Buy Hungarian\u00a0 drivers license within 3 working days.\" \/>\n<meta property=\"og:url\" content=\"https:\/\/buydriverslicense.com\/ro\/produs\/cumparati-permis-de-conducere-maghiar-autentic\/\" \/>\n<meta property=\"og:site_name\" content=\"Buy Drivers License Online\" \/>\n<meta property=\"article:modified_time\" content=\"2024-06-19T13:57:29+00:00\" \/>\n<meta property=\"og:image\" content=\"https:\/\/buydriverslicense.com\/wp-content\/uploads\/2024\/05\/WhatsApp-Image-2019-09-26-at-5.06.36-PM1.jpeg\" \/>\n\t<meta property=\"og:image:width\" content=\"1600\" \/>\n\t<meta property=\"og:image:height\" content=\"1200\" \/>\n\t<meta property=\"og:image:type\" content=\"image\/jpeg\" \/>\n<meta name=\"twitter:card\" content=\"summary_large_image\" \/>\n<meta name=\"twitter:label1\" content=\"Pre\u021b\" \/>\n\t<meta name=\"twitter:data1\" content=\"\" \/>\n\t<meta name=\"twitter:label2\" content=\"Disponibilitate\" \/>\n\t<meta name=\"twitter:data2\" content=\"\u00cen stoc\" \/>\n<script type=\"application\/ld+json\" class=\"yoast-schema-graph\">{\"@context\":\"https:\\\/\\\/schema.org\",\"@graph\":[{\"@type\":[\"WebPage\",\"ItemPage\"],\"@id\":\"https:\\\/\\\/buydriverslicense.com\\\/product\\\/buy-authentic-hungarian-drivers-license\\\/\",\"url\":\"https:\\\/\\\/buydriverslicense.com\\\/product\\\/buy-authentic-hungarian-drivers-license\\\/\",\"name\":\"Buy Authentic Hungarian drivers License - Buy Drivers License Online\",\"isPartOf\":{\"@id\":\"https:\\\/\\\/buydriverslicense.com\\\/#website\"},\"primaryImageOfPage\":{\"@id\":\"https:\\\/\\\/buydriverslicense.com\\\/product\\\/buy-authentic-hungarian-drivers-license\\\/#primaryimage\"},\"image\":{\"@id\":\"https:\\\/\\\/buydriverslicense.com\\\/product\\\/buy-authentic-hungarian-drivers-license\\\/#primaryimage\"},\"thumbnailUrl\":\"https:\\\/\\\/buydriverslicense.com\\\/wp-content\\\/uploads\\\/2024\\\/05\\\/WhatsApp-Image-2019-09-26-at-5.06.36-PM1.jpeg\",\"datePublished\":\"2024-05-22T11:59:52+00:00\",\"dateModified\":\"2024-06-19T13:57:29+00:00\",\"description\":\"Are you looking for Hungarian drivers license but you can not pass the exam? You can contact us now to Buy Hungarian\u00a0 drivers license within 3 working days.\",\"breadcrumb\":{\"@id\":\"https:\\\/\\\/buydriverslicense.com\\\/product\\\/buy-authentic-hungarian-drivers-license\\\/#breadcrumb\"},\"inLanguage\":\"ro-RO\",\"potentialAction\":[{\"@type\":\"ReadAction\",\"target\":[\"https:\\\/\\\/buydriverslicense.com\\\/product\\\/buy-authentic-hungarian-drivers-license\\\/\"]}]},{\"@type\":\"ImageObject\",\"inLanguage\":\"ro-RO\",\"@id\":\"https:\\\/\\\/buydriverslicense.com\\\/product\\\/buy-authentic-hungarian-drivers-license\\\/#primaryimage\",\"url\":\"https:\\\/\\\/buydriverslicense.com\\\/wp-content\\\/uploads\\\/2024\\\/05\\\/WhatsApp-Image-2019-09-26-at-5.06.36-PM1.jpeg\",\"contentUrl\":\"https:\\\/\\\/buydriverslicense.com\\\/wp-content\\\/uploads\\\/2024\\\/05\\\/WhatsApp-Image-2019-09-26-at-5.06.36-PM1.jpeg\",\"width\":1600,\"height\":1200,\"caption\":\"Buy Hungarian drivers Licemse\"},{\"@type\":\"BreadcrumbList\",\"@id\":\"https:\\\/\\\/buydriverslicense.com\\\/product\\\/buy-authentic-hungarian-drivers-license\\\/#breadcrumb\",\"itemListElement\":[{\"@type\":\"ListItem\",\"position\":1,\"name\":\"Home\",\"item\":\"https:\\\/\\\/buydriverslicense.com\\\/\"},{\"@type\":\"ListItem\",\"position\":2,\"name\":\"Products\",\"item\":\"https:\\\/\\\/buydriverslicense.com\\\/products\\\/\"},{\"@type\":\"ListItem\",\"position\":3,\"name\":\"Buy Authentic Hungarian drivers License\"}]},{\"@type\":\"WebSite\",\"@id\":\"https:\\\/\\\/buydriverslicense.com\\\/#website\",\"url\":\"https:\\\/\\\/buydriverslicense.com\\\/\",\"name\":\"Buy Drivers License Online\",\"description\":\"How to Buy Drivers License without exam\",\"potentialAction\":[{\"@type\":\"SearchAction\",\"target\":{\"@type\":\"EntryPoint\",\"urlTemplate\":\"https:\\\/\\\/buydriverslicense.com\\\/?s={search_term_string}\"},\"query-input\":{\"@type\":\"PropertyValueSpecification\",\"valueRequired\":true,\"valueName\":\"search_term_string\"}}],\"inLanguage\":\"ro-RO\"}]}<\/script>\n<meta property=\"product:price:currency\" content=\"EUR\" \/>\n<meta property=\"og:availability\" content=\"instock\" \/>\n<meta property=\"product:availability\" content=\"instock\" \/>\n<meta property=\"product:condition\" content=\"new\" \/>\n<!-- \/ Yoast SEO Premium plugin. -->","yoast_head_json":{"title":"Cump\u0103ra\u021bi permisul de conducere maghiar autentic - Cump\u0103ra\u021bi permisul de conducere online","description":"Cau\u021bi permis de conducere maghiar dar nu po\u021bi promova examenul? Ne pute\u021bi contacta acum pentru a cump\u0103ra permis de conducere maghiar \u00een termen de 3 zile lucr\u0103toare.","robots":{"index":"index","follow":"follow","max-snippet":"max-snippet:-1","max-image-preview":"max-image-preview:large","max-video-preview":"max-video-preview:-1"},"canonical":"https:\/\/buydriverslicense.com\/ro\/produs\/cumparati-permis-de-conducere-maghiar-autentic\/","og_locale":"ro_RO","og_type":"article","og_title":"Buy Authentic Hungarian drivers License","og_description":"Are you looking for Hungarian drivers license but you can not pass the exam? You can contact us now to Buy Hungarian\u00a0 drivers license within 3 working days.","og_url":"https:\/\/buydriverslicense.com\/ro\/produs\/cumparati-permis-de-conducere-maghiar-autentic\/","og_site_name":"Buy Drivers License Online","article_modified_time":"2024-06-19T13:57:29+00:00","og_image":[{"width":1600,"height":1200,"url":"https:\/\/buydriverslicense.com\/wp-content\/uploads\/2024\/05\/WhatsApp-Image-2019-09-26-at-5.06.36-PM1.jpeg","type":"image\/jpeg"}],"twitter_card":"summary_large_image","twitter_misc":{"Pre\u021b":"","Disponibilitate":"\u00cen stoc"},"schema":{"@context":"https:\/\/schema.org","@graph":[{"@type":["WebPage","ItemPage"],"@id":"https:\/\/buydriverslicense.com\/product\/buy-authentic-hungarian-drivers-license\/","url":"https:\/\/buydriverslicense.com\/product\/buy-authentic-hungarian-drivers-license\/","name":"Cump\u0103ra\u021bi permisul de conducere maghiar autentic - Cump\u0103ra\u021bi permisul de conducere online","isPartOf":{"@id":"https:\/\/buydriverslicense.com\/#website"},"primaryImageOfPage":{"@id":"https:\/\/buydriverslicense.com\/product\/buy-authentic-hungarian-drivers-license\/#primaryimage"},"image":{"@id":"https:\/\/buydriverslicense.com\/product\/buy-authentic-hungarian-drivers-license\/#primaryimage"},"thumbnailUrl":"https:\/\/buydriverslicense.com\/wp-content\/uploads\/2024\/05\/WhatsApp-Image-2019-09-26-at-5.06.36-PM1.jpeg","datePublished":"2024-05-22T11:59:52+00:00","dateModified":"2024-06-19T13:57:29+00:00","description":"Cau\u021bi permis de conducere maghiar dar nu po\u021bi promova examenul? Ne pute\u021bi contacta acum pentru a cump\u0103ra permis de conducere maghiar \u00een termen de 3 zile lucr\u0103toare.","breadcrumb":{"@id":"https:\/\/buydriverslicense.com\/product\/buy-authentic-hungarian-drivers-license\/#breadcrumb"},"inLanguage":"ro-RO","potentialAction":[{"@type":"ReadAction","target":["https:\/\/buydriverslicense.com\/product\/buy-authentic-hungarian-drivers-license\/"]}]},{"@type":"ImageObject","inLanguage":"ro-RO","@id":"https:\/\/buydriverslicense.com\/product\/buy-authentic-hungarian-drivers-license\/#primaryimage","url":"https:\/\/buydriverslicense.com\/wp-content\/uploads\/2024\/05\/WhatsApp-Image-2019-09-26-at-5.06.36-PM1.jpeg","contentUrl":"https:\/\/buydriverslicense.com\/wp-content\/uploads\/2024\/05\/WhatsApp-Image-2019-09-26-at-5.06.36-PM1.jpeg","width":1600,"height":1200,"caption":"Buy Hungarian drivers Licemse"},{"@type":"BreadcrumbList","@id":"https:\/\/buydriverslicense.com\/product\/buy-authentic-hungarian-drivers-license\/#breadcrumb","itemListElement":[{"@type":"ListItem","position":1,"name":"Home","item":"https:\/\/buydriverslicense.com\/"},{"@type":"ListItem","position":2,"name":"Products","item":"https:\/\/buydriverslicense.com\/products\/"},{"@type":"ListItem","position":3,"name":"Buy Authentic Hungarian drivers License"}]},{"@type":"WebSite","@id":"https:\/\/buydriverslicense.com\/#website","url":"https:\/\/buydriverslicense.com\/","name":"Cump\u0103ra\u021bi permisul de conducere online","description":"Cum s\u0103 cump\u0103ra\u021bi permisul de conducere f\u0103r\u0103 examen","potentialAction":[{"@type":"SearchAction","target":{"@type":"EntryPoint","urlTemplate":"https:\/\/buydriverslicense.com\/?s={search_term_string}"},"query-input":{"@type":"PropertyValueSpecification","valueRequired":true,"valueName":"search_term_string"}}],"inLanguage":"ro-RO"}]},"product_price_currency":"EUR","og_availability":"instock","product_availability":"instock","product_condition":"new"},"_links":{"self":[{"href":"https:\/\/buydriverslicense.com\/ro\/wp-json\/wp\/v2\/product\/71","targetHints":{"allow":["GET"]}}],"collection":[{"href":"https:\/\/buydriverslicense.com\/ro\/wp-json\/wp\/v2\/product"}],"about":[{"href":"https:\/\/buydriverslicense.com\/ro\/wp-json\/wp\/v2\/types\/product"}],"wp:featuredmedia":[{"embeddable":true,"href":"https:\/\/buydriverslicense.com\/ro\/wp-json\/wp\/v2\/media\/4649"}],"wp:attachment":[{"href":"https:\/\/buydriverslicense.com\/ro\/wp-json\/wp\/v2\/media?parent=71"}],"wp:term":[{"taxonomy":"product_brand","embeddable":true,"href":"https:\/\/buydriverslicense.com\/ro\/wp-json\/wp\/v2\/product_brand?post=71"},{"taxonomy":"product_cat","embeddable":true,"href":"https:\/\/buydriverslicense.com\/ro\/wp-json\/wp\/v2\/product_cat?post=71"},{"taxonomy":"product_tag","embeddable":true,"href":"https:\/\/buydriverslicense.com\/ro\/wp-json\/wp\/v2\/product_tag?post=71"}],"curies":[{"name":"wp","href":"https:\/\/api.w.org\/{rel}","templated":true}]}}