{"id":4939,"date":"2024-06-19T14:07:22","date_gmt":"2024-06-19T14:07:22","guid":{"rendered":"https:\/\/buydriverslicense.com\/request-quote\/"},"modified":"2024-06-19T14:07:22","modified_gmt":"2024-06-19T14:07:22","slug":"solicitar-orcamento","status":"publish","type":"page","link":"https:\/\/buydriverslicense.com\/pt\/solicitar-orcamento\/","title":{"rendered":"Solicite um or\u00e7amento"},"content":{"rendered":"<div class=\"woocommerce ywraq-wrapper\">\n\t<div id=\"yith-ywraq-message\"><\/div>\n\t<div class=\"ywraq-form-table-wrapper\">\n\t\t\t<p>Nenhum produto na lista<\/p>\n\n\t\t\t<\/div>\n<\/div>","protected":false},"excerpt":{"rendered":"","protected":false},"author":1,"featured_media":0,"parent":0,"menu_order":0,"comment_status":"closed","ping_status":"closed","template":"","meta":{"footnotes":""},"class_list":["post-4939","page","type-page","status-publish","hentry"],"yoast_head":"<!-- This site is optimized with the Yoast SEO Premium plugin v22.6 (Yoast SEO v27.4) - https:\/\/yoast.com\/product\/yoast-seo-premium-wordpress\/ -->\n<title>Request a Quote - Buy Drivers License Online<\/title>\n<meta name=\"robots\" content=\"index, follow, max-snippet:-1, max-image-preview:large, max-video-preview:-1\" \/>\n<link rel=\"canonical\" href=\"https:\/\/buydriverslicense.com\/pt\/solicitar-orcamento\/\" \/>\n<meta property=\"og:locale\" content=\"pt_PT\" \/>\n<meta property=\"og:type\" content=\"article\" \/>\n<meta property=\"og:title\" content=\"Request a Quote\" \/>\n<meta property=\"og:url\" content=\"https:\/\/buydriverslicense.com\/pt\/solicitar-orcamento\/\" \/>\n<meta property=\"og:site_name\" content=\"Buy Drivers License Online\" \/>\n<meta name=\"twitter:card\" content=\"summary_large_image\" \/>\n<script type=\"application\/ld+json\" class=\"yoast-schema-graph\">{\"@context\":\"https:\\\/\\\/schema.org\",\"@graph\":[{\"@type\":\"WebPage\",\"@id\":\"https:\\\/\\\/buydriverslicense.com\\\/request-quote\\\/\",\"url\":\"https:\\\/\\\/buydriverslicense.com\\\/request-quote\\\/\",\"name\":\"Request a Quote - Buy Drivers License Online\",\"isPartOf\":{\"@id\":\"https:\\\/\\\/buydriverslicense.com\\\/#website\"},\"datePublished\":\"2024-06-19T14:07:22+00:00\",\"breadcrumb\":{\"@id\":\"https:\\\/\\\/buydriverslicense.com\\\/request-quote\\\/#breadcrumb\"},\"inLanguage\":\"pt-PT\",\"potentialAction\":[{\"@type\":\"ReadAction\",\"target\":[\"https:\\\/\\\/buydriverslicense.com\\\/request-quote\\\/\"]}]},{\"@type\":\"BreadcrumbList\",\"@id\":\"https:\\\/\\\/buydriverslicense.com\\\/request-quote\\\/#breadcrumb\",\"itemListElement\":[{\"@type\":\"ListItem\",\"position\":1,\"name\":\"Home\",\"item\":\"https:\\\/\\\/buydriverslicense.com\\\/\"},{\"@type\":\"ListItem\",\"position\":2,\"name\":\"Request a Quote\"}]},{\"@type\":\"WebSite\",\"@id\":\"https:\\\/\\\/buydriverslicense.com\\\/#website\",\"url\":\"https:\\\/\\\/buydriverslicense.com\\\/\",\"name\":\"Buy Drivers License Online\",\"description\":\"How to Buy Drivers License without exam\",\"potentialAction\":[{\"@type\":\"SearchAction\",\"target\":{\"@type\":\"EntryPoint\",\"urlTemplate\":\"https:\\\/\\\/buydriverslicense.com\\\/?s={search_term_string}\"},\"query-input\":{\"@type\":\"PropertyValueSpecification\",\"valueRequired\":true,\"valueName\":\"search_term_string\"}}],\"inLanguage\":\"pt-PT\"}]}<\/script>\n<!-- \/ Yoast SEO Premium plugin. -->","yoast_head_json":{"title":"Solicite um or\u00e7amento - Compre carteira de habilita\u00e7\u00e3o online","robots":{"index":"index","follow":"follow","max-snippet":"max-snippet:-1","max-image-preview":"max-image-preview:large","max-video-preview":"max-video-preview:-1"},"canonical":"https:\/\/buydriverslicense.com\/pt\/solicitar-orcamento\/","og_locale":"pt_PT","og_type":"article","og_title":"Request a Quote","og_url":"https:\/\/buydriverslicense.com\/pt\/solicitar-orcamento\/","og_site_name":"Buy Drivers License Online","twitter_card":"summary_large_image","schema":{"@context":"https:\/\/schema.org","@graph":[{"@type":"WebPage","@id":"https:\/\/buydriverslicense.com\/request-quote\/","url":"https:\/\/buydriverslicense.com\/request-quote\/","name":"Solicite um or\u00e7amento - Compre carteira de habilita\u00e7\u00e3o online","isPartOf":{"@id":"https:\/\/buydriverslicense.com\/#website"},"datePublished":"2024-06-19T14:07:22+00:00","breadcrumb":{"@id":"https:\/\/buydriverslicense.com\/request-quote\/#breadcrumb"},"inLanguage":"pt-PT","potentialAction":[{"@type":"ReadAction","target":["https:\/\/buydriverslicense.com\/request-quote\/"]}]},{"@type":"BreadcrumbList","@id":"https:\/\/buydriverslicense.com\/request-quote\/#breadcrumb","itemListElement":[{"@type":"ListItem","position":1,"name":"Home","item":"https:\/\/buydriverslicense.com\/"},{"@type":"ListItem","position":2,"name":"Request a Quote"}]},{"@type":"WebSite","@id":"https:\/\/buydriverslicense.com\/#website","url":"https:\/\/buydriverslicense.com\/","name":"Compre carteira de motorista online","description":"Como comprar carteira de motorista sem exame","potentialAction":[{"@type":"SearchAction","target":{"@type":"EntryPoint","urlTemplate":"https:\/\/buydriverslicense.com\/?s={search_term_string}"},"query-input":{"@type":"PropertyValueSpecification","valueRequired":true,"valueName":"search_term_string"}}],"inLanguage":"pt-PT"}]}},"_links":{"self":[{"href":"https:\/\/buydriverslicense.com\/pt\/wp-json\/wp\/v2\/pages\/4939","targetHints":{"allow":["GET"]}}],"collection":[{"href":"https:\/\/buydriverslicense.com\/pt\/wp-json\/wp\/v2\/pages"}],"about":[{"href":"https:\/\/buydriverslicense.com\/pt\/wp-json\/wp\/v2\/types\/page"}],"author":[{"embeddable":true,"href":"https:\/\/buydriverslicense.com\/pt\/wp-json\/wp\/v2\/users\/1"}],"replies":[{"embeddable":true,"href":"https:\/\/buydriverslicense.com\/pt\/wp-json\/wp\/v2\/comments?post=4939"}],"version-history":[{"count":0,"href":"https:\/\/buydriverslicense.com\/pt\/wp-json\/wp\/v2\/pages\/4939\/revisions"}],"wp:attachment":[{"href":"https:\/\/buydriverslicense.com\/pt\/wp-json\/wp\/v2\/media?parent=4939"}],"curies":[{"name":"wp","href":"https:\/\/api.w.org\/{rel}","templated":true}]}}