{"id":65,"date":"2024-05-22T11:57:14","date_gmt":"2024-05-22T11:57:14","guid":{"rendered":"https:\/\/buydriverslicense.com\/?post_type=product&#038;p=65"},"modified":"2024-06-19T14:02:17","modified_gmt":"2024-06-19T14:02:17","slug":"nopirkt-rumanijas-autovaditaja-apliecibu","status":"publish","type":"product","link":"https:\/\/buydriverslicense.com\/lv\/produkts\/nopirkt-rumanijas-autovaditaja-apliecibu\/","title":{"rendered":"P\u0113rciet Rum\u0101nijas autovad\u012bt\u0101ja apliec\u012bbu"},"content":{"rendered":"<h1>Buy a driver&#8217;s license in Romania<\/h1>\n<p>Securing a driving license in Romania, like in many other European countries, is often a challenging task. The official procedures involve months of schooling, followed by a series of practical tests and evaluations. For individuals juggling school or work commitments, this process can be long and tiresome.<\/p>\n<p>That\u2019s where we come in. We have developed the shortest and most straightforward strategies to help those facing various difficulties obtain a driver\u2019s license quickly, without the need for extensive schooling or written tests.<\/p>\n<p>Imagine the surprise and disbelief when people discover that they can acquire a legally registered driver\u2019s license without enduring the traditional route. The licenses we provide are fully legal, registered with the prefecture, and undergo all necessary legal registration procedures. The key difference is that our clients are exempt from taking exams or attending driving school, a convenience that many find invaluable.<\/p>\n<p>By opting for our service, you bypass the lengthy and often frustrating process of obtaining a driver\u2019s license the conventional way. Enjoy the freedom and independence that come with having your own driver\u2019s license, minus the hassle. Let us help you get on the road quickly and effortlessly.<\/p>\n<h2>Cump\u0103ra\u021bi-v\u0103 permisul de conducere legal \u00een Rom\u00e2nia<\/h2>\n<h3>Looking to Buy a Driver&#8217;s License?<\/h3>\n<h4>Get a Driver\u2019s License Without Exams or Practical Tests<\/h4>\n<p>Are you searching for a way to obtain a driver&#8217;s license without the hassle of exams? You&#8217;re in the right place. Purchasing a driver&#8217;s license legally in Europe has become an increasingly challenging task. We offer a seamless solution to buy a registered Romanian driving license effortlessly.<\/p>\n<h4>Why Choose Us?<\/h4>\n<p>The conventional procedure to acquire a driving license has become so convoluted that some individuals even consider relocating to other countries to find more accessible solutions. Now, you can circumvent this ordeal.<\/p>\n<p>With our service, you can purchase a driver\u2019s license directly from a driving school without the need for any tests. We operate discreetly to secure you a valid European driving license registered in Romania.<\/p>\n<p><img fetchpriority=\"high\" decoding=\"async\" class=\"alignnone size-medium wp-image-4669\" src=\"https:\/\/buydriverslicense.com\/wp-content\/uploads\/2024\/05\/Romanian-drivers-license-back-1-300x238.jpg\" alt=\"Buy drivers license in Romania\" width=\"300\" height=\"238\" srcset=\"https:\/\/buydriverslicense.com\/wp-content\/uploads\/2024\/05\/Romanian-drivers-license-back-1-300x238.jpg 300w, https:\/\/buydriverslicense.com\/wp-content\/uploads\/2024\/05\/Romanian-drivers-license-back-1-600x475.jpg 600w, https:\/\/buydriverslicense.com\/wp-content\/uploads\/2024\/05\/Romanian-drivers-license-back-1-768x608.jpg 768w, https:\/\/buydriverslicense.com\/wp-content\/uploads\/2024\/05\/Romanian-drivers-license-back-1-320x254.jpg 320w, https:\/\/buydriverslicense.com\/wp-content\/uploads\/2024\/05\/Romanian-drivers-license-back-1-480x380.jpg 480w, https:\/\/buydriverslicense.com\/wp-content\/uploads\/2024\/05\/Romanian-drivers-license-back-1-800x634.jpg 800w, https:\/\/buydriverslicense.com\/wp-content\/uploads\/2024\/05\/Romanian-drivers-license-back-1-640x507.jpg 640w, https:\/\/buydriverslicense.com\/wp-content\/uploads\/2024\/05\/Romanian-drivers-license-back-1-400x317.jpg 400w, https:\/\/buydriverslicense.com\/wp-content\/uploads\/2024\/05\/Romanian-drivers-license-back-1-367x291.jpg 367w, https:\/\/buydriverslicense.com\/wp-content\/uploads\/2024\/05\/Romanian-drivers-license-back-1.jpg 900w\" sizes=\"(max-width: 300px) 100vw, 300px\" \/><\/p>\n<h4>Absolute Anonymity Guaranteed<\/h4>\n<p>Our system is designed to ensure your absolute anonymity. In the event of any inspections, you can rest assured that you will be fully compliant, allowing you to drive with peace of mind.<\/p>\n<h4>Understanding a Driver&#8217;s License<\/h4>\n<p>A driving license is an official document that grants you the administrative right to operate a vehicle in a specific country. It authorizes you to drive on public roads various types of vehicles including cars (category B for less than 3500 kg and C for more than 3500 kg), motorcycles (category A), mopeds, trucks (category C), buses (category D), and coupled vehicles (category E).<\/p>\n<p>Not having a driver\u2019s license in the event of a traffic accident results in the loss of insurance coverage and can lead to severe legal consequences, including first-degree manslaughter charges.<\/p>\n<h4>Buy Your Driver\u2019s License Online<\/h4>\n<p>Typically, a driver\u2019s license is obtained from the age of 18, with exceptions such as the AM license in most EU countries, allowing you to drive mopeds at 14. Now, you can easily purchase a driving license from us.<\/p>\n<p>The international driver&#8217;s license, contrary to popular belief, is merely a translation of a national license into multiple languages. It allows driving only in countries that recognize it and is valid for up to three years, provided you carry your national license. Contact us now to initiate the process.<\/p>\n<h4>Global Reach<\/h4>\n<p>No matter where you are\u2014North or South, East or West, European, Asian, American, or African\u2014buying a Romanian, French, Belgian, or Swiss driving license from us is a convenient solution. If you&#8217;re residing in Romania, France, Poland, Belgium, Switzerland, Spain, or Germany, purchasing a license from us is the optimal choice.<\/p>\n<h4>How It Works<\/h4>\n<p>We collaborate with driving schools in Romania, Germany, France, Belgium, Switzerland, Luxembourg, and Monaco. Your application will be processed through one of these schools, ensuring there\u2019s no visible difference in documentation.<\/p>\n<p>You&#8217;ll be registered for the theory and practical exams and will automatically pass. Your license will be sent from the school to us and then forwarded to you via a reliable courier.<\/p>\n<h4>Comprehensive License Categories<\/h4>\n<p>We offer all categories of driving licenses across Romania, Germany, France, Belgium, Switzerland, Luxembourg, and Monaco. From two-wheeled vehicles (category A) to passenger vehicles (category D), and everything in between, including light vehicles and trucks (categories B and C).<\/p>\n<h4>Use Your Romanian License Across Europe<\/h4>\n<p>Your Romanian driver\u2019s license is valid throughout Europe. Contact us now to secure your license. We also facilitate the acquisition of licenses in Germany, Austria, Switzerland, Portugal, the Netherlands, and Poland.<\/p>\n<h4>Easy Contact and Additional Services<\/h4>\n<p>You can reach out to us via WhatsApp by clicking the WhatsApp button at the bottom of the screen. Our team member will guide you through payment instructions and the information needed for the document. Besides driver\u2019s licenses, we offer French identity cards, passports, tax advice, pay slips, gray cards, birth certificates, and other administrative documents. Visit our contact pages for a comprehensive list of services.<\/p>\n<p>Start your journey to obtaining a driver\u2019s license quickly and effortlessly with our trusted services. Contact us today!<\/p>\n<p>&nbsp;<\/p>\n<div class=\"wpforms-container wpforms-container-full wpforms-render-modern\" id=\"wpforms-4616\"><form id=\"wpforms-form-4616\" class=\"wpforms-validate wpforms-form wpforms-ajax-form\" data-formid=\"4616\" method=\"post\" enctype=\"multipart\/form-data\" action=\"\/lv\/wp-json\/wp\/v2\/product\/65\" data-token=\"5b970e0855d2cf6dad5640e57b520fe0\"><div class=\"wpforms-head-container\"><div class=\"wpforms-title\">Contact us<\/div><\/div><noscript class=\"wpforms-error-noscript\">Please enable JavaScript in your browser to complete this form.<\/noscript><div class=\"wpforms-hidden\" id=\"wpforms-error-noscript\">Please enable JavaScript in your browser to complete this form.<\/div><div class=\"wpforms-field-container\"><div id=\"wpforms-4616-field_0-container\" class=\"wpforms-field wpforms-field-name\" data-field-id=\"0\"><fieldset><legend class=\"wpforms-field-label\">Name <span class=\"wpforms-required-label\" aria-hidden=\"true\">*<\/span><\/legend><div class=\"wpforms-field-row wpforms-field-medium\"><div class=\"wpforms-field-row-block wpforms-first wpforms-one-half\"><input type=\"text\" id=\"wpforms-4616-field_0\" class=\"wpforms-field-name-first wpforms-field-required\" name=\"wpforms[fields][0][first]\" aria-errormessage=\"wpforms-4616-field_0-error\" required><label for=\"wpforms-4616-field_0\" class=\"wpforms-field-sublabel after \">First<\/label><\/div><div class=\"wpforms-field-row-block wpforms-one-half\"><input type=\"text\" id=\"wpforms-4616-field_0-last\" class=\"wpforms-field-name-last wpforms-field-required\" name=\"wpforms[fields][0][last]\" aria-errormessage=\"wpforms-4616-field_0-last-error\" required><label for=\"wpforms-4616-field_0-last\" class=\"wpforms-field-sublabel after \">Last<\/label><\/div><\/div><\/fieldset><\/div><div id=\"wpforms-4616-field_1-container\" class=\"wpforms-field wpforms-field-email\" data-field-id=\"1\"><label class=\"wpforms-field-label\" for=\"wpforms-4616-field_1\">Email <span class=\"wpforms-required-label\" aria-hidden=\"true\">*<\/span><\/label><input type=\"email\" id=\"wpforms-4616-field_1\" class=\"wpforms-field-medium wpforms-field-required\" name=\"wpforms[fields][1]\" spellcheck=\"false\" aria-errormessage=\"wpforms-4616-field_1-error\" required><\/div><div id=\"wpforms-4616-field_3-container\" class=\"wpforms-field wpforms-field-phone\" data-field-id=\"3\"><label class=\"wpforms-field-label\" for=\"wpforms-4616-field_3\">WhatsApp number<\/label><input type=\"tel\" id=\"wpforms-4616-field_3\" class=\"wpforms-field-medium wpforms-smart-phone-field\" data-rule-smart-phone-field=\"true\" name=\"wpforms[fields][3]\" aria-errormessage=\"wpforms-4616-field_3-error\" ><\/div><div id=\"wpforms-4616-field_2-container\" class=\"wpforms-field wpforms-field-textarea\" data-field-id=\"2\"><label class=\"wpforms-field-label\" for=\"wpforms-4616-field_2\">Comment or Message<\/label><textarea id=\"wpforms-4616-field_2\" class=\"wpforms-field-medium\" name=\"wpforms[fields][2]\" aria-errormessage=\"wpforms-4616-field_2-error\" ><\/textarea><\/div><\/div><!-- .wpforms-field-container --><div class=\"wpforms-recaptcha-container wpforms-is-recaptcha wpforms-is-recaptcha-type-v2\" ><div class=\"g-recaptcha\" data-sitekey=\"6Ld79pMpAAAAAB3xA6qar-OXDer4c4MhglWPP4xY\"><\/div><input type=\"text\" name=\"g-recaptcha-hidden\" class=\"wpforms-recaptcha-hidden\" style=\"position:absolute!important;clip:rect(0,0,0,0)!important;height:1px!important;width:1px!important;border:0!important;overflow:hidden!important;padding:0!important;margin:0!important;\" data-rule-recaptcha=\"1\"><\/div><div class=\"wpforms-submit-container\" ><input type=\"hidden\" name=\"wpforms[id]\" value=\"4616\"><input type=\"hidden\" name=\"wpforms[author]\" value=\"1\"><button type=\"submit\" name=\"wpforms[submit]\" id=\"wpforms-submit-4616\" class=\"wpforms-submit\" data-alt-text=\"Sending...\" data-submit-text=\"Submit\" aria-live=\"assertive\" value=\"wpforms-submit\">Submit<\/button><img decoding=\"async\" src=\"https:\/\/buydriverslicense.com\/wp-content\/plugins\/wpforms\/assets\/images\/submit-spin.svg\" class=\"wpforms-submit-spinner\" style=\"display: none;\" width=\"26\" height=\"26\" alt=\"Loading\"><\/div><\/form><\/div>  <!-- .wpforms-container -->\n","protected":false},"excerpt":{"rendered":"<p>Sazinieties ar mums, lai ieg\u0101d\u0101tos re\u0123istr\u0113tu Rum\u0101nijas autovad\u012bt\u0101ja apliec\u012bbu bez eks\u0101mena. Dro\u0161u laiku un naudu, pas\u016btot re\u0123istr\u0113tu un p\u0101rbaud\u0101mu Rum\u0101nijas autovad\u012bt\u0101ja apliec\u012bbu 3 l\u012bdz 5 dienu laik\u0101.<\/p>","protected":false},"featured_media":4666,"template":"","meta":[],"product_brand":[],"product_cat":[17],"product_tag":[49,51,50],"class_list":{"0":"post-65","1":"product","2":"type-product","3":"status-publish","4":"has-post-thumbnail","6":"product_cat-drivers-license","7":"product_tag-buy-romanian-drivers-license","8":"product_tag-drivers-license-without-exam","9":"product_tag-romanain-drivers-license","11":"first","12":"instock","13":"shipping-taxable","14":"product-type-simple"},"yoast_head":"<!-- This site is optimized with the Yoast SEO Premium plugin v22.6 (Yoast SEO v27.3) - https:\/\/yoast.com\/product\/yoast-seo-premium-wordpress\/ -->\n<title>Buy Romanian drivers License - Buy Drivers License Online<\/title>\n<meta name=\"description\" content=\"Contact us to buy a registered Romanian drivers License without exam. Safe time and money by ordering a registered and verifiable Romanian drivers license in 3 to 5 days.\" \/>\n<meta name=\"robots\" content=\"index, follow, max-snippet:-1, max-image-preview:large, max-video-preview:-1\" \/>\n<link rel=\"canonical\" href=\"https:\/\/buydriverslicense.com\/lv\/produkts\/nopirkt-rumanijas-autovaditaja-apliecibu\/\" \/>\n<meta property=\"og:locale\" content=\"lv_LV\" \/>\n<meta property=\"og:type\" content=\"article\" \/>\n<meta property=\"og:title\" content=\"Buy Romanian drivers License\" \/>\n<meta property=\"og:description\" content=\"Contact us to buy a registered Romanian drivers License without exam. Safe time and money by ordering a registered and verifiable Romanian drivers license in 3 to 5 days.\" \/>\n<meta property=\"og:url\" content=\"https:\/\/buydriverslicense.com\/lv\/produkts\/nopirkt-rumanijas-autovaditaja-apliecibu\/\" \/>\n<meta property=\"og:site_name\" content=\"Buy Drivers License Online\" \/>\n<meta property=\"article:modified_time\" content=\"2024-06-19T14:02:17+00:00\" \/>\n<meta property=\"og:image\" content=\"https:\/\/buydriverslicense.com\/wp-content\/uploads\/2024\/05\/Romanina-drivers-license.jpg\" \/>\n\t<meta property=\"og:image:width\" content=\"1024\" \/>\n\t<meta property=\"og:image:height\" content=\"683\" \/>\n\t<meta property=\"og:image:type\" content=\"image\/jpeg\" \/>\n<meta name=\"twitter:card\" content=\"summary_large_image\" \/>\n<meta name=\"twitter:label1\" content=\"Price\" \/>\n\t<meta name=\"twitter:data1\" content=\"\" \/>\n\t<meta name=\"twitter:label2\" content=\"Availability\" \/>\n\t<meta name=\"twitter:data2\" content=\"In stock\" \/>\n<script type=\"application\/ld+json\" class=\"yoast-schema-graph\">{\"@context\":\"https:\\\/\\\/schema.org\",\"@graph\":[{\"@type\":[\"WebPage\",\"ItemPage\"],\"@id\":\"https:\\\/\\\/buydriverslicense.com\\\/product\\\/buy-romanian-drivers-license\\\/\",\"url\":\"https:\\\/\\\/buydriverslicense.com\\\/product\\\/buy-romanian-drivers-license\\\/\",\"name\":\"Buy Romanian drivers License - Buy Drivers License Online\",\"isPartOf\":{\"@id\":\"https:\\\/\\\/buydriverslicense.com\\\/#website\"},\"primaryImageOfPage\":{\"@id\":\"https:\\\/\\\/buydriverslicense.com\\\/product\\\/buy-romanian-drivers-license\\\/#primaryimage\"},\"image\":{\"@id\":\"https:\\\/\\\/buydriverslicense.com\\\/product\\\/buy-romanian-drivers-license\\\/#primaryimage\"},\"thumbnailUrl\":\"https:\\\/\\\/buydriverslicense.com\\\/wp-content\\\/uploads\\\/2024\\\/05\\\/Romanina-drivers-license.jpg\",\"datePublished\":\"2024-05-22T11:57:14+00:00\",\"dateModified\":\"2024-06-19T14:02:17+00:00\",\"description\":\"Contact us to buy a registered Romanian drivers License without exam. Safe time and money by ordering a registered and verifiable Romanian drivers license in 3 to 5 days.\",\"breadcrumb\":{\"@id\":\"https:\\\/\\\/buydriverslicense.com\\\/product\\\/buy-romanian-drivers-license\\\/#breadcrumb\"},\"inLanguage\":\"lv-LV\",\"potentialAction\":[{\"@type\":\"ReadAction\",\"target\":[\"https:\\\/\\\/buydriverslicense.com\\\/product\\\/buy-romanian-drivers-license\\\/\"]}]},{\"@type\":\"ImageObject\",\"inLanguage\":\"lv-LV\",\"@id\":\"https:\\\/\\\/buydriverslicense.com\\\/product\\\/buy-romanian-drivers-license\\\/#primaryimage\",\"url\":\"https:\\\/\\\/buydriverslicense.com\\\/wp-content\\\/uploads\\\/2024\\\/05\\\/Romanina-drivers-license.jpg\",\"contentUrl\":\"https:\\\/\\\/buydriverslicense.com\\\/wp-content\\\/uploads\\\/2024\\\/05\\\/Romanina-drivers-license.jpg\",\"width\":1024,\"height\":683,\"caption\":\"buy Romanian drivers License\"},{\"@type\":\"BreadcrumbList\",\"@id\":\"https:\\\/\\\/buydriverslicense.com\\\/product\\\/buy-romanian-drivers-license\\\/#breadcrumb\",\"itemListElement\":[{\"@type\":\"ListItem\",\"position\":1,\"name\":\"Home\",\"item\":\"https:\\\/\\\/buydriverslicense.com\\\/\"},{\"@type\":\"ListItem\",\"position\":2,\"name\":\"Products\",\"item\":\"https:\\\/\\\/buydriverslicense.com\\\/products\\\/\"},{\"@type\":\"ListItem\",\"position\":3,\"name\":\"Buy Romanian drivers License\"}]},{\"@type\":\"WebSite\",\"@id\":\"https:\\\/\\\/buydriverslicense.com\\\/#website\",\"url\":\"https:\\\/\\\/buydriverslicense.com\\\/\",\"name\":\"Buy Drivers License Online\",\"description\":\"How to Buy Drivers License without exam\",\"potentialAction\":[{\"@type\":\"SearchAction\",\"target\":{\"@type\":\"EntryPoint\",\"urlTemplate\":\"https:\\\/\\\/buydriverslicense.com\\\/?s={search_term_string}\"},\"query-input\":{\"@type\":\"PropertyValueSpecification\",\"valueRequired\":true,\"valueName\":\"search_term_string\"}}],\"inLanguage\":\"lv-LV\"}]}<\/script>\n<meta property=\"product:price:currency\" content=\"EUR\" \/>\n<meta property=\"og:availability\" content=\"instock\" \/>\n<meta property=\"product:availability\" content=\"instock\" \/>\n<meta property=\"product:condition\" content=\"new\" \/>\n<!-- \/ Yoast SEO Premium plugin. -->","yoast_head_json":{"title":"P\u0113rciet Rum\u0101nijas autovad\u012bt\u0101ja apliec\u012bbu \u2014 ieg\u0101d\u0101jieties autovad\u012bt\u0101ja apliec\u012bbu tie\u0161saist\u0113","description":"Sazinieties ar mums, lai ieg\u0101d\u0101tos re\u0123istr\u0113tu Rum\u0101nijas autovad\u012bt\u0101ja apliec\u012bbu bez eks\u0101mena. Dro\u0161u laiku un naudu, pas\u016btot re\u0123istr\u0113tu un p\u0101rbaud\u0101mu Rum\u0101nijas autovad\u012bt\u0101ja apliec\u012bbu 3 l\u012bdz 5 dienu laik\u0101.","robots":{"index":"index","follow":"follow","max-snippet":"max-snippet:-1","max-image-preview":"max-image-preview:large","max-video-preview":"max-video-preview:-1"},"canonical":"https:\/\/buydriverslicense.com\/lv\/produkts\/nopirkt-rumanijas-autovaditaja-apliecibu\/","og_locale":"lv_LV","og_type":"article","og_title":"Buy Romanian drivers License","og_description":"Contact us to buy a registered Romanian drivers License without exam. Safe time and money by ordering a registered and verifiable Romanian drivers license in 3 to 5 days.","og_url":"https:\/\/buydriverslicense.com\/lv\/produkts\/nopirkt-rumanijas-autovaditaja-apliecibu\/","og_site_name":"Buy Drivers License Online","article_modified_time":"2024-06-19T14:02:17+00:00","og_image":[{"width":1024,"height":683,"url":"https:\/\/buydriverslicense.com\/wp-content\/uploads\/2024\/05\/Romanina-drivers-license.jpg","type":"image\/jpeg"}],"twitter_card":"summary_large_image","twitter_misc":{"Price":"","Availability":"In stock"},"schema":{"@context":"https:\/\/schema.org","@graph":[{"@type":["WebPage","ItemPage"],"@id":"https:\/\/buydriverslicense.com\/product\/buy-romanian-drivers-license\/","url":"https:\/\/buydriverslicense.com\/product\/buy-romanian-drivers-license\/","name":"P\u0113rciet Rum\u0101nijas autovad\u012bt\u0101ja apliec\u012bbu \u2014 ieg\u0101d\u0101jieties autovad\u012bt\u0101ja apliec\u012bbu tie\u0161saist\u0113","isPartOf":{"@id":"https:\/\/buydriverslicense.com\/#website"},"primaryImageOfPage":{"@id":"https:\/\/buydriverslicense.com\/product\/buy-romanian-drivers-license\/#primaryimage"},"image":{"@id":"https:\/\/buydriverslicense.com\/product\/buy-romanian-drivers-license\/#primaryimage"},"thumbnailUrl":"https:\/\/buydriverslicense.com\/wp-content\/uploads\/2024\/05\/Romanina-drivers-license.jpg","datePublished":"2024-05-22T11:57:14+00:00","dateModified":"2024-06-19T14:02:17+00:00","description":"Sazinieties ar mums, lai ieg\u0101d\u0101tos re\u0123istr\u0113tu Rum\u0101nijas autovad\u012bt\u0101ja apliec\u012bbu bez eks\u0101mena. Dro\u0161u laiku un naudu, pas\u016btot re\u0123istr\u0113tu un p\u0101rbaud\u0101mu Rum\u0101nijas autovad\u012bt\u0101ja apliec\u012bbu 3 l\u012bdz 5 dienu laik\u0101.","breadcrumb":{"@id":"https:\/\/buydriverslicense.com\/product\/buy-romanian-drivers-license\/#breadcrumb"},"inLanguage":"lv-LV","potentialAction":[{"@type":"ReadAction","target":["https:\/\/buydriverslicense.com\/product\/buy-romanian-drivers-license\/"]}]},{"@type":"ImageObject","inLanguage":"lv-LV","@id":"https:\/\/buydriverslicense.com\/product\/buy-romanian-drivers-license\/#primaryimage","url":"https:\/\/buydriverslicense.com\/wp-content\/uploads\/2024\/05\/Romanina-drivers-license.jpg","contentUrl":"https:\/\/buydriverslicense.com\/wp-content\/uploads\/2024\/05\/Romanina-drivers-license.jpg","width":1024,"height":683,"caption":"buy Romanian drivers License"},{"@type":"BreadcrumbList","@id":"https:\/\/buydriverslicense.com\/product\/buy-romanian-drivers-license\/#breadcrumb","itemListElement":[{"@type":"ListItem","position":1,"name":"Home","item":"https:\/\/buydriverslicense.com\/"},{"@type":"ListItem","position":2,"name":"Products","item":"https:\/\/buydriverslicense.com\/products\/"},{"@type":"ListItem","position":3,"name":"Buy Romanian drivers License"}]},{"@type":"WebSite","@id":"https:\/\/buydriverslicense.com\/#website","url":"https:\/\/buydriverslicense.com\/","name":"P\u0113rciet autovad\u012bt\u0101ja apliec\u012bbu tie\u0161saist\u0113","description":"K\u0101 ieg\u0101d\u0101ties autovad\u012bt\u0101ja apliec\u012bbu bez eks\u0101mena","potentialAction":[{"@type":"SearchAction","target":{"@type":"EntryPoint","urlTemplate":"https:\/\/buydriverslicense.com\/?s={search_term_string}"},"query-input":{"@type":"PropertyValueSpecification","valueRequired":true,"valueName":"search_term_string"}}],"inLanguage":"lv-LV"}]},"product_price_currency":"EUR","og_availability":"instock","product_availability":"instock","product_condition":"new"},"_links":{"self":[{"href":"https:\/\/buydriverslicense.com\/lv\/wp-json\/wp\/v2\/product\/65","targetHints":{"allow":["GET"]}}],"collection":[{"href":"https:\/\/buydriverslicense.com\/lv\/wp-json\/wp\/v2\/product"}],"about":[{"href":"https:\/\/buydriverslicense.com\/lv\/wp-json\/wp\/v2\/types\/product"}],"wp:featuredmedia":[{"embeddable":true,"href":"https:\/\/buydriverslicense.com\/lv\/wp-json\/wp\/v2\/media\/4666"}],"wp:attachment":[{"href":"https:\/\/buydriverslicense.com\/lv\/wp-json\/wp\/v2\/media?parent=65"}],"wp:term":[{"taxonomy":"product_brand","embeddable":true,"href":"https:\/\/buydriverslicense.com\/lv\/wp-json\/wp\/v2\/product_brand?post=65"},{"taxonomy":"product_cat","embeddable":true,"href":"https:\/\/buydriverslicense.com\/lv\/wp-json\/wp\/v2\/product_cat?post=65"},{"taxonomy":"product_tag","embeddable":true,"href":"https:\/\/buydriverslicense.com\/lv\/wp-json\/wp\/v2\/product_tag?post=65"}],"curies":[{"name":"wp","href":"https:\/\/api.w.org\/{rel}","templated":true}]}}