{"id":3,"date":"2012-05-19T01:35:25","date_gmt":"2012-05-19T01:35:25","guid":{"rendered":"https:\/\/buydriverslicense.com\/?page_id=3"},"modified":"2024-06-13T21:31:00","modified_gmt":"2024-06-13T21:31:00","slug":"adatvedelmi-iranyelvek","status":"publish","type":"page","link":"https:\/\/buydriverslicense.com\/hu\/adatvedelmi-iranyelvek\/","title":{"rendered":"Adatv\u00e9delmi ir\u00e1nyelvek"},"content":{"rendered":"<div data-elementor-type=\"wp-page\" data-elementor-id=\"3\" class=\"elementor elementor-3\" data-elementor-post-type=\"page\">\n\t\t\t\t<div class=\"elementor-element elementor-element-b505e1a e-flex e-con-boxed e-con e-parent\" data-id=\"b505e1a\" data-element_type=\"container\" data-e-type=\"container\">\n\t\t\t\t\t<div class=\"e-con-inner\">\n\t\t\t\t<div class=\"elementor-element elementor-element-cec2963 elementor-widget elementor-widget-image\" data-id=\"cec2963\" data-element_type=\"widget\" data-e-type=\"widget\" data-widget_type=\"image.default\">\n\t\t\t\t<div class=\"elementor-widget-container\">\n\t\t\t\t\t\t\t\t\t\t\t\t\t\t\t<img decoding=\"async\" src=\"https:\/\/buydriverslicense.com\/wp-content\/uploads\/2024\/06\/privacy-Policy.jpg\" title=\"Adatv\u00e9delmi ir\u00e1nyelvek\" alt=\"Adatv\u00e9delmi ir\u00e1nyelvek\" loading=\"lazy\" \/>\t\t\t\t\t\t\t\t\t\t\t\t\t\t\t<\/div>\n\t\t\t\t<\/div>\n\t\t\t\t\t<\/div>\n\t\t\t\t<\/div>\n\t\t<div class=\"elementor-element elementor-element-7f762093 e-flex e-con-boxed e-con e-parent\" data-id=\"7f762093\" data-element_type=\"container\" data-e-type=\"container\">\n\t\t\t\t\t<div class=\"e-con-inner\">\n\t\t\t\t<div class=\"elementor-element elementor-element-2ab8845 elementor-widget elementor-widget-text-editor\" data-id=\"2ab8845\" data-element_type=\"widget\" data-e-type=\"widget\" data-widget_type=\"text-editor.default\">\n\t\t\t\t<div class=\"elementor-widget-container\">\n\t\t\t\t\t\t\t\t\t\r\n<p><strong>1. Bemutatkoz\u00e1s<\/strong><\/p>\r\n<p>Ez az adatv\u00e9delmi szab\u00e1lyzat felv\u00e1zolja, hogy a buydriverslicense.com hogyan gy\u0171jti, haszn\u00e1lja \u00e9s v\u00e9di az \u00d6n szem\u00e9lyes adatait, amikor kapcsolatba l\u00e9p szolg\u00e1ltat\u00e1sainkkal. Elk\u00f6telezettek vagyunk az \u00d6n adatainak v\u00e9delme \u00e9s biztons\u00e1ga mellett.<\/p>\r\n<p><strong>2. Inform\u00e1ci\u00f3gy\u0171jt\u00e9s<\/strong><\/p>\r\n<p>A k\u00f6vetkez\u0151 t\u00edpus\u00fa szem\u00e9lyes adatokat gy\u0171jtj\u00fck:<\/p>\r\n<ul>\r\n<li>N\u00e9v<\/li>\r\n<li>C\u00edm<\/li>\r\n<li>Email c\u00edm<\/li>\r\n<li>Telefonsz\u00e1m<\/li>\r\n<li>Sz\u00fclet\u00e9si d\u00e1tum<\/li>\r\n<li>Korm\u00e1nyzat \u00e1ltal kiadott azonos\u00edt\u00f3 sz\u00e1mok<\/li>\r\n<li>F\u00e9nyk\u00e9pek<\/li>\r\n<li>Biometrikus adatok<\/li>\r\n<\/ul>\r\n<p><strong>3. Inform\u00e1ci\u00f3 felhaszn\u00e1l\u00e1sa<\/strong><\/p>\r\n<p>Az \u00f6sszegy\u0171jt\u00f6tt inform\u00e1ci\u00f3kat a k\u00f6vetkez\u0151kre haszn\u00e1ljuk fel:<\/p>\r\n<ul>\r\n<li>Vezet\u0151i enged\u00e9lyek feldolgoz\u00e1sa \u00e9s gy\u00e1rt\u00e1sa<\/li>\r\n<li>Szem\u00e9lyazonoss\u00e1g igazol\u00e1sa<\/li>\r\n<li>Kommunik\u00e1ljon \u00d6nnel a jelentkez\u00e9s\u00e9vel kapcsolatban<\/li>\r\n<li>Biztos\u00edtani kell a jogszab\u00e1lyi el\u0151\u00edr\u00e1sok betart\u00e1s\u00e1t<\/li>\r\n<li>Szolg\u00e1ltat\u00e1saink fejleszt\u00e9se<\/li>\r\n<\/ul>\r\n<p><strong>4. Adatv\u00e9delem<\/strong><\/p>\r\n<p>Szigor\u00fa biztons\u00e1gi int\u00e9zked\u00e9seket vezet\u00fcnk be szem\u00e9lyes adatainak v\u00e9delme \u00e9rdek\u00e9ben. Ebbe beletartozik:<\/p>\r\n<ul>\r\n<li>\u00c9rz\u00e9keny adatok titkos\u00edt\u00e1sa<\/li>\r\n<li>Rendszeres biztons\u00e1gi auditok<\/li>\r\n<li>Korl\u00e1tozott hozz\u00e1f\u00e9r\u00e9s a szem\u00e9lyes adatokhoz<\/li>\r\n<\/ul>\r\n<p><strong>5. Adatmeg\u0151rz\u00e9s<\/strong><\/p>\r\n<p>Szem\u00e9lyes adatait addig \u0151rizz\u00fck meg, ameddig az a jelen Adatv\u00e9delmi szab\u00e1lyzatban meghat\u00e1rozott c\u00e9lok teljes\u00edt\u00e9s\u00e9hez \u00e9s a jogi k\u00f6telezetts\u00e9geknek val\u00f3 megfelel\u00e9shez sz\u00fcks\u00e9ges. Ezt k\u00f6vet\u0151en biztons\u00e1gosan t\u00f6r\u00f6lj\u00fck adatait.<\/p>\r\n<p><strong>6. Adatmegoszt\u00e1s<\/strong><\/p>\r\n<p>Szem\u00e9lyes adatait nem osztjuk meg, nem adjuk el vagy adjuk ki harmadik feleknek, kiv\u00e9ve, ha azt t\u00f6rv\u00e9ny \u00edrja el\u0151, vagy ha az \u00d6n kifejezett hozz\u00e1j\u00e1rul\u00e1sa sz\u00fcks\u00e9ges.<\/p>\r\n<p><strong>7. Az \u00d6n jogai<\/strong><\/p>\r\n<p>\u00d6nnek joga van:<\/p>\r\n<ul>\r\n<li>Hozz\u00e1f\u00e9rhet szem\u00e9lyes adataihoz<\/li>\r\n<li>K\u00e9rje a pontatlan adatok helyesb\u00edt\u00e9s\u00e9t<\/li>\r\n<li>K\u00e9rje adatai t\u00f6rl\u00e9s\u00e9t<\/li>\r\n<li>Tiltakozik az adatkezel\u00e9s ellen<\/li>\r\n<li>A hozz\u00e1j\u00e1rul\u00e1st b\u00e1rmikor visszavonhatja<\/li>\r\n<\/ul>\r\n<p><strong>8. Vegye fel vel\u00fcnk a kapcsolatot<\/strong><\/p>\r\n<p>Ha b\u00e1rmilyen k\u00e9rd\u00e9se vagy agg\u00e1lya van jelen Adatv\u00e9delmi szab\u00e1lyzattal vagy adatkezel\u00e9si gyakorlatunkkal kapcsolatban, <a href=\"https:\/\/buydriverslicense.com\/hu\/lepjen-kapcsolatba-velunk\/\">k\u00e9rj\u00fck l\u00e9pjen kapcsolatba vel\u00fcnk<\/a><\/p>\r\n<p><strong>9. A jelen szab\u00e1lyzat v\u00e1ltoz\u00e1sai<\/strong><\/p>\r\n<p>Id\u0151r\u0151l id\u0151re friss\u00edthetj\u00fck ezt az Adatv\u00e9delmi szab\u00e1lyzatot. Az esetleges m\u00f3dos\u00edt\u00e1sok friss\u00edtett hat\u00e1lybal\u00e9p\u00e9si d\u00e1tummal jelennek meg ezen az oldalon. Szolg\u00e1ltat\u00e1saink tov\u00e1bbi haszn\u00e1lata a friss\u00edtett adatv\u00e9delmi szab\u00e1lyzat elfogad\u00e1s\u00e1t jelenti.<\/p>\r\n<p><strong>10. Hozz\u00e1j\u00e1rul\u00e1s<\/strong><\/p>\r\n<p>Szolg\u00e1ltat\u00e1saink haszn\u00e1lat\u00e1val \u00d6n hozz\u00e1j\u00e1rul szem\u00e9lyes adatainak a jelen Adatv\u00e9delmi szab\u00e1lyzatban le\u00edrtak szerinti gy\u0171jt\u00e9s\u00e9hez \u00e9s felhaszn\u00e1l\u00e1s\u00e1hoz.<\/p>\r\n<hr \/>\r\n<p><strong>Buydriverslicense.com<\/strong>\u00a0elk\u00f6telezett az \u00d6n adatainak v\u00e9delme \u00e9s szem\u00e9lyes adatai biztons\u00e1g\u00e1nak biztos\u00edt\u00e1sa mellett. K\u00f6sz\u00f6nj\u00fck, hogy r\u00e1nk b\u00edzta adatait.<\/p>\t\t\t\t\t\t\t\t<\/div>\n\t\t\t\t<\/div>\n\t\t\t\t\t<\/div>\n\t\t\t\t<\/div>\n\t\t\t\t<\/div>","protected":false},"excerpt":{"rendered":"<p>1. Introduction This Privacy Policy outlines how buydriverslicense.com collects, uses, and protects your personal information when you interact with our services. We are committed to ensuring the privacy and security of your data. 2. Information Collection We collect the following types of personal information: Name Address Email address Phone number Date of birth Government-issued identification [&hellip;]<\/p>\n","protected":false},"author":1,"featured_media":0,"parent":0,"menu_order":0,"comment_status":"closed","ping_status":"open","template":"","meta":{"footnotes":""},"class_list":["post-3","page","type-page","status-publish","hentry"],"yoast_head":"<!-- This site is optimized with the Yoast SEO Premium plugin v22.6 (Yoast SEO v27.4) - https:\/\/yoast.com\/product\/yoast-seo-premium-wordpress\/ -->\n<title>Privacy Policy - Buy Drivers License Online<\/title>\n<meta name=\"robots\" content=\"index, follow, max-snippet:-1, max-image-preview:large, max-video-preview:-1\" \/>\n<link rel=\"canonical\" href=\"https:\/\/buydriverslicense.com\/hu\/adatvedelmi-iranyelvek\/\" \/>\n<meta property=\"og:locale\" content=\"hu_HU\" \/>\n<meta property=\"og:type\" content=\"article\" \/>\n<meta property=\"og:title\" content=\"Privacy Policy\" \/>\n<meta property=\"og:description\" content=\"1. Introduction This Privacy Policy outlines how buydriverslicense.com collects, uses, and protects your personal information when you interact with our services. We are committed to ensuring the privacy and security of your data. 2. Information Collection We collect the following types of personal information: Name Address Email address Phone number Date of birth Government-issued identification [&hellip;]\" \/>\n<meta property=\"og:url\" content=\"https:\/\/buydriverslicense.com\/hu\/adatvedelmi-iranyelvek\/\" \/>\n<meta property=\"og:site_name\" content=\"Buy Drivers License Online\" \/>\n<meta property=\"article:modified_time\" content=\"2024-06-13T21:31:00+00:00\" \/>\n<meta property=\"og:image\" content=\"https:\/\/buydriverslicense.com\/wp-content\/uploads\/2024\/06\/privacy-Policy.jpg\" \/>\n<meta name=\"twitter:card\" content=\"summary_large_image\" \/>\n<meta name=\"twitter:label1\" content=\"Becs\u00fclt olvas\u00e1si id\u0151\" \/>\n\t<meta name=\"twitter:data1\" content=\"2 perc\" \/>\n<script type=\"application\/ld+json\" class=\"yoast-schema-graph\">{\"@context\":\"https:\\\/\\\/schema.org\",\"@graph\":[{\"@type\":\"WebPage\",\"@id\":\"https:\\\/\\\/buydriverslicense.com\\\/privacy-policy\\\/\",\"url\":\"https:\\\/\\\/buydriverslicense.com\\\/privacy-policy\\\/\",\"name\":\"Privacy Policy - Buy Drivers License Online\",\"isPartOf\":{\"@id\":\"https:\\\/\\\/buydriverslicense.com\\\/#website\"},\"primaryImageOfPage\":{\"@id\":\"https:\\\/\\\/buydriverslicense.com\\\/privacy-policy\\\/#primaryimage\"},\"image\":{\"@id\":\"https:\\\/\\\/buydriverslicense.com\\\/privacy-policy\\\/#primaryimage\"},\"thumbnailUrl\":\"https:\\\/\\\/buydriverslicense.com\\\/wp-content\\\/uploads\\\/2024\\\/06\\\/privacy-Policy.jpg\",\"datePublished\":\"2012-05-19T01:35:25+00:00\",\"dateModified\":\"2024-06-13T21:31:00+00:00\",\"breadcrumb\":{\"@id\":\"https:\\\/\\\/buydriverslicense.com\\\/privacy-policy\\\/#breadcrumb\"},\"inLanguage\":\"hu\",\"potentialAction\":[{\"@type\":\"ReadAction\",\"target\":[\"https:\\\/\\\/buydriverslicense.com\\\/privacy-policy\\\/\"]}]},{\"@type\":\"ImageObject\",\"inLanguage\":\"hu\",\"@id\":\"https:\\\/\\\/buydriverslicense.com\\\/privacy-policy\\\/#primaryimage\",\"url\":\"https:\\\/\\\/buydriverslicense.com\\\/wp-content\\\/uploads\\\/2024\\\/06\\\/privacy-Policy.jpg\",\"contentUrl\":\"https:\\\/\\\/buydriverslicense.com\\\/wp-content\\\/uploads\\\/2024\\\/06\\\/privacy-Policy.jpg\"},{\"@type\":\"BreadcrumbList\",\"@id\":\"https:\\\/\\\/buydriverslicense.com\\\/privacy-policy\\\/#breadcrumb\",\"itemListElement\":[{\"@type\":\"ListItem\",\"position\":1,\"name\":\"Home\",\"item\":\"https:\\\/\\\/buydriverslicense.com\\\/\"},{\"@type\":\"ListItem\",\"position\":2,\"name\":\"Privacy Policy\"}]},{\"@type\":\"WebSite\",\"@id\":\"https:\\\/\\\/buydriverslicense.com\\\/#website\",\"url\":\"https:\\\/\\\/buydriverslicense.com\\\/\",\"name\":\"Buy Drivers License Online\",\"description\":\"How to Buy Drivers License without exam\",\"potentialAction\":[{\"@type\":\"SearchAction\",\"target\":{\"@type\":\"EntryPoint\",\"urlTemplate\":\"https:\\\/\\\/buydriverslicense.com\\\/?s={search_term_string}\"},\"query-input\":{\"@type\":\"PropertyValueSpecification\",\"valueRequired\":true,\"valueName\":\"search_term_string\"}}],\"inLanguage\":\"hu\"}]}<\/script>\n<!-- \/ Yoast SEO Premium plugin. -->","yoast_head_json":{"title":"Adatv\u00e9delmi szab\u00e1lyzat \u2013 V\u00e1s\u00e1roljon online jogos\u00edtv\u00e1nyt","robots":{"index":"index","follow":"follow","max-snippet":"max-snippet:-1","max-image-preview":"max-image-preview:large","max-video-preview":"max-video-preview:-1"},"canonical":"https:\/\/buydriverslicense.com\/hu\/adatvedelmi-iranyelvek\/","og_locale":"hu_HU","og_type":"article","og_title":"Privacy Policy","og_description":"1. Introduction This Privacy Policy outlines how buydriverslicense.com collects, uses, and protects your personal information when you interact with our services. We are committed to ensuring the privacy and security of your data. 2. Information Collection We collect the following types of personal information: Name Address Email address Phone number Date of birth Government-issued identification [&hellip;]","og_url":"https:\/\/buydriverslicense.com\/hu\/adatvedelmi-iranyelvek\/","og_site_name":"Buy Drivers License Online","article_modified_time":"2024-06-13T21:31:00+00:00","og_image":[{"url":"https:\/\/buydriverslicense.com\/wp-content\/uploads\/2024\/06\/privacy-Policy.jpg","type":"","width":"","height":""}],"twitter_card":"summary_large_image","twitter_misc":{"Becs\u00fclt olvas\u00e1si id\u0151":"2 perc"},"schema":{"@context":"https:\/\/schema.org","@graph":[{"@type":"WebPage","@id":"https:\/\/buydriverslicense.com\/privacy-policy\/","url":"https:\/\/buydriverslicense.com\/privacy-policy\/","name":"Adatv\u00e9delmi szab\u00e1lyzat \u2013 V\u00e1s\u00e1roljon online jogos\u00edtv\u00e1nyt","isPartOf":{"@id":"https:\/\/buydriverslicense.com\/#website"},"primaryImageOfPage":{"@id":"https:\/\/buydriverslicense.com\/privacy-policy\/#primaryimage"},"image":{"@id":"https:\/\/buydriverslicense.com\/privacy-policy\/#primaryimage"},"thumbnailUrl":"https:\/\/buydriverslicense.com\/wp-content\/uploads\/2024\/06\/privacy-Policy.jpg","datePublished":"2012-05-19T01:35:25+00:00","dateModified":"2024-06-13T21:31:00+00:00","breadcrumb":{"@id":"https:\/\/buydriverslicense.com\/privacy-policy\/#breadcrumb"},"inLanguage":"hu","potentialAction":[{"@type":"ReadAction","target":["https:\/\/buydriverslicense.com\/privacy-policy\/"]}]},{"@type":"ImageObject","inLanguage":"hu","@id":"https:\/\/buydriverslicense.com\/privacy-policy\/#primaryimage","url":"https:\/\/buydriverslicense.com\/wp-content\/uploads\/2024\/06\/privacy-Policy.jpg","contentUrl":"https:\/\/buydriverslicense.com\/wp-content\/uploads\/2024\/06\/privacy-Policy.jpg"},{"@type":"BreadcrumbList","@id":"https:\/\/buydriverslicense.com\/privacy-policy\/#breadcrumb","itemListElement":[{"@type":"ListItem","position":1,"name":"Home","item":"https:\/\/buydriverslicense.com\/"},{"@type":"ListItem","position":2,"name":"Privacy Policy"}]},{"@type":"WebSite","@id":"https:\/\/buydriverslicense.com\/#website","url":"https:\/\/buydriverslicense.com\/","name":"V\u00e1s\u00e1roljon jogos\u00edtv\u00e1nyt online","description":"Hogyan v\u00e1s\u00e1roljunk jogos\u00edtv\u00e1nyt vizsga n\u00e9lk\u00fcl","potentialAction":[{"@type":"SearchAction","target":{"@type":"EntryPoint","urlTemplate":"https:\/\/buydriverslicense.com\/?s={search_term_string}"},"query-input":{"@type":"PropertyValueSpecification","valueRequired":true,"valueName":"search_term_string"}}],"inLanguage":"hu"}]}},"_links":{"self":[{"href":"https:\/\/buydriverslicense.com\/hu\/wp-json\/wp\/v2\/pages\/3","targetHints":{"allow":["GET"]}}],"collection":[{"href":"https:\/\/buydriverslicense.com\/hu\/wp-json\/wp\/v2\/pages"}],"about":[{"href":"https:\/\/buydriverslicense.com\/hu\/wp-json\/wp\/v2\/types\/page"}],"author":[{"embeddable":true,"href":"https:\/\/buydriverslicense.com\/hu\/wp-json\/wp\/v2\/users\/1"}],"replies":[{"embeddable":true,"href":"https:\/\/buydriverslicense.com\/hu\/wp-json\/wp\/v2\/comments?post=3"}],"version-history":[{"count":0,"href":"https:\/\/buydriverslicense.com\/hu\/wp-json\/wp\/v2\/pages\/3\/revisions"}],"wp:attachment":[{"href":"https:\/\/buydriverslicense.com\/hu\/wp-json\/wp\/v2\/media?parent=3"}],"curies":[{"name":"munkaf\u00fczet","href":"https:\/\/api.w.org\/{rel}","templated":true}]}}