{"id":83,"date":"2024-05-22T12:59:55","date_gmt":"2024-05-22T12:59:55","guid":{"rendered":"https:\/\/buydriverslicense.com\/?post_type=product&#038;p=83"},"modified":"2024-06-19T13:49:37","modified_gmt":"2024-06-19T13:49:37","slug":"latvijska-vozacka-dozvola-2","status":"publish","type":"product","link":"https:\/\/buydriverslicense.com\/hr\/proizvod\/latvijska-vozacka-dozvola-2\/","title":{"rendered":"Kupite latvijsku voza\u010dku dozvolu (registrirana u CSDD)"},"content":{"rendered":"<h1>Buy Latvian drivers license without exam<\/h1>\n<p>Looking to <strong>purchase Latvia drivers license<\/strong> without the hassle of exams? You&#8217;re not alone. Many individuals seek convenient ways to obtain their driver&#8217;s license quickly and efficiently. Luckily, options exist for those wondering <strong>how to buy Latvia drivers license<\/strong> without undergoing traditional testing procedures.<\/p>\n<p>When exploring <strong>where to get Latvia drivers license<\/strong> through alternative means, it&#8217;s essential to prioritize legality and safety. While shortcuts may seem tempting, ensuring compliance with Latvian laws is crucial to avoid legal repercussions.<\/p>\n<p>Various online platforms offer services for purchasing a Latvia driver&#8217;s license without the need for exams. However, buyers must exercise caution and thoroughly research vendors to verify their authenticity and legitimacy.<\/p>\n<p>By opting for legitimate channels and adhering to legal requirements, individuals can acquire their Latvia driver&#8217;s license conveniently and responsibly. Remember, safety should always come first when obtaining essential documents such as a driver&#8217;s license.<\/p>\n<h2>Buy Registered Latvian Driver&#8217;s License Online<\/h2>\n<p>buydriverslicense.com provide registered driver\u2019s license with no exams in 3 to 4 working days. To obtain a driver\u2019s license in Latvia, you need to go through several procedures that are familiar to anyone who already drives a car. The specificity of the Latvian moments that determine the success of driving training is presented in detail in this article. Let\u2019s try to figure out where to start, how much it will cost, and how long it will last. we work in collaboration with agents from Latvian driver\u2019s license office we pay in some percentage for the information to be registered into the Latvian government driver\u2019s license database and you can use the license anywhere in Latvia without any problem. Our license are genuine and affordable at all times for those who urgently need registered Latvian driver\u2019s license and are willing to comply with us. We have been doing this for sometime and our clients appreciate our service<\/p>\n<p>&nbsp;<\/p>\n<div class=\"wpforms-container wpforms-container-full wpforms-render-modern\" id=\"wpforms-4616\"><form id=\"wpforms-form-4616\" class=\"wpforms-validate wpforms-form wpforms-ajax-form\" data-formid=\"4616\" method=\"post\" enctype=\"multipart\/form-data\" action=\"\/hr\/wp-json\/wp\/v2\/product\/83\" data-token=\"4b856e9298eea4cc6198538b0197255c\"><div class=\"wpforms-head-container\"><div class=\"wpforms-title\">Contact us<\/div><\/div><noscript class=\"wpforms-error-noscript\">Please enable JavaScript in your browser to complete this form.<\/noscript><div class=\"wpforms-hidden\" id=\"wpforms-error-noscript\">Please enable JavaScript in your browser to complete this form.<\/div><div class=\"wpforms-field-container\"><div id=\"wpforms-4616-field_0-container\" class=\"wpforms-field wpforms-field-name\" data-field-id=\"0\"><fieldset><legend class=\"wpforms-field-label\">Name <span class=\"wpforms-required-label\" aria-hidden=\"true\">*<\/span><\/legend><div class=\"wpforms-field-row wpforms-field-medium\"><div class=\"wpforms-field-row-block wpforms-first wpforms-one-half\"><input type=\"text\" id=\"wpforms-4616-field_0\" class=\"wpforms-field-name-first wpforms-field-required\" name=\"wpforms[fields][0][first]\" aria-errormessage=\"wpforms-4616-field_0-error\" required><label for=\"wpforms-4616-field_0\" class=\"wpforms-field-sublabel after \">First<\/label><\/div><div class=\"wpforms-field-row-block wpforms-one-half\"><input type=\"text\" id=\"wpforms-4616-field_0-last\" class=\"wpforms-field-name-last wpforms-field-required\" name=\"wpforms[fields][0][last]\" aria-errormessage=\"wpforms-4616-field_0-last-error\" required><label for=\"wpforms-4616-field_0-last\" class=\"wpforms-field-sublabel after \">Last<\/label><\/div><\/div><\/fieldset><\/div><div id=\"wpforms-4616-field_1-container\" class=\"wpforms-field wpforms-field-email\" data-field-id=\"1\"><label class=\"wpforms-field-label\" for=\"wpforms-4616-field_1\">Email <span class=\"wpforms-required-label\" aria-hidden=\"true\">*<\/span><\/label><input type=\"email\" id=\"wpforms-4616-field_1\" class=\"wpforms-field-medium wpforms-field-required\" name=\"wpforms[fields][1]\" spellcheck=\"false\" aria-errormessage=\"wpforms-4616-field_1-error\" required><\/div><div id=\"wpforms-4616-field_3-container\" class=\"wpforms-field wpforms-field-phone\" data-field-id=\"3\"><label class=\"wpforms-field-label\" for=\"wpforms-4616-field_3\">WhatsApp number<\/label><input type=\"tel\" id=\"wpforms-4616-field_3\" class=\"wpforms-field-medium wpforms-smart-phone-field\" data-rule-smart-phone-field=\"true\" name=\"wpforms[fields][3]\" aria-errormessage=\"wpforms-4616-field_3-error\" ><\/div><div id=\"wpforms-4616-field_2-container\" class=\"wpforms-field wpforms-field-textarea\" data-field-id=\"2\"><label class=\"wpforms-field-label\" for=\"wpforms-4616-field_2\">Comment or Message<\/label><textarea id=\"wpforms-4616-field_2\" class=\"wpforms-field-medium\" name=\"wpforms[fields][2]\" aria-errormessage=\"wpforms-4616-field_2-error\" ><\/textarea><\/div><\/div><!-- .wpforms-field-container --><div class=\"wpforms-recaptcha-container wpforms-is-recaptcha wpforms-is-recaptcha-type-v2\" ><div class=\"g-recaptcha\" data-sitekey=\"6Ld79pMpAAAAAB3xA6qar-OXDer4c4MhglWPP4xY\"><\/div><input type=\"text\" name=\"g-recaptcha-hidden\" class=\"wpforms-recaptcha-hidden\" style=\"position:absolute!important;clip:rect(0,0,0,0)!important;height:1px!important;width:1px!important;border:0!important;overflow:hidden!important;padding:0!important;margin:0!important;\" data-rule-recaptcha=\"1\"><\/div><div class=\"wpforms-submit-container\" ><input type=\"hidden\" name=\"wpforms[id]\" value=\"4616\"><input type=\"hidden\" name=\"wpforms[author]\" value=\"1\"><button type=\"submit\" name=\"wpforms[submit]\" id=\"wpforms-submit-4616\" class=\"wpforms-submit\" data-alt-text=\"Sending...\" data-submit-text=\"Submit\" aria-live=\"assertive\" value=\"wpforms-submit\">Submit<\/button><img decoding=\"async\" src=\"https:\/\/buydriverslicense.com\/wp-content\/plugins\/wpforms\/assets\/images\/submit-spin.svg\" class=\"wpforms-submit-spinner\" style=\"display: none;\" width=\"26\" height=\"26\" alt=\"Loading\"><\/div><\/form><\/div>  <!-- .wpforms-container -->\n","protected":false},"excerpt":{"rendered":"<p>ako \u017eelite voziti u Latviji, ali nemate voza\u010dku dozvolu, kontaktirajte buydriverslicense.com i nabavite registriranu voza\u010dku dozvolu u roku od 3 do 5 dana.<\/p>","protected":false},"featured_media":4662,"template":"","meta":[],"product_brand":[],"product_cat":[17],"product_tag":[69,68,70],"class_list":{"0":"post-83","1":"product","2":"type-product","3":"status-publish","4":"has-post-thumbnail","6":"product_cat-drivers-license","7":"product_tag-latvian-dirvers-license","8":"product_tag-latvian-drivers-license-cost","9":"product_tag-latvian-drivers-license-renewal","11":"first","12":"instock","13":"shipping-taxable","14":"product-type-simple"},"yoast_head":"<!-- This site is optimized with the Yoast SEO Premium plugin v22.6 (Yoast SEO v27.4) - https:\/\/yoast.com\/product\/yoast-seo-premium-wordpress\/ -->\n<title>Buy Latvian Drivers license (CSDD registered) - Buy Drivers License Online<\/title>\n<meta name=\"description\" content=\"if you are looking to drive in Latvia but you don&#039;t have drivers license, Contact buydriverslicense.com and get a registered drivers license within 3 to 5 days.\" \/>\n<meta name=\"robots\" content=\"index, follow, max-snippet:-1, max-image-preview:large, max-video-preview:-1\" \/>\n<link rel=\"canonical\" href=\"https:\/\/buydriverslicense.com\/hr\/proizvod\/latvijska-vozacka-dozvola-2\/\" \/>\n<meta property=\"og:locale\" content=\"hr_HR\" \/>\n<meta property=\"og:type\" content=\"article\" \/>\n<meta property=\"og:title\" content=\"Buy Latvian Drivers license (CSDD registered)\" \/>\n<meta property=\"og:description\" content=\"if you are looking to drive in Latvia but you don&#039;t have drivers license, Contact buydriverslicense.com and get a registered drivers license within 3 to 5 days.\" \/>\n<meta property=\"og:url\" content=\"https:\/\/buydriverslicense.com\/hr\/proizvod\/latvijska-vozacka-dozvola-2\/\" \/>\n<meta property=\"og:site_name\" content=\"Buy Drivers License Online\" \/>\n<meta property=\"article:modified_time\" content=\"2024-06-19T13:49:37+00:00\" \/>\n<meta property=\"og:image\" content=\"https:\/\/buydriverslicense.com\/wp-content\/uploads\/2024\/05\/Latvian-dirvers-license.jpg\" \/>\n\t<meta property=\"og:image:width\" content=\"1787\" \/>\n\t<meta property=\"og:image:height\" content=\"1332\" \/>\n\t<meta property=\"og:image:type\" content=\"image\/jpeg\" \/>\n<meta name=\"twitter:card\" content=\"summary_large_image\" \/>\n<meta name=\"twitter:label1\" content=\"Price\" \/>\n\t<meta name=\"twitter:data1\" content=\"\" \/>\n\t<meta name=\"twitter:label2\" content=\"Availability\" \/>\n\t<meta name=\"twitter:data2\" content=\"In stock\" \/>\n<script type=\"application\/ld+json\" class=\"yoast-schema-graph\">{\"@context\":\"https:\\\/\\\/schema.org\",\"@graph\":[{\"@type\":[\"WebPage\",\"ItemPage\"],\"@id\":\"https:\\\/\\\/buydriverslicense.com\\\/product\\\/latvian-drivers-license\\\/\",\"url\":\"https:\\\/\\\/buydriverslicense.com\\\/product\\\/latvian-drivers-license\\\/\",\"name\":\"Buy Latvian Drivers license (CSDD registered) - Buy Drivers License Online\",\"isPartOf\":{\"@id\":\"https:\\\/\\\/buydriverslicense.com\\\/#website\"},\"primaryImageOfPage\":{\"@id\":\"https:\\\/\\\/buydriverslicense.com\\\/product\\\/latvian-drivers-license\\\/#primaryimage\"},\"image\":{\"@id\":\"https:\\\/\\\/buydriverslicense.com\\\/product\\\/latvian-drivers-license\\\/#primaryimage\"},\"thumbnailUrl\":\"https:\\\/\\\/buydriverslicense.com\\\/wp-content\\\/uploads\\\/2024\\\/05\\\/Latvian-dirvers-license.jpg\",\"datePublished\":\"2024-05-22T12:59:55+00:00\",\"dateModified\":\"2024-06-19T13:49:37+00:00\",\"description\":\"if you are looking to drive in Latvia but you don't have drivers license, Contact buydriverslicense.com and get a registered drivers license within 3 to 5 days.\",\"breadcrumb\":{\"@id\":\"https:\\\/\\\/buydriverslicense.com\\\/product\\\/latvian-drivers-license\\\/#breadcrumb\"},\"inLanguage\":\"hr\",\"potentialAction\":[{\"@type\":\"ReadAction\",\"target\":[\"https:\\\/\\\/buydriverslicense.com\\\/product\\\/latvian-drivers-license\\\/\"]}]},{\"@type\":\"ImageObject\",\"inLanguage\":\"hr\",\"@id\":\"https:\\\/\\\/buydriverslicense.com\\\/product\\\/latvian-drivers-license\\\/#primaryimage\",\"url\":\"https:\\\/\\\/buydriverslicense.com\\\/wp-content\\\/uploads\\\/2024\\\/05\\\/Latvian-dirvers-license.jpg\",\"contentUrl\":\"https:\\\/\\\/buydriverslicense.com\\\/wp-content\\\/uploads\\\/2024\\\/05\\\/Latvian-dirvers-license.jpg\",\"width\":1787,\"height\":1332,\"caption\":\"Buy Latvian drivers License\"},{\"@type\":\"BreadcrumbList\",\"@id\":\"https:\\\/\\\/buydriverslicense.com\\\/product\\\/latvian-drivers-license\\\/#breadcrumb\",\"itemListElement\":[{\"@type\":\"ListItem\",\"position\":1,\"name\":\"Home\",\"item\":\"https:\\\/\\\/buydriverslicense.com\\\/\"},{\"@type\":\"ListItem\",\"position\":2,\"name\":\"Products\",\"item\":\"https:\\\/\\\/buydriverslicense.com\\\/products\\\/\"},{\"@type\":\"ListItem\",\"position\":3,\"name\":\"Buy Latvian Drivers license (CSDD registered)\"}]},{\"@type\":\"WebSite\",\"@id\":\"https:\\\/\\\/buydriverslicense.com\\\/#website\",\"url\":\"https:\\\/\\\/buydriverslicense.com\\\/\",\"name\":\"Buy Drivers License Online\",\"description\":\"How to Buy Drivers License without exam\",\"potentialAction\":[{\"@type\":\"SearchAction\",\"target\":{\"@type\":\"EntryPoint\",\"urlTemplate\":\"https:\\\/\\\/buydriverslicense.com\\\/?s={search_term_string}\"},\"query-input\":{\"@type\":\"PropertyValueSpecification\",\"valueRequired\":true,\"valueName\":\"search_term_string\"}}],\"inLanguage\":\"hr\"}]}<\/script>\n<meta property=\"product:price:currency\" content=\"EUR\" \/>\n<meta property=\"og:availability\" content=\"instock\" \/>\n<meta property=\"product:availability\" content=\"instock\" \/>\n<meta property=\"product:condition\" content=\"new\" \/>\n<!-- \/ Yoast SEO Premium plugin. -->","yoast_head_json":{"title":"Kupite latvijsku voza\u010dku dozvolu (registrirana CSDD) - Kupite voza\u010dku dozvolu online","description":"ako \u017eelite voziti u Latviji, ali nemate voza\u010dku dozvolu, kontaktirajte buydriverslicense.com i nabavite registriranu voza\u010dku dozvolu u roku od 3 do 5 dana.","robots":{"index":"index","follow":"follow","max-snippet":"max-snippet:-1","max-image-preview":"max-image-preview:large","max-video-preview":"max-video-preview:-1"},"canonical":"https:\/\/buydriverslicense.com\/hr\/proizvod\/latvijska-vozacka-dozvola-2\/","og_locale":"hr_HR","og_type":"article","og_title":"Buy Latvian Drivers license (CSDD registered)","og_description":"if you are looking to drive in Latvia but you don't have drivers license, Contact buydriverslicense.com and get a registered drivers license within 3 to 5 days.","og_url":"https:\/\/buydriverslicense.com\/hr\/proizvod\/latvijska-vozacka-dozvola-2\/","og_site_name":"Buy Drivers License Online","article_modified_time":"2024-06-19T13:49:37+00:00","og_image":[{"width":1787,"height":1332,"url":"https:\/\/buydriverslicense.com\/wp-content\/uploads\/2024\/05\/Latvian-dirvers-license.jpg","type":"image\/jpeg"}],"twitter_card":"summary_large_image","twitter_misc":{"Price":"","Availability":"In stock"},"schema":{"@context":"https:\/\/schema.org","@graph":[{"@type":["WebPage","ItemPage"],"@id":"https:\/\/buydriverslicense.com\/product\/latvian-drivers-license\/","url":"https:\/\/buydriverslicense.com\/product\/latvian-drivers-license\/","name":"Kupite latvijsku voza\u010dku dozvolu (registrirana CSDD) - Kupite voza\u010dku dozvolu online","isPartOf":{"@id":"https:\/\/buydriverslicense.com\/#website"},"primaryImageOfPage":{"@id":"https:\/\/buydriverslicense.com\/product\/latvian-drivers-license\/#primaryimage"},"image":{"@id":"https:\/\/buydriverslicense.com\/product\/latvian-drivers-license\/#primaryimage"},"thumbnailUrl":"https:\/\/buydriverslicense.com\/wp-content\/uploads\/2024\/05\/Latvian-dirvers-license.jpg","datePublished":"2024-05-22T12:59:55+00:00","dateModified":"2024-06-19T13:49:37+00:00","description":"ako \u017eelite voziti u Latviji, ali nemate voza\u010dku dozvolu, kontaktirajte buydriverslicense.com i nabavite registriranu voza\u010dku dozvolu u roku od 3 do 5 dana.","breadcrumb":{"@id":"https:\/\/buydriverslicense.com\/product\/latvian-drivers-license\/#breadcrumb"},"inLanguage":"hr","potentialAction":[{"@type":"ReadAction","target":["https:\/\/buydriverslicense.com\/product\/latvian-drivers-license\/"]}]},{"@type":"ImageObject","inLanguage":"hr","@id":"https:\/\/buydriverslicense.com\/product\/latvian-drivers-license\/#primaryimage","url":"https:\/\/buydriverslicense.com\/wp-content\/uploads\/2024\/05\/Latvian-dirvers-license.jpg","contentUrl":"https:\/\/buydriverslicense.com\/wp-content\/uploads\/2024\/05\/Latvian-dirvers-license.jpg","width":1787,"height":1332,"caption":"Buy Latvian drivers License"},{"@type":"BreadcrumbList","@id":"https:\/\/buydriverslicense.com\/product\/latvian-drivers-license\/#breadcrumb","itemListElement":[{"@type":"ListItem","position":1,"name":"Home","item":"https:\/\/buydriverslicense.com\/"},{"@type":"ListItem","position":2,"name":"Products","item":"https:\/\/buydriverslicense.com\/products\/"},{"@type":"ListItem","position":3,"name":"Buy Latvian Drivers license (CSDD registered)"}]},{"@type":"WebSite","@id":"https:\/\/buydriverslicense.com\/#website","url":"https:\/\/buydriverslicense.com\/","name":"Kupite voza\u010dku dozvolu online","description":"Kako kupiti voza\u010dku dozvolu bez ispita","potentialAction":[{"@type":"SearchAction","target":{"@type":"EntryPoint","urlTemplate":"https:\/\/buydriverslicense.com\/?s={search_term_string}"},"query-input":{"@type":"PropertyValueSpecification","valueRequired":true,"valueName":"search_term_string"}}],"inLanguage":"hr"}]},"product_price_currency":"EUR","og_availability":"instock","product_availability":"instock","product_condition":"new"},"_links":{"self":[{"href":"https:\/\/buydriverslicense.com\/hr\/wp-json\/wp\/v2\/product\/83","targetHints":{"allow":["GET"]}}],"collection":[{"href":"https:\/\/buydriverslicense.com\/hr\/wp-json\/wp\/v2\/product"}],"about":[{"href":"https:\/\/buydriverslicense.com\/hr\/wp-json\/wp\/v2\/types\/product"}],"wp:featuredmedia":[{"embeddable":true,"href":"https:\/\/buydriverslicense.com\/hr\/wp-json\/wp\/v2\/media\/4662"}],"wp:attachment":[{"href":"https:\/\/buydriverslicense.com\/hr\/wp-json\/wp\/v2\/media?parent=83"}],"wp:term":[{"taxonomy":"product_brand","embeddable":true,"href":"https:\/\/buydriverslicense.com\/hr\/wp-json\/wp\/v2\/product_brand?post=83"},{"taxonomy":"product_cat","embeddable":true,"href":"https:\/\/buydriverslicense.com\/hr\/wp-json\/wp\/v2\/product_cat?post=83"},{"taxonomy":"product_tag","embeddable":true,"href":"https:\/\/buydriverslicense.com\/hr\/wp-json\/wp\/v2\/product_tag?post=83"}],"curies":[{"name":"radni list","href":"https:\/\/api.w.org\/{rel}","templated":true}]}}