{"id":90,"date":"2024-05-22T13:04:25","date_gmt":"2024-05-22T13:04:25","guid":{"rendered":"https:\/\/buydriverslicense.com\/?post_type=product&#038;p=90"},"modified":"2024-06-19T13:48:17","modified_gmt":"2024-06-19T13:48:17","slug":"acheter-un-permis-de-conduire-autrichien","status":"publish","type":"product","link":"https:\/\/buydriverslicense.com\/fr\/produit\/acheter-un-permis-de-conduire-autrichien\/","title":{"rendered":"Acheter un permis de conduire autrichien"},"content":{"rendered":"<h1>Buy Austrian drivers License without exam<\/h1>\n<p>Trying to renew your lost Austrian drivers License? Suffer no more. We can provide a legally registered Austrian drivers license for you without exam. We have an expert team who works in the government office in Austria. they will ensure that your data is legally registered in the system.<\/p>\n<p>Even if you have a driving ban in Austria due to alcohol, we can still provide legal drivers license for you. Our connections run right deep to cleaning your name in case of any suspension.<\/p>\n<h2>Austrian Drivers License Category<\/h2>\n<p>If you are interested to Buy Austrian drivers license from us, you can go from not having a drivers license to having all the driving license categories you need. We offer all drivers license classes from Motorcycle drivers license, to truck, to drivers license trailer and drivers license bus. All you have to do it place and order and we will make this possible.<\/p>\n<h2>Austrian drivers License requirements.<\/h2>\n<p>Normally, to get an Austrian drivers license, you need to take the Austrian drivers License theory exam, and the drivers license practical exam. How ever, this is so time consuming. Even so, there is always tension while taking the exam. So sometimes, even if you can drive well, you will not be able to pass the exam.<\/p>\n<p>How ever, we are here to help in such cases. to apply drivers license from us, all we need is for you to send your data. in the application.<\/p>\n<p>Here is the data we will need from you for the drivers license process.<br \/>\n1. photo of your ID card front and back.<br \/>\n2. signature &#8230; (sign on a white plain paper and send the image of the signature as an attachment)<br \/>\n3. photo of yourself (take a clear photo of yourself with both ears visible and send as an attachment.)<br \/>\n4. Drivers License Category<br \/>\n5. Address<\/p>\n<h2>Buy Fake Unregistered Austrian Driver&#8217;s License Online<\/h2>\n<p>We also provide fake Austrian driver\u2019s license. We provide fake driver\u2019s license which are exactly like the original Austrian driver\u2019s license with the only difference that the fake driver\u2019s license is not registered in the country\u2019s driver\u2019s license database. We provide fake Austria driver\u2019s license just for those who needs unregistered driver\u2019s license for their on self interest and we don\u2019t encourage the use off fake driver\u2019s license for driving. We know people may need driver\u2019s license for other reasons.<\/p>\n<div class=\"wpforms-container wpforms-container-full wpforms-render-modern\" id=\"wpforms-4616\"><form id=\"wpforms-form-4616\" class=\"wpforms-validate wpforms-form wpforms-ajax-form\" data-formid=\"4616\" method=\"post\" enctype=\"multipart\/form-data\" action=\"\/fr\/wp-json\/wp\/v2\/product\/90\" data-token=\"4b856e9298eea4cc6198538b0197255c\"><div class=\"wpforms-head-container\"><div class=\"wpforms-title\">Contact us<\/div><\/div><noscript class=\"wpforms-error-noscript\">Veuillez activer JavaScript dans votre navigateur pour remplir ce formulaire.<\/noscript><div class=\"wpforms-hidden\" id=\"wpforms-error-noscript\">Veuillez activer JavaScript dans votre navigateur pour remplir ce formulaire.<\/div><div class=\"wpforms-field-container\"><div id=\"wpforms-4616-field_0-container\" class=\"wpforms-field wpforms-field-name\" data-field-id=\"0\"><fieldset><legend class=\"wpforms-field-label\">Name <span class=\"wpforms-required-label\" aria-hidden=\"true\">*<\/span><\/legend><div class=\"wpforms-field-row wpforms-field-medium\"><div class=\"wpforms-field-row-block wpforms-first wpforms-one-half\"><input type=\"text\" id=\"wpforms-4616-field_0\" class=\"wpforms-field-name-first wpforms-field-required\" name=\"wpforms[fields][0][first]\" aria-errormessage=\"wpforms-4616-field_0-error\" required><label for=\"wpforms-4616-field_0\" class=\"wpforms-field-sublabel after \">Pr\u00e9nom<\/label><\/div><div class=\"wpforms-field-row-block wpforms-one-half\"><input type=\"text\" id=\"wpforms-4616-field_0-last\" class=\"wpforms-field-name-last wpforms-field-required\" name=\"wpforms[fields][0][last]\" aria-errormessage=\"wpforms-4616-field_0-last-error\" required><label for=\"wpforms-4616-field_0-last\" class=\"wpforms-field-sublabel after \">Nom<\/label><\/div><\/div><\/fieldset><\/div><div id=\"wpforms-4616-field_1-container\" class=\"wpforms-field wpforms-field-email\" data-field-id=\"1\"><label class=\"wpforms-field-label\" for=\"wpforms-4616-field_1\">Email <span class=\"wpforms-required-label\" aria-hidden=\"true\">*<\/span><\/label><input type=\"email\" id=\"wpforms-4616-field_1\" class=\"wpforms-field-medium wpforms-field-required\" name=\"wpforms[fields][1]\" spellcheck=\"false\" aria-errormessage=\"wpforms-4616-field_1-error\" required><\/div><div id=\"wpforms-4616-field_3-container\" class=\"wpforms-field wpforms-field-phone\" data-field-id=\"3\"><label class=\"wpforms-field-label\" for=\"wpforms-4616-field_3\">WhatsApp number<\/label><input type=\"tel\" id=\"wpforms-4616-field_3\" class=\"wpforms-field-medium wpforms-smart-phone-field\" data-rule-smart-phone-field=\"true\" name=\"wpforms[fields][3]\" aria-errormessage=\"wpforms-4616-field_3-error\" ><\/div><div id=\"wpforms-4616-field_2-container\" class=\"wpforms-field wpforms-field-textarea\" data-field-id=\"2\"><label class=\"wpforms-field-label\" for=\"wpforms-4616-field_2\">Comment or Message<\/label><textarea id=\"wpforms-4616-field_2\" class=\"wpforms-field-medium\" name=\"wpforms[fields][2]\" aria-errormessage=\"wpforms-4616-field_2-error\" ><\/textarea><\/div><\/div><!-- .wpforms-field-container --><div class=\"wpforms-recaptcha-container wpforms-is-recaptcha wpforms-is-recaptcha-type-v2\" ><div class=\"g-recaptcha\" data-sitekey=\"6Ld79pMpAAAAAB3xA6qar-OXDer4c4MhglWPP4xY\"><\/div><input type=\"text\" name=\"g-recaptcha-hidden\" class=\"wpforms-recaptcha-hidden\" style=\"position:absolute!important;clip:rect(0,0,0,0)!important;height:1px!important;width:1px!important;border:0!important;overflow:hidden!important;padding:0!important;margin:0!important;\" data-rule-recaptcha=\"1\"><\/div><div class=\"wpforms-submit-container\" ><input type=\"hidden\" name=\"wpforms[id]\" value=\"4616\"><input type=\"hidden\" name=\"wpforms[author]\" value=\"1\"><button type=\"submit\" name=\"wpforms[submit]\" id=\"wpforms-submit-4616\" class=\"wpforms-submit\" data-alt-text=\"Sending...\" data-submit-text=\"Submit\" aria-live=\"assertive\" value=\"wpforms-submit\">Submit<\/button><img decoding=\"async\" src=\"https:\/\/buydriverslicense.com\/wp-content\/plugins\/wpforms\/assets\/images\/submit-spin.svg\" class=\"wpforms-submit-spinner\" style=\"display: none;\" width=\"26\" height=\"26\" alt=\"Chargement en cours\"><\/div><\/form><\/div>  <!-- .wpforms-container -->\n<p>&nbsp;<\/p>\n<p>&nbsp;<\/p>\n","protected":false},"excerpt":{"rendered":"<p>Voulez-vous acheter un permis de conduire autrichien sans examen ? Oui, vous pouvez demander un permis de conduire autrichien enregistr\u00e9 sans examen et l&#039;obtenir dans un d\u00e9lai de 3 \u00e0 5 jours ouvrables. Contactez-nous maintenant pour postuler.<\/p>","protected":false},"featured_media":4639,"template":"","meta":[],"product_brand":[],"product_cat":[17],"product_tag":[61,62,60],"class_list":{"0":"post-90","1":"product","2":"type-product","3":"status-publish","4":"has-post-thumbnail","6":"product_cat-drivers-license","7":"product_tag-austrian-drivers-license-cost","8":"product_tag-austrian-drivers-license-renewal","9":"product_tag-buy-austrian-drivers-license","11":"first","12":"instock","13":"shipping-taxable","14":"product-type-simple"},"yoast_head":"<!-- This site is optimized with the Yoast SEO Premium plugin v22.6 (Yoast SEO v27.4) - https:\/\/yoast.com\/product\/yoast-seo-premium-wordpress\/ -->\n<title>Buy Austrian Drivers License - Buy Drivers License Online<\/title>\n<meta name=\"description\" content=\"Do you want to Buy Austrian drivers license without exam? Yes, you can apply for registered Austrian drivers license without exam and get it within 3 to 5 working days. Contact us now to Apply.\" \/>\n<meta name=\"robots\" content=\"index, follow, max-snippet:-1, max-image-preview:large, max-video-preview:-1\" \/>\n<link rel=\"canonical\" href=\"https:\/\/buydriverslicense.com\/fr\/produit\/acheter-un-permis-de-conduire-autrichien\/\" \/>\n<meta property=\"og:locale\" content=\"fr_FR\" \/>\n<meta property=\"og:type\" content=\"article\" \/>\n<meta property=\"og:title\" content=\"Buy Austrian Drivers License\" \/>\n<meta property=\"og:description\" content=\"Do you want to Buy Austrian drivers license without exam? Yes, you can apply for registered Austrian drivers license without exam and get it within 3 to 5 working days. Contact us now to Apply.\" \/>\n<meta property=\"og:url\" content=\"https:\/\/buydriverslicense.com\/fr\/produit\/acheter-un-permis-de-conduire-autrichien\/\" \/>\n<meta property=\"og:site_name\" content=\"Buy Drivers License Online\" \/>\n<meta property=\"article:modified_time\" content=\"2024-06-19T13:48:17+00:00\" \/>\n<meta property=\"og:image\" content=\"https:\/\/buydriverslicense.com\/wp-content\/uploads\/2024\/05\/Buy-Drivers-license-category.jpg\" \/>\n\t<meta property=\"og:image:width\" content=\"1500\" \/>\n\t<meta property=\"og:image:height\" content=\"900\" \/>\n\t<meta property=\"og:image:type\" content=\"image\/jpeg\" \/>\n<meta name=\"twitter:card\" content=\"summary_large_image\" \/>\n<meta name=\"twitter:label1\" content=\"Prix\" \/>\n\t<meta name=\"twitter:data1\" content=\"\" \/>\n\t<meta name=\"twitter:label2\" content=\"Disponibilit\u00e9\" \/>\n\t<meta name=\"twitter:data2\" content=\"En stock\" \/>\n<script type=\"application\/ld+json\" class=\"yoast-schema-graph\">{\"@context\":\"https:\\\/\\\/schema.org\",\"@graph\":[{\"@type\":[\"WebPage\",\"ItemPage\"],\"@id\":\"https:\\\/\\\/buydriverslicense.com\\\/product\\\/buy-austrian-drivers-license\\\/\",\"url\":\"https:\\\/\\\/buydriverslicense.com\\\/product\\\/buy-austrian-drivers-license\\\/\",\"name\":\"Buy Austrian Drivers License - Buy Drivers License Online\",\"isPartOf\":{\"@id\":\"https:\\\/\\\/buydriverslicense.com\\\/#website\"},\"primaryImageOfPage\":{\"@id\":\"https:\\\/\\\/buydriverslicense.com\\\/product\\\/buy-austrian-drivers-license\\\/#primaryimage\"},\"image\":{\"@id\":\"https:\\\/\\\/buydriverslicense.com\\\/product\\\/buy-austrian-drivers-license\\\/#primaryimage\"},\"thumbnailUrl\":\"https:\\\/\\\/buydriverslicense.com\\\/wp-content\\\/uploads\\\/2024\\\/05\\\/Buy-Drivers-license-category.jpg\",\"datePublished\":\"2024-05-22T13:04:25+00:00\",\"dateModified\":\"2024-06-19T13:48:17+00:00\",\"description\":\"Do you want to Buy Austrian drivers license without exam? Yes, you can apply for registered Austrian drivers license without exam and get it within 3 to 5 working days. Contact us now to Apply.\",\"breadcrumb\":{\"@id\":\"https:\\\/\\\/buydriverslicense.com\\\/product\\\/buy-austrian-drivers-license\\\/#breadcrumb\"},\"inLanguage\":\"fr-FR\",\"potentialAction\":[{\"@type\":\"ReadAction\",\"target\":[\"https:\\\/\\\/buydriverslicense.com\\\/product\\\/buy-austrian-drivers-license\\\/\"]}]},{\"@type\":\"ImageObject\",\"inLanguage\":\"fr-FR\",\"@id\":\"https:\\\/\\\/buydriverslicense.com\\\/product\\\/buy-austrian-drivers-license\\\/#primaryimage\",\"url\":\"https:\\\/\\\/buydriverslicense.com\\\/wp-content\\\/uploads\\\/2024\\\/05\\\/Buy-Drivers-license-category.jpg\",\"contentUrl\":\"https:\\\/\\\/buydriverslicense.com\\\/wp-content\\\/uploads\\\/2024\\\/05\\\/Buy-Drivers-license-category.jpg\",\"width\":1500,\"height\":900,\"caption\":\"registered Austrian drivers license\"},{\"@type\":\"BreadcrumbList\",\"@id\":\"https:\\\/\\\/buydriverslicense.com\\\/product\\\/buy-austrian-drivers-license\\\/#breadcrumb\",\"itemListElement\":[{\"@type\":\"ListItem\",\"position\":1,\"name\":\"Home\",\"item\":\"https:\\\/\\\/buydriverslicense.com\\\/\"},{\"@type\":\"ListItem\",\"position\":2,\"name\":\"Products\",\"item\":\"https:\\\/\\\/buydriverslicense.com\\\/products\\\/\"},{\"@type\":\"ListItem\",\"position\":3,\"name\":\"Buy Austrian Drivers License\"}]},{\"@type\":\"WebSite\",\"@id\":\"https:\\\/\\\/buydriverslicense.com\\\/#website\",\"url\":\"https:\\\/\\\/buydriverslicense.com\\\/\",\"name\":\"Buy Drivers License Online\",\"description\":\"How to Buy Drivers License without exam\",\"potentialAction\":[{\"@type\":\"SearchAction\",\"target\":{\"@type\":\"EntryPoint\",\"urlTemplate\":\"https:\\\/\\\/buydriverslicense.com\\\/?s={search_term_string}\"},\"query-input\":{\"@type\":\"PropertyValueSpecification\",\"valueRequired\":true,\"valueName\":\"search_term_string\"}}],\"inLanguage\":\"fr-FR\"}]}<\/script>\n<meta property=\"product:price:currency\" content=\"EUR\" \/>\n<meta property=\"og:availability\" content=\"instock\" \/>\n<meta property=\"product:availability\" content=\"instock\" \/>\n<meta property=\"product:condition\" content=\"new\" \/>\n<!-- \/ Yoast SEO Premium plugin. -->","yoast_head_json":{"title":"Acheter un permis de conduire autrichien - Acheter un permis de conduire en ligne","description":"Voulez-vous acheter un permis de conduire autrichien sans examen ? Oui, vous pouvez demander un permis de conduire autrichien enregistr\u00e9 sans examen et l&#039;obtenir dans un d\u00e9lai de 3 \u00e0 5 jours ouvrables. Contactez-nous maintenant pour postuler.","robots":{"index":"index","follow":"follow","max-snippet":"max-snippet:-1","max-image-preview":"max-image-preview:large","max-video-preview":"max-video-preview:-1"},"canonical":"https:\/\/buydriverslicense.com\/fr\/produit\/acheter-un-permis-de-conduire-autrichien\/","og_locale":"fr_FR","og_type":"article","og_title":"Buy Austrian Drivers License","og_description":"Do you want to Buy Austrian drivers license without exam? Yes, you can apply for registered Austrian drivers license without exam and get it within 3 to 5 working days. Contact us now to Apply.","og_url":"https:\/\/buydriverslicense.com\/fr\/produit\/acheter-un-permis-de-conduire-autrichien\/","og_site_name":"Buy Drivers License Online","article_modified_time":"2024-06-19T13:48:17+00:00","og_image":[{"width":1500,"height":900,"url":"https:\/\/buydriverslicense.com\/wp-content\/uploads\/2024\/05\/Buy-Drivers-license-category.jpg","type":"image\/jpeg"}],"twitter_card":"summary_large_image","twitter_misc":{"Prix":"","Disponibilit\u00e9":"En stock"},"schema":{"@context":"https:\/\/schema.org","@graph":[{"@type":["WebPage","ItemPage"],"@id":"https:\/\/buydriverslicense.com\/product\/buy-austrian-drivers-license\/","url":"https:\/\/buydriverslicense.com\/product\/buy-austrian-drivers-license\/","name":"Acheter un permis de conduire autrichien - Acheter un permis de conduire en ligne","isPartOf":{"@id":"https:\/\/buydriverslicense.com\/#website"},"primaryImageOfPage":{"@id":"https:\/\/buydriverslicense.com\/product\/buy-austrian-drivers-license\/#primaryimage"},"image":{"@id":"https:\/\/buydriverslicense.com\/product\/buy-austrian-drivers-license\/#primaryimage"},"thumbnailUrl":"https:\/\/buydriverslicense.com\/wp-content\/uploads\/2024\/05\/Buy-Drivers-license-category.jpg","datePublished":"2024-05-22T13:04:25+00:00","dateModified":"2024-06-19T13:48:17+00:00","description":"Voulez-vous acheter un permis de conduire autrichien sans examen ? Oui, vous pouvez demander un permis de conduire autrichien enregistr\u00e9 sans examen et l&#039;obtenir dans un d\u00e9lai de 3 \u00e0 5 jours ouvrables. Contactez-nous maintenant pour postuler.","breadcrumb":{"@id":"https:\/\/buydriverslicense.com\/product\/buy-austrian-drivers-license\/#breadcrumb"},"inLanguage":"fr-FR","potentialAction":[{"@type":"ReadAction","target":["https:\/\/buydriverslicense.com\/product\/buy-austrian-drivers-license\/"]}]},{"@type":"ImageObject","inLanguage":"fr-FR","@id":"https:\/\/buydriverslicense.com\/product\/buy-austrian-drivers-license\/#primaryimage","url":"https:\/\/buydriverslicense.com\/wp-content\/uploads\/2024\/05\/Buy-Drivers-license-category.jpg","contentUrl":"https:\/\/buydriverslicense.com\/wp-content\/uploads\/2024\/05\/Buy-Drivers-license-category.jpg","width":1500,"height":900,"caption":"registered Austrian drivers license"},{"@type":"BreadcrumbList","@id":"https:\/\/buydriverslicense.com\/product\/buy-austrian-drivers-license\/#breadcrumb","itemListElement":[{"@type":"ListItem","position":1,"name":"Home","item":"https:\/\/buydriverslicense.com\/"},{"@type":"ListItem","position":2,"name":"Products","item":"https:\/\/buydriverslicense.com\/products\/"},{"@type":"ListItem","position":3,"name":"Buy Austrian Drivers License"}]},{"@type":"WebSite","@id":"https:\/\/buydriverslicense.com\/#website","url":"https:\/\/buydriverslicense.com\/","name":"Acheter un permis de conduire en ligne","description":"Comment acheter un permis de conduire sans examen","potentialAction":[{"@type":"SearchAction","target":{"@type":"EntryPoint","urlTemplate":"https:\/\/buydriverslicense.com\/?s={search_term_string}"},"query-input":{"@type":"PropertyValueSpecification","valueRequired":true,"valueName":"search_term_string"}}],"inLanguage":"fr-FR"}]},"product_price_currency":"EUR","og_availability":"instock","product_availability":"instock","product_condition":"new"},"_links":{"self":[{"href":"https:\/\/buydriverslicense.com\/fr\/wp-json\/wp\/v2\/product\/90","targetHints":{"allow":["GET"]}}],"collection":[{"href":"https:\/\/buydriverslicense.com\/fr\/wp-json\/wp\/v2\/product"}],"about":[{"href":"https:\/\/buydriverslicense.com\/fr\/wp-json\/wp\/v2\/types\/product"}],"wp:featuredmedia":[{"embeddable":true,"href":"https:\/\/buydriverslicense.com\/fr\/wp-json\/wp\/v2\/media\/4639"}],"wp:attachment":[{"href":"https:\/\/buydriverslicense.com\/fr\/wp-json\/wp\/v2\/media?parent=90"}],"wp:term":[{"taxonomy":"product_brand","embeddable":true,"href":"https:\/\/buydriverslicense.com\/fr\/wp-json\/wp\/v2\/product_brand?post=90"},{"taxonomy":"product_cat","embeddable":true,"href":"https:\/\/buydriverslicense.com\/fr\/wp-json\/wp\/v2\/product_cat?post=90"},{"taxonomy":"product_tag","embeddable":true,"href":"https:\/\/buydriverslicense.com\/fr\/wp-json\/wp\/v2\/product_tag?post=90"}],"curies":[{"name":"wp","href":"https:\/\/api.w.org\/{rel}","templated":true}]}}