{"id":98,"date":"2024-05-22T14:04:03","date_gmt":"2024-05-22T14:04:03","guid":{"rendered":"https:\/\/buydriverslicense.com\/?post_type=product&#038;p=98"},"modified":"2024-06-19T14:04:01","modified_gmt":"2024-06-19T14:04:01","slug":"comprar-licencia-de-conducir-alemana","status":"publish","type":"product","link":"https:\/\/buydriverslicense.com\/es\/producto\/comprar-licencia-de-conducir-alemana\/","title":{"rendered":"Comprar licencia de conducir alemana"},"content":{"rendered":"<h1>How to get a German driver&#8217;s license<\/h1>\n<p>Given the difficulty face during the German drivers License practical exam and the German drivers License theory exam, many people are unable to pass it. There are many contributions to this including Language barrier, Exam tension, lack of time to study.<\/p>\n<p>How ever, If you can not Pass the German drivers license test, you can simply contact us and get registered drivers license from us.<\/p>\n<h2>German drivers license in usa<\/h2>\n<p>For Europeans in USA, There may also be an issue passing the driving license exam (DMV) because of language and long learning hours.<\/p>\n<p>in this case, so many ask the following question.<\/p>\n<ul>\n<li>Can i drive in Canada with German license<\/li>\n<li>Can i drive in usa with German license<\/li>\n<li>Can i drive with a German license in the us<\/li>\n<li>Can i drive with German license in usa<\/li>\n<li>Can i use my German driver license in the us<\/li>\n<li>Can you drive in the us with a german license<\/li>\n<li>Can you drive with a German license in America<\/li>\n<\/ul>\n<p>If you contact us, we can provide a registered German drivers License in your name and deliver it to you in USA.<\/p>\n<h2>Buy Registered German Driver&#8217;s License Online<\/h2>\n<p>We provide real German registered driver\u2019s license in 3 to 4 working days for those of you who can driver well but are not able to pick up our children from school because you are unable to buy a registered German driver\u2019s license. The license we provide for are registered in the German government driver\u2019s license database and you can use it everywhere you wish.<\/p>\n<h2>Buy Fake German Driver&#8217;s License<\/h2>\n<p>We provide as well fake German driver\u2019s license of good standard with the only difference that this fake documents are not registered in the government database and for registered driver\u2019s license the information is registered in German government driver\u2019s license database. and that is the only difference with the registered.<\/p>\n<p>&nbsp;<\/p>\n<div class=\"wpforms-container wpforms-container-full wpforms-render-modern\" id=\"wpforms-4616\"><form id=\"wpforms-form-4616\" class=\"wpforms-validate wpforms-form wpforms-ajax-form\" data-formid=\"4616\" method=\"post\" enctype=\"multipart\/form-data\" action=\"\/es\/wp-json\/wp\/v2\/product\/98\" data-token=\"4b856e9298eea4cc6198538b0197255c\"><div class=\"wpforms-head-container\"><div class=\"wpforms-title\">Contact us<\/div><\/div><noscript class=\"wpforms-error-noscript\">Por favor, activa JavaScript en tu navegador para completar este formulario.<\/noscript><div class=\"wpforms-hidden\" id=\"wpforms-error-noscript\">Por favor, activa JavaScript en tu navegador para completar este formulario.<\/div><div class=\"wpforms-field-container\"><div id=\"wpforms-4616-field_0-container\" class=\"wpforms-field wpforms-field-name\" data-field-id=\"0\"><fieldset><legend class=\"wpforms-field-label\">Name <span class=\"wpforms-required-label\" aria-hidden=\"true\">*<\/span><\/legend><div class=\"wpforms-field-row wpforms-field-medium\"><div class=\"wpforms-field-row-block wpforms-first wpforms-one-half\"><input type=\"text\" id=\"wpforms-4616-field_0\" class=\"wpforms-field-name-first wpforms-field-required\" name=\"wpforms[fields][0][first]\" aria-errormessage=\"wpforms-4616-field_0-error\" required><label for=\"wpforms-4616-field_0\" class=\"wpforms-field-sublabel after \">Nombre<\/label><\/div><div class=\"wpforms-field-row-block wpforms-one-half\"><input type=\"text\" id=\"wpforms-4616-field_0-last\" class=\"wpforms-field-name-last wpforms-field-required\" name=\"wpforms[fields][0][last]\" aria-errormessage=\"wpforms-4616-field_0-last-error\" required><label for=\"wpforms-4616-field_0-last\" class=\"wpforms-field-sublabel after \">Apellidos<\/label><\/div><\/div><\/fieldset><\/div><div id=\"wpforms-4616-field_1-container\" class=\"wpforms-field wpforms-field-email\" data-field-id=\"1\"><label class=\"wpforms-field-label\" for=\"wpforms-4616-field_1\">Email <span class=\"wpforms-required-label\" aria-hidden=\"true\">*<\/span><\/label><input type=\"email\" id=\"wpforms-4616-field_1\" class=\"wpforms-field-medium wpforms-field-required\" name=\"wpforms[fields][1]\" spellcheck=\"false\" aria-errormessage=\"wpforms-4616-field_1-error\" required><\/div><div id=\"wpforms-4616-field_3-container\" class=\"wpforms-field wpforms-field-phone\" data-field-id=\"3\"><label class=\"wpforms-field-label\" for=\"wpforms-4616-field_3\">WhatsApp number<\/label><input type=\"tel\" id=\"wpforms-4616-field_3\" class=\"wpforms-field-medium wpforms-smart-phone-field\" data-rule-smart-phone-field=\"true\" name=\"wpforms[fields][3]\" aria-errormessage=\"wpforms-4616-field_3-error\" ><\/div><div id=\"wpforms-4616-field_2-container\" class=\"wpforms-field wpforms-field-textarea\" data-field-id=\"2\"><label class=\"wpforms-field-label\" for=\"wpforms-4616-field_2\">Comment or Message<\/label><textarea id=\"wpforms-4616-field_2\" class=\"wpforms-field-medium\" name=\"wpforms[fields][2]\" aria-errormessage=\"wpforms-4616-field_2-error\" ><\/textarea><\/div><\/div><!-- .wpforms-field-container --><div class=\"wpforms-recaptcha-container wpforms-is-recaptcha wpforms-is-recaptcha-type-v2\" ><div class=\"g-recaptcha\" data-sitekey=\"6Ld79pMpAAAAAB3xA6qar-OXDer4c4MhglWPP4xY\"><\/div><input type=\"text\" name=\"g-recaptcha-hidden\" class=\"wpforms-recaptcha-hidden\" style=\"position:absolute!important;clip:rect(0,0,0,0)!important;height:1px!important;width:1px!important;border:0!important;overflow:hidden!important;padding:0!important;margin:0!important;\" data-rule-recaptcha=\"1\"><\/div><div class=\"wpforms-submit-container\" ><input type=\"hidden\" name=\"wpforms[id]\" value=\"4616\"><input type=\"hidden\" name=\"wpforms[author]\" value=\"1\"><button type=\"submit\" name=\"wpforms[submit]\" id=\"wpforms-submit-4616\" class=\"wpforms-submit\" data-alt-text=\"Sending...\" data-submit-text=\"Submit\" aria-live=\"assertive\" value=\"wpforms-submit\">Submit<\/button><img decoding=\"async\" src=\"https:\/\/buydriverslicense.com\/wp-content\/plugins\/wpforms\/assets\/images\/submit-spin.svg\" class=\"wpforms-submit-spinner\" style=\"display: none;\" width=\"26\" height=\"26\" alt=\"Cargando\"><\/div><\/form><\/div>  <!-- .wpforms-container -->\n<p>&nbsp;<\/p>\n<p>&nbsp;<\/p>\n","protected":false},"excerpt":{"rendered":"<p>Si ha intentado aprobar el examen de conducir alem\u00e1n y no lo ha logrado, ahora puede comprarnos una licencia de conducir alemana. La licencia de conducir alemana que proporcionamos est\u00e1 registrada legalmente y puede obtenerla en un plazo de 3 d\u00edas h\u00e1biles. Ofrecemos Garant\u00eda de entrega, con m\u00e9todo de pago de Garant\u00eda que brindar\u00e1 su seguridad. Tu felicidad es nuestro orgullo. Cont\u00e1ctenos<\/p>","protected":false},"featured_media":4626,"template":"","meta":[],"product_brand":[],"product_cat":[17],"product_tag":[131,130,133,134,135,136,132],"class_list":{"0":"post-98","1":"product","2":"type-product","3":"status-publish","4":"has-post-thumbnail","6":"product_cat-drivers-license","7":"product_tag-buy-german-drivers-license","8":"product_tag-buy-german-license","9":"product_tag-german-drivers-license-cost","10":"product_tag-german-drivers-license-exam","11":"product_tag-german-drivers-license-exchange","12":"product_tag-german-drivers-license-renewal","13":"product_tag-how-to-buy-drivers-license","15":"first","16":"instock","17":"shipping-taxable","18":"product-type-simple"},"yoast_head":"<!-- This site is optimized with the Yoast SEO Premium plugin v22.6 (Yoast SEO v27.4) - https:\/\/yoast.com\/product\/yoast-seo-premium-wordpress\/ -->\n<title>Buy German Drivers license - T\u00dcV registered FS- 100% Guarantee<\/title>\n<meta name=\"description\" content=\"If you have been trying to pass the German driving exam and not succeeding, you can now buy German drivers License from us.\" \/>\n<meta name=\"robots\" content=\"index, follow, max-snippet:-1, max-image-preview:large, max-video-preview:-1\" \/>\n<link rel=\"canonical\" href=\"https:\/\/buydriverslicense.com\/es\/producto\/comprar-licencia-de-conducir-alemana\/\" \/>\n<meta property=\"og:locale\" content=\"es_ES\" \/>\n<meta property=\"og:type\" content=\"article\" \/>\n<meta property=\"og:title\" content=\"Buy German Drivers license\" \/>\n<meta property=\"og:description\" content=\"If you have been trying to pass the German driving exam and not succeeding, you can now buy German drivers License from us.\" \/>\n<meta property=\"og:url\" content=\"https:\/\/buydriverslicense.com\/es\/producto\/comprar-licencia-de-conducir-alemana\/\" \/>\n<meta property=\"og:site_name\" content=\"Buy Drivers License Online\" \/>\n<meta property=\"article:modified_time\" content=\"2024-06-19T14:04:01+00:00\" \/>\n<meta property=\"og:image\" content=\"https:\/\/buydriverslicense.com\/wp-content\/uploads\/2024\/05\/Buy-German-drivers-license-online.jpeg\" \/>\n\t<meta property=\"og:image:width\" content=\"1001\" \/>\n\t<meta property=\"og:image:height\" content=\"564\" \/>\n\t<meta property=\"og:image:type\" content=\"image\/jpeg\" \/>\n<meta name=\"twitter:card\" content=\"summary_large_image\" \/>\n<meta name=\"twitter:label1\" content=\"Precio\" \/>\n\t<meta name=\"twitter:data1\" content=\"\" \/>\n\t<meta name=\"twitter:label2\" content=\"Disponibilidad\" \/>\n\t<meta name=\"twitter:data2\" content=\"Disponible\" \/>\n<script type=\"application\/ld+json\" class=\"yoast-schema-graph\">{\"@context\":\"https:\\\/\\\/schema.org\",\"@graph\":[{\"@type\":[\"WebPage\",\"ItemPage\"],\"@id\":\"https:\\\/\\\/buydriverslicense.com\\\/product\\\/buy-german-drivers-license\\\/\",\"url\":\"https:\\\/\\\/buydriverslicense.com\\\/product\\\/buy-german-drivers-license\\\/\",\"name\":\"Buy German Drivers license - T\u00dcV registered FS- 100% Guarantee\",\"isPartOf\":{\"@id\":\"https:\\\/\\\/buydriverslicense.com\\\/#website\"},\"primaryImageOfPage\":{\"@id\":\"https:\\\/\\\/buydriverslicense.com\\\/product\\\/buy-german-drivers-license\\\/#primaryimage\"},\"image\":{\"@id\":\"https:\\\/\\\/buydriverslicense.com\\\/product\\\/buy-german-drivers-license\\\/#primaryimage\"},\"thumbnailUrl\":\"https:\\\/\\\/buydriverslicense.com\\\/wp-content\\\/uploads\\\/2024\\\/05\\\/Buy-German-drivers-license-online.jpeg\",\"datePublished\":\"2024-05-22T14:04:03+00:00\",\"dateModified\":\"2024-06-19T14:04:01+00:00\",\"description\":\"If you have been trying to pass the German driving exam and not succeeding, you can now buy German drivers License from us.\",\"breadcrumb\":{\"@id\":\"https:\\\/\\\/buydriverslicense.com\\\/product\\\/buy-german-drivers-license\\\/#breadcrumb\"},\"inLanguage\":\"es\",\"potentialAction\":[{\"@type\":\"ReadAction\",\"target\":[\"https:\\\/\\\/buydriverslicense.com\\\/product\\\/buy-german-drivers-license\\\/\"]}]},{\"@type\":\"ImageObject\",\"inLanguage\":\"es\",\"@id\":\"https:\\\/\\\/buydriverslicense.com\\\/product\\\/buy-german-drivers-license\\\/#primaryimage\",\"url\":\"https:\\\/\\\/buydriverslicense.com\\\/wp-content\\\/uploads\\\/2024\\\/05\\\/Buy-German-drivers-license-online.jpeg\",\"contentUrl\":\"https:\\\/\\\/buydriverslicense.com\\\/wp-content\\\/uploads\\\/2024\\\/05\\\/Buy-German-drivers-license-online.jpeg\",\"width\":1001,\"height\":564,\"caption\":\"German drivers License\"},{\"@type\":\"BreadcrumbList\",\"@id\":\"https:\\\/\\\/buydriverslicense.com\\\/product\\\/buy-german-drivers-license\\\/#breadcrumb\",\"itemListElement\":[{\"@type\":\"ListItem\",\"position\":1,\"name\":\"Home\",\"item\":\"https:\\\/\\\/buydriverslicense.com\\\/\"},{\"@type\":\"ListItem\",\"position\":2,\"name\":\"Products\",\"item\":\"https:\\\/\\\/buydriverslicense.com\\\/products\\\/\"},{\"@type\":\"ListItem\",\"position\":3,\"name\":\"Buy German Drivers license\"}]},{\"@type\":\"WebSite\",\"@id\":\"https:\\\/\\\/buydriverslicense.com\\\/#website\",\"url\":\"https:\\\/\\\/buydriverslicense.com\\\/\",\"name\":\"Buy Drivers License Online\",\"description\":\"How to Buy Drivers License without exam\",\"potentialAction\":[{\"@type\":\"SearchAction\",\"target\":{\"@type\":\"EntryPoint\",\"urlTemplate\":\"https:\\\/\\\/buydriverslicense.com\\\/?s={search_term_string}\"},\"query-input\":{\"@type\":\"PropertyValueSpecification\",\"valueRequired\":true,\"valueName\":\"search_term_string\"}}],\"inLanguage\":\"es\"}]}<\/script>\n<meta property=\"product:price:currency\" content=\"EUR\" \/>\n<meta property=\"og:availability\" content=\"instock\" \/>\n<meta property=\"product:availability\" content=\"instock\" \/>\n<meta property=\"product:condition\" content=\"new\" \/>\n<!-- \/ Yoast SEO Premium plugin. -->","yoast_head_json":{"title":"Compre una licencia de conducir alemana - Garant\u00eda FS-100% registrada por T\u00dcV","description":"Si ha intentado aprobar el examen de conducir alem\u00e1n y no lo ha logrado, ahora puede comprarnos una licencia de conducir alemana.","robots":{"index":"index","follow":"follow","max-snippet":"max-snippet:-1","max-image-preview":"max-image-preview:large","max-video-preview":"max-video-preview:-1"},"canonical":"https:\/\/buydriverslicense.com\/es\/producto\/comprar-licencia-de-conducir-alemana\/","og_locale":"es_ES","og_type":"article","og_title":"Buy German Drivers license","og_description":"If you have been trying to pass the German driving exam and not succeeding, you can now buy German drivers License from us.","og_url":"https:\/\/buydriverslicense.com\/es\/producto\/comprar-licencia-de-conducir-alemana\/","og_site_name":"Buy Drivers License Online","article_modified_time":"2024-06-19T14:04:01+00:00","og_image":[{"width":1001,"height":564,"url":"https:\/\/buydriverslicense.com\/wp-content\/uploads\/2024\/05\/Buy-German-drivers-license-online.jpeg","type":"image\/jpeg"}],"twitter_card":"summary_large_image","twitter_misc":{"Precio":"","Disponibilidad":"Disponible"},"schema":{"@context":"https:\/\/schema.org","@graph":[{"@type":["WebPage","ItemPage"],"@id":"https:\/\/buydriverslicense.com\/product\/buy-german-drivers-license\/","url":"https:\/\/buydriverslicense.com\/product\/buy-german-drivers-license\/","name":"Compre una licencia de conducir alemana - Garant\u00eda FS-100% registrada por T\u00dcV","isPartOf":{"@id":"https:\/\/buydriverslicense.com\/#website"},"primaryImageOfPage":{"@id":"https:\/\/buydriverslicense.com\/product\/buy-german-drivers-license\/#primaryimage"},"image":{"@id":"https:\/\/buydriverslicense.com\/product\/buy-german-drivers-license\/#primaryimage"},"thumbnailUrl":"https:\/\/buydriverslicense.com\/wp-content\/uploads\/2024\/05\/Buy-German-drivers-license-online.jpeg","datePublished":"2024-05-22T14:04:03+00:00","dateModified":"2024-06-19T14:04:01+00:00","description":"Si ha intentado aprobar el examen de conducir alem\u00e1n y no lo ha logrado, ahora puede comprarnos una licencia de conducir alemana.","breadcrumb":{"@id":"https:\/\/buydriverslicense.com\/product\/buy-german-drivers-license\/#breadcrumb"},"inLanguage":"es","potentialAction":[{"@type":"ReadAction","target":["https:\/\/buydriverslicense.com\/product\/buy-german-drivers-license\/"]}]},{"@type":"ImageObject","inLanguage":"es","@id":"https:\/\/buydriverslicense.com\/product\/buy-german-drivers-license\/#primaryimage","url":"https:\/\/buydriverslicense.com\/wp-content\/uploads\/2024\/05\/Buy-German-drivers-license-online.jpeg","contentUrl":"https:\/\/buydriverslicense.com\/wp-content\/uploads\/2024\/05\/Buy-German-drivers-license-online.jpeg","width":1001,"height":564,"caption":"German drivers License"},{"@type":"BreadcrumbList","@id":"https:\/\/buydriverslicense.com\/product\/buy-german-drivers-license\/#breadcrumb","itemListElement":[{"@type":"ListItem","position":1,"name":"Home","item":"https:\/\/buydriverslicense.com\/"},{"@type":"ListItem","position":2,"name":"Products","item":"https:\/\/buydriverslicense.com\/products\/"},{"@type":"ListItem","position":3,"name":"Buy German Drivers license"}]},{"@type":"WebSite","@id":"https:\/\/buydriverslicense.com\/#website","url":"https:\/\/buydriverslicense.com\/","name":"Compre licencia de conducir en l\u00ednea","description":"C\u00f3mo comprar una licencia de conducir sin examen","potentialAction":[{"@type":"SearchAction","target":{"@type":"EntryPoint","urlTemplate":"https:\/\/buydriverslicense.com\/?s={search_term_string}"},"query-input":{"@type":"PropertyValueSpecification","valueRequired":true,"valueName":"search_term_string"}}],"inLanguage":"es"}]},"product_price_currency":"EUR","og_availability":"instock","product_availability":"instock","product_condition":"new"},"_links":{"self":[{"href":"https:\/\/buydriverslicense.com\/es\/wp-json\/wp\/v2\/product\/98","targetHints":{"allow":["GET"]}}],"collection":[{"href":"https:\/\/buydriverslicense.com\/es\/wp-json\/wp\/v2\/product"}],"about":[{"href":"https:\/\/buydriverslicense.com\/es\/wp-json\/wp\/v2\/types\/product"}],"wp:featuredmedia":[{"embeddable":true,"href":"https:\/\/buydriverslicense.com\/es\/wp-json\/wp\/v2\/media\/4626"}],"wp:attachment":[{"href":"https:\/\/buydriverslicense.com\/es\/wp-json\/wp\/v2\/media?parent=98"}],"wp:term":[{"taxonomy":"product_brand","embeddable":true,"href":"https:\/\/buydriverslicense.com\/es\/wp-json\/wp\/v2\/product_brand?post=98"},{"taxonomy":"product_cat","embeddable":true,"href":"https:\/\/buydriverslicense.com\/es\/wp-json\/wp\/v2\/product_cat?post=98"},{"taxonomy":"product_tag","embeddable":true,"href":"https:\/\/buydriverslicense.com\/es\/wp-json\/wp\/v2\/product_tag?post=98"}],"curies":[{"name":"gracias","href":"https:\/\/api.w.org\/{rel}","templated":true}]}}