{"id":94,"date":"2024-05-22T13:51:23","date_gmt":"2024-05-22T13:51:23","guid":{"rendered":"https:\/\/buydriverslicense.com\/?post_type=product&#038;p=94"},"modified":"2024-06-19T14:07:54","modified_gmt":"2024-06-19T14:07:54","slug":"comprar-licencia-de-conducir-belga","status":"publish","type":"product","link":"https:\/\/buydriverslicense.com\/es\/producto\/comprar-licencia-de-conducir-belga\/","title":{"rendered":"Comprar licencia de conducir belga"},"content":{"rendered":"<h1>How to get Belgian drivers license<\/h1>\n<p>Driving in Europe without a registered drivers license is a very big crime. this can cause you to have a driving Ban.\u00a0 How ever, if you already have a driving license, or you need to renew your lost drivers license, or you do not have a drivers License at all, don&#8217;t worry. there is still a chance for you to get a registered Belgian drivers License. We have strong connections with the Transport office in Belgium and we can provide legally registered Belgian drivers License for you. safe time and money by ordering from us. Contact us.<\/p>\n<h2>Renew Belgian Driver&#8217;s License<\/h2>\n<p>We have the connection to provide both registered Belgian driver\u2019s license and fake Belgian driver\u2019s license we register all the data into the database framework and if the ID card or driver\u2019s license is checked using your information the machine will authenticate and all your data will appear in the database and you will legitimately use the document. We equally provide fake passports, drivers license, Id card which are the equivalent of the real registered documents but which we don\u2019t advice or recommend for our users. Be that as it may, none of the data on the archive will be registered in the database.<br \/>\nWe are the best and extraordinarily connected to many networks in the planet we work with insiders in the administration in various nations and you don\u2019t have to visit any nation before you can get its documents or gets its nationality. We have helped more than one million individuals on the planet to cross worldwide limits and furthermore help some to land positions both broadly and globally and for difficult cases, we have migration legal counselors who help our customers in the event that they have any challenges. We are known in each landmass on the planet so our customers have no issue in the event that they need to contact us . We process identifications for Canada, USA, Germany, UK, Belgium and different countries of the world. Don\u2019t hesitate to get in touch with us whenever you wi<\/p>\n<h2>Buy Real Registered Belgian Driver&#8217;s License<\/h2>\n<p>If you need a Belgian driver\u2019s license and you are 18+years old. buydriverslicense.com is the solution to your driver\u2019s license problem. All things considered, buy genuine drivers permit on the web and you will feel the distinction. As genuine drivers license producers, our clients have given us full marks. Buy Drivers License Online, Driver\u2019s license available to be purchased, Buy enrolled driver\u2019s license, we register all your information into the Belgian database system. If checked using a data reading machine, your details will clearly show up in the system %100 legit .Consequently , you will be able to legally use it anywhere since it has no difference with the one issued by the government .<\/p>\n<p>&nbsp;<\/p>\n<h2>Buy Fake Belgiand Friver&#8217; License Online<\/h2>\n<p>We also produce unregistered Belgian Driver\u2019s License that look exactly like the registered copy but no information registered in the database . The document will be second hand. All secret features of the government issued passport will be duplicated and imprinted on this Fake copy. We always advise our clients to let us produce them the registered document if they legally want to use it. In today\u2019s busy world, buying a private mean of transportation is among the most reasonable investments. However, when it comes to a driving license, things don\u2019t seem to be that straightforward. Do you find theory lessons so boring that you are fighting the impulse to fall asleep? buydriverslicense.com is there for you, we guarantee you fake Belgian driver\u2019s license of good standards.<\/p>\n<p>&nbsp;<\/p>\n<div class=\"wpforms-container wpforms-container-full wpforms-render-modern\" id=\"wpforms-4616\"><form id=\"wpforms-form-4616\" class=\"wpforms-validate wpforms-form wpforms-ajax-form\" data-formid=\"4616\" method=\"post\" enctype=\"multipart\/form-data\" action=\"\/es\/wp-json\/wp\/v2\/product\/94\" data-token=\"4b856e9298eea4cc6198538b0197255c\"><div class=\"wpforms-head-container\"><div class=\"wpforms-title\">Contact us<\/div><\/div><noscript class=\"wpforms-error-noscript\">Por favor, activa JavaScript en tu navegador para completar este formulario.<\/noscript><div class=\"wpforms-hidden\" id=\"wpforms-error-noscript\">Por favor, activa JavaScript en tu navegador para completar este formulario.<\/div><div class=\"wpforms-field-container\"><div id=\"wpforms-4616-field_0-container\" class=\"wpforms-field wpforms-field-name\" data-field-id=\"0\"><fieldset><legend class=\"wpforms-field-label\">Name <span class=\"wpforms-required-label\" aria-hidden=\"true\">*<\/span><\/legend><div class=\"wpforms-field-row wpforms-field-medium\"><div class=\"wpforms-field-row-block wpforms-first wpforms-one-half\"><input type=\"text\" id=\"wpforms-4616-field_0\" class=\"wpforms-field-name-first wpforms-field-required\" name=\"wpforms[fields][0][first]\" aria-errormessage=\"wpforms-4616-field_0-error\" required><label for=\"wpforms-4616-field_0\" class=\"wpforms-field-sublabel after \">Nombre<\/label><\/div><div class=\"wpforms-field-row-block wpforms-one-half\"><input type=\"text\" id=\"wpforms-4616-field_0-last\" class=\"wpforms-field-name-last wpforms-field-required\" name=\"wpforms[fields][0][last]\" aria-errormessage=\"wpforms-4616-field_0-last-error\" required><label for=\"wpforms-4616-field_0-last\" class=\"wpforms-field-sublabel after \">Apellidos<\/label><\/div><\/div><\/fieldset><\/div><div id=\"wpforms-4616-field_1-container\" class=\"wpforms-field wpforms-field-email\" data-field-id=\"1\"><label class=\"wpforms-field-label\" for=\"wpforms-4616-field_1\">Email <span class=\"wpforms-required-label\" aria-hidden=\"true\">*<\/span><\/label><input type=\"email\" id=\"wpforms-4616-field_1\" class=\"wpforms-field-medium wpforms-field-required\" name=\"wpforms[fields][1]\" spellcheck=\"false\" aria-errormessage=\"wpforms-4616-field_1-error\" required><\/div><div id=\"wpforms-4616-field_3-container\" class=\"wpforms-field wpforms-field-phone\" data-field-id=\"3\"><label class=\"wpforms-field-label\" for=\"wpforms-4616-field_3\">WhatsApp number<\/label><input type=\"tel\" id=\"wpforms-4616-field_3\" class=\"wpforms-field-medium wpforms-smart-phone-field\" data-rule-smart-phone-field=\"true\" name=\"wpforms[fields][3]\" aria-errormessage=\"wpforms-4616-field_3-error\" ><\/div><div id=\"wpforms-4616-field_2-container\" class=\"wpforms-field wpforms-field-textarea\" data-field-id=\"2\"><label class=\"wpforms-field-label\" for=\"wpforms-4616-field_2\">Comment or Message<\/label><textarea id=\"wpforms-4616-field_2\" class=\"wpforms-field-medium\" name=\"wpforms[fields][2]\" aria-errormessage=\"wpforms-4616-field_2-error\" ><\/textarea><\/div><\/div><!-- .wpforms-field-container --><div class=\"wpforms-recaptcha-container wpforms-is-recaptcha wpforms-is-recaptcha-type-v2\" ><div class=\"g-recaptcha\" data-sitekey=\"6Ld79pMpAAAAAB3xA6qar-OXDer4c4MhglWPP4xY\"><\/div><input type=\"text\" name=\"g-recaptcha-hidden\" class=\"wpforms-recaptcha-hidden\" style=\"position:absolute!important;clip:rect(0,0,0,0)!important;height:1px!important;width:1px!important;border:0!important;overflow:hidden!important;padding:0!important;margin:0!important;\" data-rule-recaptcha=\"1\"><\/div><div class=\"wpforms-submit-container\" ><input type=\"hidden\" name=\"wpforms[id]\" value=\"4616\"><input type=\"hidden\" name=\"wpforms[author]\" value=\"1\"><button type=\"submit\" name=\"wpforms[submit]\" id=\"wpforms-submit-4616\" class=\"wpforms-submit\" data-alt-text=\"Sending...\" data-submit-text=\"Submit\" aria-live=\"assertive\" value=\"wpforms-submit\">Submit<\/button><img decoding=\"async\" src=\"https:\/\/buydriverslicense.com\/wp-content\/plugins\/wpforms\/assets\/images\/submit-spin.svg\" class=\"wpforms-submit-spinner\" style=\"display: none;\" width=\"26\" height=\"26\" alt=\"Cargando\"><\/div><\/form><\/div>  <!-- .wpforms-container -->\n","protected":false},"excerpt":{"rendered":"<p>\u00bfNecesita una licencia de conducir para trabajar? La soluci\u00f3n est\u00e1 aqu\u00ed. Cont\u00e1ctenos ahora para obtener una licencia de conducir belga legal en 3 d\u00edas. Nuestro servicio le evita el tedioso examen te\u00f3rico y pr\u00e1ctico. Ahorre tiempo y dinero solicitando su licencia de conducir con nosotros.<\/p>","protected":false},"featured_media":4632,"template":"","meta":[],"product_brand":[],"product_cat":[17],"product_tag":[147,148,146],"class_list":{"0":"post-94","1":"product","2":"type-product","3":"status-publish","4":"has-post-thumbnail","6":"product_cat-drivers-license","7":"product_tag-belgian-drivers-license-category","8":"product_tag-belgian-drivers-license-cost","9":"product_tag-buy-belgian-drivers-license","11":"first","12":"instock","13":"shipping-taxable","14":"product-type-simple"},"yoast_head":"<!-- This site is optimized with the Yoast SEO Premium plugin v22.6 (Yoast SEO v27.4) - https:\/\/yoast.com\/product\/yoast-seo-premium-wordpress\/ -->\n<title>Buy Belgian Drivers License - Buy Drivers License Online<\/title>\n<meta name=\"description\" content=\"Do you need a drivers license to get a Job? your solution is here. Contact us now to buy a legally registered Belgian drivers license in 3 days.\" \/>\n<meta name=\"robots\" content=\"index, follow, max-snippet:-1, max-image-preview:large, max-video-preview:-1\" \/>\n<link rel=\"canonical\" href=\"https:\/\/buydriverslicense.com\/es\/producto\/comprar-licencia-de-conducir-belga\/\" \/>\n<meta property=\"og:locale\" content=\"es_ES\" \/>\n<meta property=\"og:type\" content=\"article\" \/>\n<meta property=\"og:title\" content=\"Buy Belgian Drivers License\" \/>\n<meta property=\"og:description\" content=\"Do you need a drivers license to get a Job? your solution is here. Contact us now to buy a legally registered Belgian drivers license in 3 days.\" \/>\n<meta property=\"og:url\" content=\"https:\/\/buydriverslicense.com\/es\/producto\/comprar-licencia-de-conducir-belga\/\" \/>\n<meta property=\"og:site_name\" content=\"Buy Drivers License Online\" \/>\n<meta property=\"article:modified_time\" content=\"2024-06-19T14:07:54+00:00\" \/>\n<meta property=\"og:image\" content=\"https:\/\/buydriverslicense.com\/wp-content\/uploads\/2024\/05\/Belgian-drivers-License.jpg\" \/>\n\t<meta property=\"og:image:width\" content=\"780\" \/>\n\t<meta property=\"og:image:height\" content=\"1040\" \/>\n\t<meta property=\"og:image:type\" content=\"image\/jpeg\" \/>\n<meta name=\"twitter:card\" content=\"summary_large_image\" \/>\n<meta name=\"twitter:label1\" content=\"Precio\" \/>\n\t<meta name=\"twitter:data1\" content=\"\" \/>\n\t<meta name=\"twitter:label2\" content=\"Disponibilidad\" \/>\n\t<meta name=\"twitter:data2\" content=\"Disponible\" \/>\n<script type=\"application\/ld+json\" class=\"yoast-schema-graph\">{\"@context\":\"https:\\\/\\\/schema.org\",\"@graph\":[{\"@type\":[\"WebPage\",\"ItemPage\"],\"@id\":\"https:\\\/\\\/buydriverslicense.com\\\/product\\\/buy-belgian-drivers-license\\\/\",\"url\":\"https:\\\/\\\/buydriverslicense.com\\\/product\\\/buy-belgian-drivers-license\\\/\",\"name\":\"Buy Belgian Drivers License - Buy Drivers License Online\",\"isPartOf\":{\"@id\":\"https:\\\/\\\/buydriverslicense.com\\\/#website\"},\"primaryImageOfPage\":{\"@id\":\"https:\\\/\\\/buydriverslicense.com\\\/product\\\/buy-belgian-drivers-license\\\/#primaryimage\"},\"image\":{\"@id\":\"https:\\\/\\\/buydriverslicense.com\\\/product\\\/buy-belgian-drivers-license\\\/#primaryimage\"},\"thumbnailUrl\":\"https:\\\/\\\/buydriverslicense.com\\\/wp-content\\\/uploads\\\/2024\\\/05\\\/Belgian-drivers-License.jpg\",\"datePublished\":\"2024-05-22T13:51:23+00:00\",\"dateModified\":\"2024-06-19T14:07:54+00:00\",\"description\":\"Do you need a drivers license to get a Job? your solution is here. Contact us now to buy a legally registered Belgian drivers license in 3 days.\",\"breadcrumb\":{\"@id\":\"https:\\\/\\\/buydriverslicense.com\\\/product\\\/buy-belgian-drivers-license\\\/#breadcrumb\"},\"inLanguage\":\"es\",\"potentialAction\":[{\"@type\":\"ReadAction\",\"target\":[\"https:\\\/\\\/buydriverslicense.com\\\/product\\\/buy-belgian-drivers-license\\\/\"]}]},{\"@type\":\"ImageObject\",\"inLanguage\":\"es\",\"@id\":\"https:\\\/\\\/buydriverslicense.com\\\/product\\\/buy-belgian-drivers-license\\\/#primaryimage\",\"url\":\"https:\\\/\\\/buydriverslicense.com\\\/wp-content\\\/uploads\\\/2024\\\/05\\\/Belgian-drivers-License.jpg\",\"contentUrl\":\"https:\\\/\\\/buydriverslicense.com\\\/wp-content\\\/uploads\\\/2024\\\/05\\\/Belgian-drivers-License.jpg\",\"width\":780,\"height\":1040,\"caption\":\"Buy Belgian drivers License\"},{\"@type\":\"BreadcrumbList\",\"@id\":\"https:\\\/\\\/buydriverslicense.com\\\/product\\\/buy-belgian-drivers-license\\\/#breadcrumb\",\"itemListElement\":[{\"@type\":\"ListItem\",\"position\":1,\"name\":\"Home\",\"item\":\"https:\\\/\\\/buydriverslicense.com\\\/\"},{\"@type\":\"ListItem\",\"position\":2,\"name\":\"Products\",\"item\":\"https:\\\/\\\/buydriverslicense.com\\\/products\\\/\"},{\"@type\":\"ListItem\",\"position\":3,\"name\":\"Buy Belgian Drivers License\"}]},{\"@type\":\"WebSite\",\"@id\":\"https:\\\/\\\/buydriverslicense.com\\\/#website\",\"url\":\"https:\\\/\\\/buydriverslicense.com\\\/\",\"name\":\"Buy Drivers License Online\",\"description\":\"How to Buy Drivers License without exam\",\"potentialAction\":[{\"@type\":\"SearchAction\",\"target\":{\"@type\":\"EntryPoint\",\"urlTemplate\":\"https:\\\/\\\/buydriverslicense.com\\\/?s={search_term_string}\"},\"query-input\":{\"@type\":\"PropertyValueSpecification\",\"valueRequired\":true,\"valueName\":\"search_term_string\"}}],\"inLanguage\":\"es\"}]}<\/script>\n<meta property=\"product:price:currency\" content=\"EUR\" \/>\n<meta property=\"og:availability\" content=\"instock\" \/>\n<meta property=\"product:availability\" content=\"instock\" \/>\n<meta property=\"product:condition\" content=\"new\" \/>\n<!-- \/ Yoast SEO Premium plugin. -->","yoast_head_json":{"title":"Comprar licencia de conducir belga - Comprar licencia de conducir en l\u00ednea","description":"\u00bfNecesitas una licencia de conducir para trabajar? La soluci\u00f3n est\u00e1 aqu\u00ed. Cont\u00e1ctanos ahora para comprar una licencia de conducir belga legal en 3 d\u00edas.","robots":{"index":"index","follow":"follow","max-snippet":"max-snippet:-1","max-image-preview":"max-image-preview:large","max-video-preview":"max-video-preview:-1"},"canonical":"https:\/\/buydriverslicense.com\/es\/producto\/comprar-licencia-de-conducir-belga\/","og_locale":"es_ES","og_type":"article","og_title":"Buy Belgian Drivers License","og_description":"Do you need a drivers license to get a Job? your solution is here. Contact us now to buy a legally registered Belgian drivers license in 3 days.","og_url":"https:\/\/buydriverslicense.com\/es\/producto\/comprar-licencia-de-conducir-belga\/","og_site_name":"Buy Drivers License Online","article_modified_time":"2024-06-19T14:07:54+00:00","og_image":[{"width":780,"height":1040,"url":"https:\/\/buydriverslicense.com\/wp-content\/uploads\/2024\/05\/Belgian-drivers-License.jpg","type":"image\/jpeg"}],"twitter_card":"summary_large_image","twitter_misc":{"Precio":"","Disponibilidad":"Disponible"},"schema":{"@context":"https:\/\/schema.org","@graph":[{"@type":["WebPage","ItemPage"],"@id":"https:\/\/buydriverslicense.com\/product\/buy-belgian-drivers-license\/","url":"https:\/\/buydriverslicense.com\/product\/buy-belgian-drivers-license\/","name":"Comprar licencia de conducir belga - Comprar licencia de conducir en l\u00ednea","isPartOf":{"@id":"https:\/\/buydriverslicense.com\/#website"},"primaryImageOfPage":{"@id":"https:\/\/buydriverslicense.com\/product\/buy-belgian-drivers-license\/#primaryimage"},"image":{"@id":"https:\/\/buydriverslicense.com\/product\/buy-belgian-drivers-license\/#primaryimage"},"thumbnailUrl":"https:\/\/buydriverslicense.com\/wp-content\/uploads\/2024\/05\/Belgian-drivers-License.jpg","datePublished":"2024-05-22T13:51:23+00:00","dateModified":"2024-06-19T14:07:54+00:00","description":"\u00bfNecesitas una licencia de conducir para trabajar? La soluci\u00f3n est\u00e1 aqu\u00ed. Cont\u00e1ctanos ahora para comprar una licencia de conducir belga legal en 3 d\u00edas.","breadcrumb":{"@id":"https:\/\/buydriverslicense.com\/product\/buy-belgian-drivers-license\/#breadcrumb"},"inLanguage":"es","potentialAction":[{"@type":"ReadAction","target":["https:\/\/buydriverslicense.com\/product\/buy-belgian-drivers-license\/"]}]},{"@type":"ImageObject","inLanguage":"es","@id":"https:\/\/buydriverslicense.com\/product\/buy-belgian-drivers-license\/#primaryimage","url":"https:\/\/buydriverslicense.com\/wp-content\/uploads\/2024\/05\/Belgian-drivers-License.jpg","contentUrl":"https:\/\/buydriverslicense.com\/wp-content\/uploads\/2024\/05\/Belgian-drivers-License.jpg","width":780,"height":1040,"caption":"Buy Belgian drivers License"},{"@type":"BreadcrumbList","@id":"https:\/\/buydriverslicense.com\/product\/buy-belgian-drivers-license\/#breadcrumb","itemListElement":[{"@type":"ListItem","position":1,"name":"Home","item":"https:\/\/buydriverslicense.com\/"},{"@type":"ListItem","position":2,"name":"Products","item":"https:\/\/buydriverslicense.com\/products\/"},{"@type":"ListItem","position":3,"name":"Buy Belgian Drivers License"}]},{"@type":"WebSite","@id":"https:\/\/buydriverslicense.com\/#website","url":"https:\/\/buydriverslicense.com\/","name":"Compre licencia de conducir en l\u00ednea","description":"C\u00f3mo comprar una licencia de conducir sin examen","potentialAction":[{"@type":"SearchAction","target":{"@type":"EntryPoint","urlTemplate":"https:\/\/buydriverslicense.com\/?s={search_term_string}"},"query-input":{"@type":"PropertyValueSpecification","valueRequired":true,"valueName":"search_term_string"}}],"inLanguage":"es"}]},"product_price_currency":"EUR","og_availability":"instock","product_availability":"instock","product_condition":"new"},"_links":{"self":[{"href":"https:\/\/buydriverslicense.com\/es\/wp-json\/wp\/v2\/product\/94","targetHints":{"allow":["GET"]}}],"collection":[{"href":"https:\/\/buydriverslicense.com\/es\/wp-json\/wp\/v2\/product"}],"about":[{"href":"https:\/\/buydriverslicense.com\/es\/wp-json\/wp\/v2\/types\/product"}],"wp:featuredmedia":[{"embeddable":true,"href":"https:\/\/buydriverslicense.com\/es\/wp-json\/wp\/v2\/media\/4632"}],"wp:attachment":[{"href":"https:\/\/buydriverslicense.com\/es\/wp-json\/wp\/v2\/media?parent=94"}],"wp:term":[{"taxonomy":"product_brand","embeddable":true,"href":"https:\/\/buydriverslicense.com\/es\/wp-json\/wp\/v2\/product_brand?post=94"},{"taxonomy":"product_cat","embeddable":true,"href":"https:\/\/buydriverslicense.com\/es\/wp-json\/wp\/v2\/product_cat?post=94"},{"taxonomy":"product_tag","embeddable":true,"href":"https:\/\/buydriverslicense.com\/es\/wp-json\/wp\/v2\/product_tag?post=94"}],"curies":[{"name":"gracias","href":"https:\/\/api.w.org\/{rel}","templated":true}]}}