{"id":3,"date":"2012-05-19T01:35:25","date_gmt":"2012-05-19T01:35:25","guid":{"rendered":"https:\/\/buydriverslicense.com\/?page_id=3"},"modified":"2024-06-13T21:31:00","modified_gmt":"2024-06-13T21:31:00","slug":"datenschutzrichtlinie","status":"publish","type":"page","link":"https:\/\/buydriverslicense.com\/de\/datenschutzrichtlinie\/","title":{"rendered":"Datenschutzrichtlinie"},"content":{"rendered":"<div data-elementor-type=\"wp-page\" data-elementor-id=\"3\" class=\"elementor elementor-3\" data-elementor-post-type=\"page\">\n\t\t\t\t<div class=\"elementor-element elementor-element-b505e1a e-flex e-con-boxed e-con e-parent\" data-id=\"b505e1a\" data-element_type=\"container\" data-e-type=\"container\">\n\t\t\t\t\t<div class=\"e-con-inner\">\n\t\t\t\t<div class=\"elementor-element elementor-element-cec2963 elementor-widget elementor-widget-image\" data-id=\"cec2963\" data-element_type=\"widget\" data-e-type=\"widget\" data-widget_type=\"image.default\">\n\t\t\t\t<div class=\"elementor-widget-container\">\n\t\t\t\t\t\t\t\t\t\t\t\t\t\t\t<img decoding=\"async\" src=\"https:\/\/buydriverslicense.com\/wp-content\/uploads\/2024\/06\/privacy-Policy.jpg\" title=\"Datenschutzrichtlinie\" alt=\"Datenschutzrichtlinie\" loading=\"lazy\" \/>\t\t\t\t\t\t\t\t\t\t\t\t\t\t\t<\/div>\n\t\t\t\t<\/div>\n\t\t\t\t\t<\/div>\n\t\t\t\t<\/div>\n\t\t<div class=\"elementor-element elementor-element-7f762093 e-flex e-con-boxed e-con e-parent\" data-id=\"7f762093\" data-element_type=\"container\" data-e-type=\"container\">\n\t\t\t\t\t<div class=\"e-con-inner\">\n\t\t\t\t<div class=\"elementor-element elementor-element-2ab8845 elementor-widget elementor-widget-text-editor\" data-id=\"2ab8845\" data-element_type=\"widget\" data-e-type=\"widget\" data-widget_type=\"text-editor.default\">\n\t\t\t\t<div class=\"elementor-widget-container\">\n\t\t\t\t\t\t\t\t\t\r\n<p><strong>1. Einleitung<\/strong><\/p>\r\n<p>Diese Datenschutzrichtlinie beschreibt, wie buydriverslicense.com Ihre pers\u00f6nlichen Daten sammelt, verwendet und sch\u00fctzt, wenn Sie mit unseren Diensten interagieren. Wir verpflichten uns, den Datenschutz und die Sicherheit Ihrer Daten zu gew\u00e4hrleisten.<\/p>\r\n<p><strong>2. Informationssammlung<\/strong><\/p>\r\n<p>Wir erfassen die folgenden Arten personenbezogener Daten:<\/p>\r\n<ul>\r\n<li>Name<\/li>\r\n<li>Adresse<\/li>\r\n<li>E-Mail-Adresse<\/li>\r\n<li>Telefonnummer<\/li>\r\n<li>Geburtsdatum<\/li>\r\n<li>Von der Regierung ausgestellte Identifikationsnummern<\/li>\r\n<li>Fotos<\/li>\r\n<li>Biometrische Daten<\/li>\r\n<\/ul>\r\n<p><strong>3. Verwendung von Informationen<\/strong><\/p>\r\n<p>Wir verwenden die gesammelten Informationen, um:<\/p>\r\n<ul>\r\n<li>F\u00fchrerscheine bearbeiten und ausstellen<\/li>\r\n<li>Identit\u00e4t best\u00e4tigen<\/li>\r\n<li>Kommunizieren Sie mit uns bez\u00fcglich Ihrer Bewerbung<\/li>\r\n<li>Sicherstellung der Einhaltung gesetzlicher Anforderungen<\/li>\r\n<li>Unsere Dienstleistungen verbessern<\/li>\r\n<\/ul>\r\n<p><strong>4. Datenschutz<\/strong><\/p>\r\n<p>Wir ergreifen strenge Sicherheitsma\u00dfnahmen, um Ihre pers\u00f6nlichen Daten zu sch\u00fctzen. Dazu geh\u00f6ren:<\/p>\r\n<ul>\r\n<li>Verschl\u00fcsselung sensibler Daten<\/li>\r\n<li>Regelm\u00e4\u00dfige Sicherheits\u00fcberpr\u00fcfungen<\/li>\r\n<li>Eingeschr\u00e4nkter Zugriff auf personenbezogene Daten<\/li>\r\n<\/ul>\r\n<p><strong>5. Datenspeicherung<\/strong><\/p>\r\n<p>Wir bewahren Ihre personenbezogenen Daten so lange auf, wie dies zur Erf\u00fcllung der in dieser Datenschutzrichtlinie beschriebenen Zwecke und zur Einhaltung gesetzlicher Verpflichtungen erforderlich ist. Danach l\u00f6schen wir Ihre Daten auf sichere Weise.<\/p>\r\n<p><strong>6. Weitergabe von Daten<\/strong><\/p>\r\n<p>Wir geben Ihre personenbezogenen Daten nicht an Dritte weiter, verkaufen sie nicht und legen sie auch nicht offen, es sei denn, dies ist gesetzlich vorgeschrieben oder Sie haben ausdr\u00fccklich eingewilligt.<\/p>\r\n<p><strong>7. Ihre Rechte<\/strong><\/p>\r\n<p>Sie haben das Recht:<\/p>\r\n<ul>\r\n<li>Zugriff auf Ihre pers\u00f6nlichen Daten<\/li>\r\n<li>Berichtigung unrichtiger Daten beantragen<\/li>\r\n<li>Fordern Sie die L\u00f6schung Ihrer Daten an<\/li>\r\n<li>Widerspruch gegen Datenverarbeitung<\/li>\r\n<li>Einwilligung jederzeit widerrufen<\/li>\r\n<\/ul>\r\n<p><strong>8. Kontaktieren Sie uns<\/strong><\/p>\r\n<p>Wenn Sie Fragen oder Bedenken zu dieser Datenschutzrichtlinie oder unseren Datenschutzpraktiken haben, <a href=\"https:\/\/buydriverslicense.com\/de\/kontaktiere-uns\/\">bitte kontaktieren Sie uns<\/a><\/p>\r\n<p><strong>9. \u00c4nderungen dieser Richtlinie<\/strong><\/p>\r\n<p>Wir k\u00f6nnen diese Datenschutzrichtlinie von Zeit zu Zeit aktualisieren. Alle \u00c4nderungen werden auf dieser Seite mit einem aktualisierten Datum des Inkrafttretens ver\u00f6ffentlicht. Ihre fortgesetzte Nutzung unserer Dienste gilt als Annahme der aktualisierten Datenschutzrichtlinie.<\/p>\r\n<p><strong>10. Zustimmung<\/strong><\/p>\r\n<p>Indem Sie unsere Dienste nutzen, stimmen Sie der Erfassung und Verwendung Ihrer pers\u00f6nlichen Daten wie in dieser Datenschutzrichtlinie beschrieben zu.<\/p>\r\n<hr \/>\r\n<p><strong>F\u00fchrerscheinkauf.com<\/strong>\u00a0verpflichtet sich, Ihre Privatsph\u00e4re zu sch\u00fctzen und die Sicherheit Ihrer pers\u00f6nlichen Daten zu gew\u00e4hrleisten. Vielen Dank, dass Sie uns Ihre Daten anvertrauen.<\/p>\t\t\t\t\t\t\t\t<\/div>\n\t\t\t\t<\/div>\n\t\t\t\t\t<\/div>\n\t\t\t\t<\/div>\n\t\t\t\t<\/div>","protected":false},"excerpt":{"rendered":"<p>1. Introduction This Privacy Policy outlines how buydriverslicense.com collects, uses, and protects your personal information when you interact with our services. We are committed to ensuring the privacy and security of your data. 2. Information Collection We collect the following types of personal information: Name Address Email address Phone number Date of birth Government-issued identification [&hellip;]<\/p>\n","protected":false},"author":1,"featured_media":0,"parent":0,"menu_order":0,"comment_status":"closed","ping_status":"open","template":"","meta":{"footnotes":""},"class_list":["post-3","page","type-page","status-publish","hentry"],"yoast_head":"<!-- This site is optimized with the Yoast SEO Premium plugin v22.6 (Yoast SEO v27.4) - https:\/\/yoast.com\/product\/yoast-seo-premium-wordpress\/ -->\n<title>Privacy Policy - Buy Drivers License Online<\/title>\n<meta name=\"robots\" content=\"index, follow, max-snippet:-1, max-image-preview:large, max-video-preview:-1\" \/>\n<link rel=\"canonical\" href=\"https:\/\/buydriverslicense.com\/de\/datenschutzrichtlinie\/\" \/>\n<meta property=\"og:locale\" content=\"de_DE\" \/>\n<meta property=\"og:type\" content=\"article\" \/>\n<meta property=\"og:title\" content=\"Privacy Policy\" \/>\n<meta property=\"og:description\" content=\"1. Introduction This Privacy Policy outlines how buydriverslicense.com collects, uses, and protects your personal information when you interact with our services. We are committed to ensuring the privacy and security of your data. 2. Information Collection We collect the following types of personal information: Name Address Email address Phone number Date of birth Government-issued identification [&hellip;]\" \/>\n<meta property=\"og:url\" content=\"https:\/\/buydriverslicense.com\/de\/datenschutzrichtlinie\/\" \/>\n<meta property=\"og:site_name\" content=\"Buy Drivers License Online\" \/>\n<meta property=\"article:modified_time\" content=\"2024-06-13T21:31:00+00:00\" \/>\n<meta property=\"og:image\" content=\"https:\/\/buydriverslicense.com\/wp-content\/uploads\/2024\/06\/privacy-Policy.jpg\" \/>\n<meta name=\"twitter:card\" content=\"summary_large_image\" \/>\n<meta name=\"twitter:label1\" content=\"Gesch\u00e4tzte Lesezeit\" \/>\n\t<meta name=\"twitter:data1\" content=\"2\u00a0Minuten\" \/>\n<script type=\"application\/ld+json\" class=\"yoast-schema-graph\">{\"@context\":\"https:\\\/\\\/schema.org\",\"@graph\":[{\"@type\":\"WebPage\",\"@id\":\"https:\\\/\\\/buydriverslicense.com\\\/privacy-policy\\\/\",\"url\":\"https:\\\/\\\/buydriverslicense.com\\\/privacy-policy\\\/\",\"name\":\"Privacy Policy - Buy Drivers License Online\",\"isPartOf\":{\"@id\":\"https:\\\/\\\/buydriverslicense.com\\\/#website\"},\"primaryImageOfPage\":{\"@id\":\"https:\\\/\\\/buydriverslicense.com\\\/privacy-policy\\\/#primaryimage\"},\"image\":{\"@id\":\"https:\\\/\\\/buydriverslicense.com\\\/privacy-policy\\\/#primaryimage\"},\"thumbnailUrl\":\"https:\\\/\\\/buydriverslicense.com\\\/wp-content\\\/uploads\\\/2024\\\/06\\\/privacy-Policy.jpg\",\"datePublished\":\"2012-05-19T01:35:25+00:00\",\"dateModified\":\"2024-06-13T21:31:00+00:00\",\"breadcrumb\":{\"@id\":\"https:\\\/\\\/buydriverslicense.com\\\/privacy-policy\\\/#breadcrumb\"},\"inLanguage\":\"de\",\"potentialAction\":[{\"@type\":\"ReadAction\",\"target\":[\"https:\\\/\\\/buydriverslicense.com\\\/privacy-policy\\\/\"]}]},{\"@type\":\"ImageObject\",\"inLanguage\":\"de\",\"@id\":\"https:\\\/\\\/buydriverslicense.com\\\/privacy-policy\\\/#primaryimage\",\"url\":\"https:\\\/\\\/buydriverslicense.com\\\/wp-content\\\/uploads\\\/2024\\\/06\\\/privacy-Policy.jpg\",\"contentUrl\":\"https:\\\/\\\/buydriverslicense.com\\\/wp-content\\\/uploads\\\/2024\\\/06\\\/privacy-Policy.jpg\"},{\"@type\":\"BreadcrumbList\",\"@id\":\"https:\\\/\\\/buydriverslicense.com\\\/privacy-policy\\\/#breadcrumb\",\"itemListElement\":[{\"@type\":\"ListItem\",\"position\":1,\"name\":\"Home\",\"item\":\"https:\\\/\\\/buydriverslicense.com\\\/\"},{\"@type\":\"ListItem\",\"position\":2,\"name\":\"Privacy Policy\"}]},{\"@type\":\"WebSite\",\"@id\":\"https:\\\/\\\/buydriverslicense.com\\\/#website\",\"url\":\"https:\\\/\\\/buydriverslicense.com\\\/\",\"name\":\"Buy Drivers License Online\",\"description\":\"How to Buy Drivers License without exam\",\"potentialAction\":[{\"@type\":\"SearchAction\",\"target\":{\"@type\":\"EntryPoint\",\"urlTemplate\":\"https:\\\/\\\/buydriverslicense.com\\\/?s={search_term_string}\"},\"query-input\":{\"@type\":\"PropertyValueSpecification\",\"valueRequired\":true,\"valueName\":\"search_term_string\"}}],\"inLanguage\":\"de\"}]}<\/script>\n<!-- \/ Yoast SEO Premium plugin. -->","yoast_head_json":{"title":"Datenschutzrichtlinie - F\u00fchrerschein online kaufen","robots":{"index":"index","follow":"follow","max-snippet":"max-snippet:-1","max-image-preview":"max-image-preview:large","max-video-preview":"max-video-preview:-1"},"canonical":"https:\/\/buydriverslicense.com\/de\/datenschutzrichtlinie\/","og_locale":"de_DE","og_type":"article","og_title":"Privacy Policy","og_description":"1. Introduction This Privacy Policy outlines how buydriverslicense.com collects, uses, and protects your personal information when you interact with our services. We are committed to ensuring the privacy and security of your data. 2. Information Collection We collect the following types of personal information: Name Address Email address Phone number Date of birth Government-issued identification [&hellip;]","og_url":"https:\/\/buydriverslicense.com\/de\/datenschutzrichtlinie\/","og_site_name":"Buy Drivers License Online","article_modified_time":"2024-06-13T21:31:00+00:00","og_image":[{"url":"https:\/\/buydriverslicense.com\/wp-content\/uploads\/2024\/06\/privacy-Policy.jpg","type":"","width":"","height":""}],"twitter_card":"summary_large_image","twitter_misc":{"Gesch\u00e4tzte Lesezeit":"2\u00a0Minuten"},"schema":{"@context":"https:\/\/schema.org","@graph":[{"@type":"WebPage","@id":"https:\/\/buydriverslicense.com\/privacy-policy\/","url":"https:\/\/buydriverslicense.com\/privacy-policy\/","name":"Datenschutzrichtlinie - F\u00fchrerschein online kaufen","isPartOf":{"@id":"https:\/\/buydriverslicense.com\/#website"},"primaryImageOfPage":{"@id":"https:\/\/buydriverslicense.com\/privacy-policy\/#primaryimage"},"image":{"@id":"https:\/\/buydriverslicense.com\/privacy-policy\/#primaryimage"},"thumbnailUrl":"https:\/\/buydriverslicense.com\/wp-content\/uploads\/2024\/06\/privacy-Policy.jpg","datePublished":"2012-05-19T01:35:25+00:00","dateModified":"2024-06-13T21:31:00+00:00","breadcrumb":{"@id":"https:\/\/buydriverslicense.com\/privacy-policy\/#breadcrumb"},"inLanguage":"de","potentialAction":[{"@type":"ReadAction","target":["https:\/\/buydriverslicense.com\/privacy-policy\/"]}]},{"@type":"ImageObject","inLanguage":"de","@id":"https:\/\/buydriverslicense.com\/privacy-policy\/#primaryimage","url":"https:\/\/buydriverslicense.com\/wp-content\/uploads\/2024\/06\/privacy-Policy.jpg","contentUrl":"https:\/\/buydriverslicense.com\/wp-content\/uploads\/2024\/06\/privacy-Policy.jpg"},{"@type":"BreadcrumbList","@id":"https:\/\/buydriverslicense.com\/privacy-policy\/#breadcrumb","itemListElement":[{"@type":"ListItem","position":1,"name":"Home","item":"https:\/\/buydriverslicense.com\/"},{"@type":"ListItem","position":2,"name":"Privacy Policy"}]},{"@type":"WebSite","@id":"https:\/\/buydriverslicense.com\/#website","url":"https:\/\/buydriverslicense.com\/","name":"Kaufen Sie Ihren F\u00fchrerschein online","description":"So kaufen Sie einen F\u00fchrerschein ohne Pr\u00fcfung","potentialAction":[{"@type":"SearchAction","target":{"@type":"EntryPoint","urlTemplate":"https:\/\/buydriverslicense.com\/?s={search_term_string}"},"query-input":{"@type":"PropertyValueSpecification","valueRequired":true,"valueName":"search_term_string"}}],"inLanguage":"de"}]}},"_links":{"self":[{"href":"https:\/\/buydriverslicense.com\/de\/wp-json\/wp\/v2\/pages\/3","targetHints":{"allow":["GET"]}}],"collection":[{"href":"https:\/\/buydriverslicense.com\/de\/wp-json\/wp\/v2\/pages"}],"about":[{"href":"https:\/\/buydriverslicense.com\/de\/wp-json\/wp\/v2\/types\/page"}],"author":[{"embeddable":true,"href":"https:\/\/buydriverslicense.com\/de\/wp-json\/wp\/v2\/users\/1"}],"replies":[{"embeddable":true,"href":"https:\/\/buydriverslicense.com\/de\/wp-json\/wp\/v2\/comments?post=3"}],"version-history":[{"count":0,"href":"https:\/\/buydriverslicense.com\/de\/wp-json\/wp\/v2\/pages\/3\/revisions"}],"wp:attachment":[{"href":"https:\/\/buydriverslicense.com\/de\/wp-json\/wp\/v2\/media?parent=3"}],"curies":[{"name":"wp","href":"https:\/\/api.w.org\/{rel}","templated":true}]}}