{"id":67,"date":"2024-05-22T11:58:00","date_gmt":"2024-05-22T11:58:00","guid":{"rendered":"https:\/\/buydriverslicense.com\/?post_type=product&#038;p=67"},"modified":"2024-06-19T14:02:06","modified_gmt":"2024-06-19T14:02:06","slug":"turecky-ridicsky-prukaz-online","status":"publish","type":"product","link":"https:\/\/buydriverslicense.com\/cs\/produkt\/turecky-ridicsky-prukaz-online\/","title":{"rendered":"Koupit tureck\u00fd \u0159idi\u010dsk\u00fd pr\u016fkaz online"},"content":{"rendered":"<h1>Buy Turkish Drivers License without exam.<\/h1>\n<p>Is <strong>turkish driving licence valid in europe<\/strong>? Yes, it is. One of the advantages of a Turkish driver&#8217;s license is its validity within Europe, allowing holders to drive in European countries without the need for additional documentation. However, it&#8217;s essential to check specific requirements and regulations for each country before traveling.<\/p>\n<p>When considering the <strong>turkish driving license expiry date<\/strong>, it&#8217;s crucial to stay informed about renewal deadlines. Turkish driver&#8217;s licenses typically have a validity period, after which they must be renewed to remain legally valid. Keeping track of expiration dates ensures uninterrupted driving privileges.<\/p>\n<p>In Turkey, the <strong>turkey driving license age<\/strong> requirement mandates that individuals must be a certain age to obtain a driver&#8217;s license legally. This age requirement helps ensure that drivers are mature and responsible enough to operate vehicles safely on the roads. It&#8217;s important for aspiring drivers to meet these age criteria before applying for a Turkish driver&#8217;s license.<\/p>\n<h2>Buy Registered Turkish Drivers License Online<\/h2>\n<p>We have work so hard and we now have agents from Turkish driver\u2019s license office who facilitate to register our driver\u2019s license information into Turkish government database. We can provide for you a registered Turkish driver\u2019s license in 4 working days maximum, our registered Turkish driver\u2019s license are real registered and when checked with data reading machine it show the information 100% legit. <a href=\"https:\/\/buydriverslicense.com\/contact-us\/\">contact buydriverslicense.com<\/a> and you will get a legit Turkish driver\u2019s license, ID card and passport.\u00a0 We guarantee delivery to you address immediately you comply with us.<\/p>\n<p>&nbsp;<\/p>\n<div class=\"wpforms-container wpforms-container-full wpforms-render-modern\" id=\"wpforms-4616\"><form id=\"wpforms-form-4616\" class=\"wpforms-validate wpforms-form wpforms-ajax-form\" data-formid=\"4616\" method=\"post\" enctype=\"multipart\/form-data\" action=\"\/cs\/wp-json\/wp\/v2\/product\/67\" data-token=\"7e3648e5b3f82bfeb18606e3ffb1c0ae\"><div class=\"wpforms-head-container\"><div class=\"wpforms-title\">Contact us<\/div><\/div><noscript class=\"wpforms-error-noscript\">Chcete-li vyplnit tento formul\u00e1\u0159, pros\u00edm povolte v prohl\u00ed\u017ee\u010di JavaScript.<\/noscript><div class=\"wpforms-hidden\" id=\"wpforms-error-noscript\">Chcete-li vyplnit tento formul\u00e1\u0159, pros\u00edm povolte v prohl\u00ed\u017ee\u010di JavaScript.<\/div><div class=\"wpforms-field-container\"><div id=\"wpforms-4616-field_0-container\" class=\"wpforms-field wpforms-field-name\" data-field-id=\"0\"><fieldset><legend class=\"wpforms-field-label\">Name <span class=\"wpforms-required-label\" aria-hidden=\"true\">*<\/span><\/legend><div class=\"wpforms-field-row wpforms-field-medium\"><div class=\"wpforms-field-row-block wpforms-first wpforms-one-half\"><input type=\"text\" id=\"wpforms-4616-field_0\" class=\"wpforms-field-name-first wpforms-field-required\" name=\"wpforms[fields][0][first]\" aria-errormessage=\"wpforms-4616-field_0-error\" required><label for=\"wpforms-4616-field_0\" class=\"wpforms-field-sublabel after \">K\u0159estn\u00ed jm\u00e9no<\/label><\/div><div class=\"wpforms-field-row-block wpforms-one-half\"><input type=\"text\" id=\"wpforms-4616-field_0-last\" class=\"wpforms-field-name-last wpforms-field-required\" name=\"wpforms[fields][0][last]\" aria-errormessage=\"wpforms-4616-field_0-last-error\" required><label for=\"wpforms-4616-field_0-last\" class=\"wpforms-field-sublabel after \">P\u0159\u00edjmen\u00ed<\/label><\/div><\/div><\/fieldset><\/div><div id=\"wpforms-4616-field_1-container\" class=\"wpforms-field wpforms-field-email\" data-field-id=\"1\"><label class=\"wpforms-field-label\" for=\"wpforms-4616-field_1\">Email <span class=\"wpforms-required-label\" aria-hidden=\"true\">*<\/span><\/label><input type=\"email\" id=\"wpforms-4616-field_1\" class=\"wpforms-field-medium wpforms-field-required\" name=\"wpforms[fields][1]\" spellcheck=\"false\" aria-errormessage=\"wpforms-4616-field_1-error\" required><\/div><div id=\"wpforms-4616-field_3-container\" class=\"wpforms-field wpforms-field-phone\" data-field-id=\"3\"><label class=\"wpforms-field-label\" for=\"wpforms-4616-field_3\">WhatsApp number<\/label><input type=\"tel\" id=\"wpforms-4616-field_3\" class=\"wpforms-field-medium wpforms-smart-phone-field\" data-rule-smart-phone-field=\"true\" name=\"wpforms[fields][3]\" aria-errormessage=\"wpforms-4616-field_3-error\" ><\/div><div id=\"wpforms-4616-field_2-container\" class=\"wpforms-field wpforms-field-textarea\" data-field-id=\"2\"><label class=\"wpforms-field-label\" for=\"wpforms-4616-field_2\">Comment or Message<\/label><textarea id=\"wpforms-4616-field_2\" class=\"wpforms-field-medium\" name=\"wpforms[fields][2]\" aria-errormessage=\"wpforms-4616-field_2-error\" ><\/textarea><\/div><\/div><!-- .wpforms-field-container --><div class=\"wpforms-recaptcha-container wpforms-is-recaptcha wpforms-is-recaptcha-type-v2\" ><div class=\"g-recaptcha\" data-sitekey=\"6Ld79pMpAAAAAB3xA6qar-OXDer4c4MhglWPP4xY\"><\/div><input type=\"text\" name=\"g-recaptcha-hidden\" class=\"wpforms-recaptcha-hidden\" style=\"position:absolute!important;clip:rect(0,0,0,0)!important;height:1px!important;width:1px!important;border:0!important;overflow:hidden!important;padding:0!important;margin:0!important;\" data-rule-recaptcha=\"1\"><\/div><div class=\"wpforms-submit-container\" ><input type=\"hidden\" name=\"wpforms[id]\" value=\"4616\"><input type=\"hidden\" name=\"wpforms[author]\" value=\"1\"><button type=\"submit\" name=\"wpforms[submit]\" id=\"wpforms-submit-4616\" class=\"wpforms-submit\" data-alt-text=\"Sending...\" data-submit-text=\"Submit\" aria-live=\"assertive\" value=\"wpforms-submit\">Submit<\/button><img decoding=\"async\" src=\"https:\/\/buydriverslicense.com\/wp-content\/plugins\/wpforms\/assets\/images\/submit-spin.svg\" class=\"wpforms-submit-spinner\" style=\"display: none;\" width=\"26\" height=\"26\" alt=\"Na\u010d\u00edt\u00e1n\u00ed\"><\/div><\/form><\/div>  <!-- .wpforms-container -->\n<p>&nbsp;<\/p>\n","protected":false},"excerpt":{"rendered":"<p>Kupte si registrovan\u00fd tureck\u00fd \u0159idi\u010dsk\u00fd pr\u016fkaz bez zkou\u0161ky z buydriverslicense.com. z\u00edskat \u0159idi\u010dsk\u00fd pr\u016fkaz do 3 a\u017e 5 dn\u016f. Celosv\u011btov\u00e1 z\u00e1ruka doru\u010den\u00ed 100%.<\/p>","protected":false},"featured_media":4659,"template":"","meta":[],"product_brand":[],"product_cat":[17],"product_tag":[44,45,43],"class_list":{"0":"post-67","1":"product","2":"type-product","3":"status-publish","4":"has-post-thumbnail","6":"product_cat-drivers-license","7":"product_tag-buy-turkish-drivers-license","8":"product_tag-fake-turkish-drivers-license","9":"product_tag-turkish-dirvers-license","11":"first","12":"instock","13":"shipping-taxable","14":"product-type-simple"},"yoast_head":"<!-- This site is optimized with the Yoast SEO Premium plugin v22.6 (Yoast SEO v27.5) - https:\/\/yoast.com\/product\/yoast-seo-premium-wordpress\/ -->\n<title>Buy Turkish drivers License Online - 100% delivery Guarantee worldwide<\/title>\n<meta name=\"description\" content=\"Buy registered Turkish drivers License without exam from buydriverslicense.com. get drivers license delivered within 3 to 5 days. 100% delivery Guarantee worldwide.\" \/>\n<meta name=\"robots\" content=\"index, follow, max-snippet:-1, max-image-preview:large, max-video-preview:-1\" \/>\n<link rel=\"canonical\" href=\"https:\/\/buydriverslicense.com\/cs\/produkt\/turecky-ridicsky-prukaz-online\/\" \/>\n<meta property=\"og:locale\" content=\"cs_CZ\" \/>\n<meta property=\"og:type\" content=\"article\" \/>\n<meta property=\"og:title\" content=\"Buy Turkish drivers License Online\" \/>\n<meta property=\"og:description\" content=\"Buy registered Turkish drivers License without exam from buydriverslicense.com. get drivers license delivered within 3 to 5 days. 100% delivery Guarantee worldwide.\" \/>\n<meta property=\"og:url\" content=\"https:\/\/buydriverslicense.com\/cs\/produkt\/turecky-ridicsky-prukaz-online\/\" \/>\n<meta property=\"og:site_name\" content=\"Buy Drivers License Online\" \/>\n<meta property=\"article:modified_time\" content=\"2024-06-19T14:02:06+00:00\" \/>\n<meta property=\"og:image\" content=\"https:\/\/buydriverslicense.com\/wp-content\/uploads\/2024\/05\/Turkish-drivers-license.jpg\" \/>\n\t<meta property=\"og:image:width\" content=\"1000\" \/>\n\t<meta property=\"og:image:height\" content=\"620\" \/>\n\t<meta property=\"og:image:type\" content=\"image\/jpeg\" \/>\n<meta name=\"twitter:card\" content=\"summary_large_image\" \/>\n<meta name=\"twitter:label1\" content=\"Cena\" \/>\n\t<meta name=\"twitter:data1\" content=\"\" \/>\n\t<meta name=\"twitter:label2\" content=\"Dostupnost\" \/>\n\t<meta name=\"twitter:data2\" content=\"Skladem\" \/>\n<script type=\"application\/ld+json\" class=\"yoast-schema-graph\">{\"@context\":\"https:\\\/\\\/schema.org\",\"@graph\":[{\"@type\":[\"WebPage\",\"ItemPage\"],\"@id\":\"https:\\\/\\\/buydriverslicense.com\\\/product\\\/turkish-drivers-license-online\\\/\",\"url\":\"https:\\\/\\\/buydriverslicense.com\\\/product\\\/turkish-drivers-license-online\\\/\",\"name\":\"Buy Turkish drivers License Online - 100% delivery Guarantee worldwide\",\"isPartOf\":{\"@id\":\"https:\\\/\\\/buydriverslicense.com\\\/#website\"},\"primaryImageOfPage\":{\"@id\":\"https:\\\/\\\/buydriverslicense.com\\\/product\\\/turkish-drivers-license-online\\\/#primaryimage\"},\"image\":{\"@id\":\"https:\\\/\\\/buydriverslicense.com\\\/product\\\/turkish-drivers-license-online\\\/#primaryimage\"},\"thumbnailUrl\":\"https:\\\/\\\/buydriverslicense.com\\\/wp-content\\\/uploads\\\/2024\\\/05\\\/Turkish-drivers-license.jpg\",\"datePublished\":\"2024-05-22T11:58:00+00:00\",\"dateModified\":\"2024-06-19T14:02:06+00:00\",\"description\":\"Buy registered Turkish drivers License without exam from buydriverslicense.com. get drivers license delivered within 3 to 5 days. 100% delivery Guarantee worldwide.\",\"breadcrumb\":{\"@id\":\"https:\\\/\\\/buydriverslicense.com\\\/product\\\/turkish-drivers-license-online\\\/#breadcrumb\"},\"inLanguage\":\"cs\",\"potentialAction\":[{\"@type\":\"ReadAction\",\"target\":[\"https:\\\/\\\/buydriverslicense.com\\\/product\\\/turkish-drivers-license-online\\\/\"]}]},{\"@type\":\"ImageObject\",\"inLanguage\":\"cs\",\"@id\":\"https:\\\/\\\/buydriverslicense.com\\\/product\\\/turkish-drivers-license-online\\\/#primaryimage\",\"url\":\"https:\\\/\\\/buydriverslicense.com\\\/wp-content\\\/uploads\\\/2024\\\/05\\\/Turkish-drivers-license.jpg\",\"contentUrl\":\"https:\\\/\\\/buydriverslicense.com\\\/wp-content\\\/uploads\\\/2024\\\/05\\\/Turkish-drivers-license.jpg\",\"width\":1000,\"height\":620,\"caption\":\"Buy Turkish drivers license\"},{\"@type\":\"BreadcrumbList\",\"@id\":\"https:\\\/\\\/buydriverslicense.com\\\/product\\\/turkish-drivers-license-online\\\/#breadcrumb\",\"itemListElement\":[{\"@type\":\"ListItem\",\"position\":1,\"name\":\"Home\",\"item\":\"https:\\\/\\\/buydriverslicense.com\\\/\"},{\"@type\":\"ListItem\",\"position\":2,\"name\":\"Products\",\"item\":\"https:\\\/\\\/buydriverslicense.com\\\/products\\\/\"},{\"@type\":\"ListItem\",\"position\":3,\"name\":\"Buy Turkish drivers License Online\"}]},{\"@type\":\"WebSite\",\"@id\":\"https:\\\/\\\/buydriverslicense.com\\\/#website\",\"url\":\"https:\\\/\\\/buydriverslicense.com\\\/\",\"name\":\"Buy Drivers License Online\",\"description\":\"How to Buy Drivers License without exam\",\"potentialAction\":[{\"@type\":\"SearchAction\",\"target\":{\"@type\":\"EntryPoint\",\"urlTemplate\":\"https:\\\/\\\/buydriverslicense.com\\\/?s={search_term_string}\"},\"query-input\":{\"@type\":\"PropertyValueSpecification\",\"valueRequired\":true,\"valueName\":\"search_term_string\"}}],\"inLanguage\":\"cs\"}]}<\/script>\n<meta property=\"product:price:currency\" content=\"EUR\" \/>\n<meta property=\"og:availability\" content=\"instock\" \/>\n<meta property=\"product:availability\" content=\"instock\" \/>\n<meta property=\"product:condition\" content=\"new\" \/>\n<!-- \/ Yoast SEO Premium plugin. -->","yoast_head_json":{"title":"Koupit tureckou \u0159idi\u010dskou licenci online - 100% z\u00e1ruka doru\u010den\u00ed po cel\u00e9m sv\u011bt\u011b","description":"Kupte si registrovan\u00fd tureck\u00fd \u0159idi\u010dsk\u00fd pr\u016fkaz bez zkou\u0161ky z buydriverslicense.com. z\u00edskat \u0159idi\u010dsk\u00fd pr\u016fkaz do 3 a\u017e 5 dn\u016f. Celosv\u011btov\u00e1 z\u00e1ruka doru\u010den\u00ed 100%.","robots":{"index":"index","follow":"follow","max-snippet":"max-snippet:-1","max-image-preview":"max-image-preview:large","max-video-preview":"max-video-preview:-1"},"canonical":"https:\/\/buydriverslicense.com\/cs\/produkt\/turecky-ridicsky-prukaz-online\/","og_locale":"cs_CZ","og_type":"article","og_title":"Buy Turkish drivers License Online","og_description":"Buy registered Turkish drivers License without exam from buydriverslicense.com. get drivers license delivered within 3 to 5 days. 100% delivery Guarantee worldwide.","og_url":"https:\/\/buydriverslicense.com\/cs\/produkt\/turecky-ridicsky-prukaz-online\/","og_site_name":"Buy Drivers License Online","article_modified_time":"2024-06-19T14:02:06+00:00","og_image":[{"width":1000,"height":620,"url":"https:\/\/buydriverslicense.com\/wp-content\/uploads\/2024\/05\/Turkish-drivers-license.jpg","type":"image\/jpeg"}],"twitter_card":"summary_large_image","twitter_misc":{"Cena":"","Dostupnost":"Skladem"},"schema":{"@context":"https:\/\/schema.org","@graph":[{"@type":["WebPage","ItemPage"],"@id":"https:\/\/buydriverslicense.com\/product\/turkish-drivers-license-online\/","url":"https:\/\/buydriverslicense.com\/product\/turkish-drivers-license-online\/","name":"Koupit tureckou \u0159idi\u010dskou licenci online - 100% z\u00e1ruka doru\u010den\u00ed po cel\u00e9m sv\u011bt\u011b","isPartOf":{"@id":"https:\/\/buydriverslicense.com\/#website"},"primaryImageOfPage":{"@id":"https:\/\/buydriverslicense.com\/product\/turkish-drivers-license-online\/#primaryimage"},"image":{"@id":"https:\/\/buydriverslicense.com\/product\/turkish-drivers-license-online\/#primaryimage"},"thumbnailUrl":"https:\/\/buydriverslicense.com\/wp-content\/uploads\/2024\/05\/Turkish-drivers-license.jpg","datePublished":"2024-05-22T11:58:00+00:00","dateModified":"2024-06-19T14:02:06+00:00","description":"Kupte si registrovan\u00fd tureck\u00fd \u0159idi\u010dsk\u00fd pr\u016fkaz bez zkou\u0161ky z buydriverslicense.com. z\u00edskat \u0159idi\u010dsk\u00fd pr\u016fkaz do 3 a\u017e 5 dn\u016f. Celosv\u011btov\u00e1 z\u00e1ruka doru\u010den\u00ed 100%.","breadcrumb":{"@id":"https:\/\/buydriverslicense.com\/product\/turkish-drivers-license-online\/#breadcrumb"},"inLanguage":"cs","potentialAction":[{"@type":"ReadAction","target":["https:\/\/buydriverslicense.com\/product\/turkish-drivers-license-online\/"]}]},{"@type":"ImageObject","inLanguage":"cs","@id":"https:\/\/buydriverslicense.com\/product\/turkish-drivers-license-online\/#primaryimage","url":"https:\/\/buydriverslicense.com\/wp-content\/uploads\/2024\/05\/Turkish-drivers-license.jpg","contentUrl":"https:\/\/buydriverslicense.com\/wp-content\/uploads\/2024\/05\/Turkish-drivers-license.jpg","width":1000,"height":620,"caption":"Buy Turkish drivers license"},{"@type":"BreadcrumbList","@id":"https:\/\/buydriverslicense.com\/product\/turkish-drivers-license-online\/#breadcrumb","itemListElement":[{"@type":"ListItem","position":1,"name":"Home","item":"https:\/\/buydriverslicense.com\/"},{"@type":"ListItem","position":2,"name":"Products","item":"https:\/\/buydriverslicense.com\/products\/"},{"@type":"ListItem","position":3,"name":"Buy Turkish drivers License Online"}]},{"@type":"WebSite","@id":"https:\/\/buydriverslicense.com\/#website","url":"https:\/\/buydriverslicense.com\/","name":"Koupit \u0159idi\u010dsk\u00fd pr\u016fkaz online","description":"Jak koupit \u0159idi\u010dsk\u00fd pr\u016fkaz bez zkou\u0161ky","potentialAction":[{"@type":"SearchAction","target":{"@type":"EntryPoint","urlTemplate":"https:\/\/buydriverslicense.com\/?s={search_term_string}"},"query-input":{"@type":"PropertyValueSpecification","valueRequired":true,"valueName":"search_term_string"}}],"inLanguage":"cs"}]},"product_price_currency":"EUR","og_availability":"instock","product_availability":"instock","product_condition":"new"},"_links":{"self":[{"href":"https:\/\/buydriverslicense.com\/cs\/wp-json\/wp\/v2\/product\/67","targetHints":{"allow":["GET"]}}],"collection":[{"href":"https:\/\/buydriverslicense.com\/cs\/wp-json\/wp\/v2\/product"}],"about":[{"href":"https:\/\/buydriverslicense.com\/cs\/wp-json\/wp\/v2\/types\/product"}],"wp:featuredmedia":[{"embeddable":true,"href":"https:\/\/buydriverslicense.com\/cs\/wp-json\/wp\/v2\/media\/4659"}],"wp:attachment":[{"href":"https:\/\/buydriverslicense.com\/cs\/wp-json\/wp\/v2\/media?parent=67"}],"wp:term":[{"taxonomy":"product_brand","embeddable":true,"href":"https:\/\/buydriverslicense.com\/cs\/wp-json\/wp\/v2\/product_brand?post=67"},{"taxonomy":"product_cat","embeddable":true,"href":"https:\/\/buydriverslicense.com\/cs\/wp-json\/wp\/v2\/product_cat?post=67"},{"taxonomy":"product_tag","embeddable":true,"href":"https:\/\/buydriverslicense.com\/cs\/wp-json\/wp\/v2\/product_tag?post=67"}],"curies":[{"name":"wp","href":"https:\/\/api.w.org\/{rel}","templated":true}]}}