{"id":3,"date":"2012-05-19T01:35:25","date_gmt":"2012-05-19T01:35:25","guid":{"rendered":"https:\/\/buydriverslicense.com\/?page_id=3"},"modified":"2024-06-13T21:31:00","modified_gmt":"2024-06-13T21:31:00","slug":"zasady-ochrany-osobnich-udaju","status":"publish","type":"page","link":"https:\/\/buydriverslicense.com\/cs\/zasady-ochrany-osobnich-udaju\/","title":{"rendered":"Z\u00e1sady ochrany osobn\u00edch \u00fadaj\u016f"},"content":{"rendered":"<div data-elementor-type=\"wp-page\" data-elementor-id=\"3\" class=\"elementor elementor-3\" data-elementor-post-type=\"page\">\n\t\t\t\t<div class=\"elementor-element elementor-element-b505e1a e-flex e-con-boxed e-con e-parent\" data-id=\"b505e1a\" data-element_type=\"container\" data-e-type=\"container\">\n\t\t\t\t\t<div class=\"e-con-inner\">\n\t\t\t\t<div class=\"elementor-element elementor-element-cec2963 elementor-widget elementor-widget-image\" data-id=\"cec2963\" data-element_type=\"widget\" data-e-type=\"widget\" data-widget_type=\"image.default\">\n\t\t\t\t<div class=\"elementor-widget-container\">\n\t\t\t\t\t\t\t\t\t\t\t\t\t\t\t<img decoding=\"async\" src=\"https:\/\/buydriverslicense.com\/wp-content\/uploads\/2024\/06\/privacy-Policy.jpg\" title=\"Z\u00e1sady ochrany osobn\u00edch \u00fadaj\u016f\" alt=\"Z\u00e1sady ochrany osobn\u00edch \u00fadaj\u016f\" loading=\"lazy\" \/>\t\t\t\t\t\t\t\t\t\t\t\t\t\t\t<\/div>\n\t\t\t\t<\/div>\n\t\t\t\t\t<\/div>\n\t\t\t\t<\/div>\n\t\t<div class=\"elementor-element elementor-element-7f762093 e-flex e-con-boxed e-con e-parent\" data-id=\"7f762093\" data-element_type=\"container\" data-e-type=\"container\">\n\t\t\t\t\t<div class=\"e-con-inner\">\n\t\t\t\t<div class=\"elementor-element elementor-element-2ab8845 elementor-widget elementor-widget-text-editor\" data-id=\"2ab8845\" data-element_type=\"widget\" data-e-type=\"widget\" data-widget_type=\"text-editor.default\">\n\t\t\t\t<div class=\"elementor-widget-container\">\n\t\t\t\t\t\t\t\t\t\r\n<p><strong>1. \u00davod<\/strong><\/p>\r\n<p>Tyto z\u00e1sady ochrany osobn\u00edch \u00fadaj\u016f popisuj\u00ed, jak buydriverslicense.com shroma\u017e\u010fuje, pou\u017e\u00edv\u00e1 a chr\u00e1n\u00ed va\u0161e osobn\u00ed \u00fadaje p\u0159i interakci s na\u0161imi slu\u017ebami. Zav\u00e1zali jsme se zajistit soukrom\u00ed a bezpe\u010dnost va\u0161ich \u00fadaj\u016f.<\/p>\r\n<p><strong>2. Sb\u011br informac\u00ed<\/strong><\/p>\r\n<p>Shroma\u017e\u010fujeme n\u00e1sleduj\u00edc\u00ed typy osobn\u00edch \u00fadaj\u016f:<\/p>\r\n<ul>\r\n<li>n\u00e1zev<\/li>\r\n<li>Adresa<\/li>\r\n<li>Emailov\u00e1 adresa<\/li>\r\n<li>Telefonn\u00ed \u010d\u00edslo<\/li>\r\n<li>Datum narozen\u00ed<\/li>\r\n<li>Identifika\u010dn\u00ed \u010d\u00edsla vydan\u00e1 vl\u00e1dou<\/li>\r\n<li>Fotografie<\/li>\r\n<li>Biometrick\u00e9 \u00fadaje<\/li>\r\n<\/ul>\r\n<p><strong>3. Pou\u017eit\u00ed informac\u00ed<\/strong><\/p>\r\n<p>Shrom\u00e1\u017ed\u011bn\u00e9 informace pou\u017e\u00edv\u00e1me k:<\/p>\r\n<ul>\r\n<li>Zpracov\u00e1n\u00ed a v\u00fdroba \u0159idi\u010dsk\u00fdch pr\u016fkaz\u016f<\/li>\r\n<li>Ov\u011b\u0159te identitu<\/li>\r\n<li>Komunikujte s v\u00e1mi ohledn\u011b va\u0161\u00ed \u017e\u00e1dosti<\/li>\r\n<li>Zajist\u011bte soulad s pr\u00e1vn\u00edmi po\u017eadavky<\/li>\r\n<li>Zlep\u0161ete na\u0161e slu\u017eby<\/li>\r\n<\/ul>\r\n<p><strong>4. Ochrana \u00fadaj\u016f<\/strong><\/p>\r\n<p>Zav\u00e1d\u00edme p\u0159\u00edsn\u00e1 bezpe\u010dnostn\u00ed opat\u0159en\u00ed k ochran\u011b va\u0161ich osobn\u00edch \u00fadaj\u016f. To zahrnuje:<\/p>\r\n<ul>\r\n<li>\u0160ifrov\u00e1n\u00ed citliv\u00fdch dat<\/li>\r\n<li>Pravideln\u00e9 bezpe\u010dnostn\u00ed audity<\/li>\r\n<li>Omezen\u00fd p\u0159\u00edstup k osobn\u00edm \u00fadaj\u016fm<\/li>\r\n<\/ul>\r\n<p><strong>5. Uchov\u00e1v\u00e1n\u00ed dat<\/strong><\/p>\r\n<p>Va\u0161e osobn\u00ed \u00fadaje uchov\u00e1v\u00e1me po dobu nezbytn\u011b nutnou ke spln\u011bn\u00ed \u00fa\u010del\u016f uveden\u00fdch v t\u011bchto Z\u00e1sad\u00e1ch ochrany osobn\u00edch \u00fadaj\u016f a ke spln\u011bn\u00ed z\u00e1konn\u00fdch povinnost\u00ed. Pot\u00e9 va\u0161e data bezpe\u010dn\u011b vyma\u017eeme.<\/p>\r\n<p><strong>6. Sd\u00edlen\u00ed dat<\/strong><\/p>\r\n<p>Va\u0161e osobn\u00ed \u00fadaje nesd\u00edl\u00edme, neprod\u00e1v\u00e1me ani nesd\u011blujeme t\u0159et\u00edm stran\u00e1m, s v\u00fdjimkou p\u0159\u00edpad\u016f, kdy to vy\u017eaduje z\u00e1kon nebo s va\u0161\u00edm v\u00fdslovn\u00fdm souhlasem.<\/p>\r\n<p><strong>7. Va\u0161e pr\u00e1va<\/strong><\/p>\r\n<p>M\u00e1te pr\u00e1vo:<\/p>\r\n<ul>\r\n<li>P\u0159\u00edstup k va\u0161im osobn\u00edm \u00fadaj\u016fm<\/li>\r\n<li>Po\u017e\u00e1dejte o opravu nep\u0159esn\u00fdch \u00fadaj\u016f<\/li>\r\n<li>Po\u017e\u00e1dejte o vymaz\u00e1n\u00ed va\u0161ich \u00fadaj\u016f<\/li>\r\n<li>Vzn\u00e9st n\u00e1mitku proti zpracov\u00e1n\u00ed \u00fadaj\u016f<\/li>\r\n<li>Souhlas kdykoli odvolat<\/li>\r\n<\/ul>\r\n<p><strong>8. Kontaktujte n\u00e1s<\/strong><\/p>\r\n<p>M\u00e1te-li jak\u00e9koli dotazy nebo obavy t\u00fdkaj\u00edc\u00ed se t\u011bchto Z\u00e1sad ochrany osobn\u00edch \u00fadaj\u016f nebo na\u0161ich postup\u016f v oblasti \u00fadaj\u016f, <a href=\"https:\/\/buydriverslicense.com\/cs\/kontaktujte-nas\/\">pros\u00edm kontaktujte n\u00e1s<\/a><\/p>\r\n<p><strong>9. Zm\u011bny t\u011bchto z\u00e1sad<\/strong><\/p>\r\n<p>Tyto Z\u00e1sady ochrany osobn\u00edch \u00fadaj\u016f m\u016f\u017eeme \u010das od \u010dasu aktualizovat. Ve\u0161ker\u00e9 zm\u011bny budou zve\u0159ejn\u011bny na t\u00e9to str\u00e1nce s aktualizovan\u00fdm datem \u00fa\u010dinnosti. Va\u0161e dal\u0161\u00ed pou\u017e\u00edv\u00e1n\u00ed na\u0161ich slu\u017eeb znamen\u00e1 souhlas s aktualizovan\u00fdmi Z\u00e1sadami ochrany osobn\u00edch \u00fadaj\u016f.<\/p>\r\n<p><strong>10. Souhlas<\/strong><\/p>\r\n<p>Pou\u017e\u00edv\u00e1n\u00edm na\u0161ich slu\u017eeb souhlas\u00edte se shroma\u017e\u010fov\u00e1n\u00edm a pou\u017e\u00edv\u00e1n\u00edm va\u0161ich osobn\u00edch \u00fadaj\u016f, jak je pops\u00e1no v t\u011bchto Z\u00e1sad\u00e1ch ochrany osobn\u00edch \u00fadaj\u016f.<\/p>\r\n<hr \/>\r\n<p><strong>Buydriverslicense.com<\/strong>\u00a0se zavazuje chr\u00e1nit va\u0161e soukrom\u00ed a zajistit bezpe\u010dnost va\u0161ich osobn\u00edch \u00fadaj\u016f. D\u011bkujeme, \u017ee n\u00e1m d\u016fv\u011b\u0159ujete sv\u00fdmi \u00fadaji.<\/p>\t\t\t\t\t\t\t\t<\/div>\n\t\t\t\t<\/div>\n\t\t\t\t\t<\/div>\n\t\t\t\t<\/div>\n\t\t\t\t<\/div>","protected":false},"excerpt":{"rendered":"<p>1. Introduction This Privacy Policy outlines how buydriverslicense.com collects, uses, and protects your personal information when you interact with our services. We are committed to ensuring the privacy and security of your data. 2. Information Collection We collect the following types of personal information: Name Address Email address Phone number Date of birth Government-issued identification [&hellip;]<\/p>\n","protected":false},"author":1,"featured_media":0,"parent":0,"menu_order":0,"comment_status":"closed","ping_status":"open","template":"","meta":{"footnotes":""},"class_list":["post-3","page","type-page","status-publish","hentry"],"yoast_head":"<!-- This site is optimized with the Yoast SEO Premium plugin v22.6 (Yoast SEO v27.5) - https:\/\/yoast.com\/product\/yoast-seo-premium-wordpress\/ -->\n<title>Privacy Policy - Buy Drivers License Online<\/title>\n<meta name=\"robots\" content=\"index, follow, max-snippet:-1, max-image-preview:large, max-video-preview:-1\" \/>\n<link rel=\"canonical\" href=\"https:\/\/buydriverslicense.com\/cs\/zasady-ochrany-osobnich-udaju\/\" \/>\n<meta property=\"og:locale\" content=\"cs_CZ\" \/>\n<meta property=\"og:type\" content=\"article\" \/>\n<meta property=\"og:title\" content=\"Privacy Policy\" \/>\n<meta property=\"og:description\" content=\"1. Introduction This Privacy Policy outlines how buydriverslicense.com collects, uses, and protects your personal information when you interact with our services. We are committed to ensuring the privacy and security of your data. 2. Information Collection We collect the following types of personal information: Name Address Email address Phone number Date of birth Government-issued identification [&hellip;]\" \/>\n<meta property=\"og:url\" content=\"https:\/\/buydriverslicense.com\/cs\/zasady-ochrany-osobnich-udaju\/\" \/>\n<meta property=\"og:site_name\" content=\"Buy Drivers License Online\" \/>\n<meta property=\"article:modified_time\" content=\"2024-06-13T21:31:00+00:00\" \/>\n<meta property=\"og:image\" content=\"https:\/\/buydriverslicense.com\/wp-content\/uploads\/2024\/06\/privacy-Policy.jpg\" \/>\n<meta name=\"twitter:card\" content=\"summary_large_image\" \/>\n<meta name=\"twitter:label1\" content=\"Odhadovan\u00e1 doba \u010dten\u00ed\" \/>\n\t<meta name=\"twitter:data1\" content=\"2 minuty\" \/>\n<script type=\"application\/ld+json\" class=\"yoast-schema-graph\">{\"@context\":\"https:\\\/\\\/schema.org\",\"@graph\":[{\"@type\":\"WebPage\",\"@id\":\"https:\\\/\\\/buydriverslicense.com\\\/privacy-policy\\\/\",\"url\":\"https:\\\/\\\/buydriverslicense.com\\\/privacy-policy\\\/\",\"name\":\"Privacy Policy - Buy Drivers License Online\",\"isPartOf\":{\"@id\":\"https:\\\/\\\/buydriverslicense.com\\\/#website\"},\"primaryImageOfPage\":{\"@id\":\"https:\\\/\\\/buydriverslicense.com\\\/privacy-policy\\\/#primaryimage\"},\"image\":{\"@id\":\"https:\\\/\\\/buydriverslicense.com\\\/privacy-policy\\\/#primaryimage\"},\"thumbnailUrl\":\"https:\\\/\\\/buydriverslicense.com\\\/wp-content\\\/uploads\\\/2024\\\/06\\\/privacy-Policy.jpg\",\"datePublished\":\"2012-05-19T01:35:25+00:00\",\"dateModified\":\"2024-06-13T21:31:00+00:00\",\"breadcrumb\":{\"@id\":\"https:\\\/\\\/buydriverslicense.com\\\/privacy-policy\\\/#breadcrumb\"},\"inLanguage\":\"cs\",\"potentialAction\":[{\"@type\":\"ReadAction\",\"target\":[\"https:\\\/\\\/buydriverslicense.com\\\/privacy-policy\\\/\"]}]},{\"@type\":\"ImageObject\",\"inLanguage\":\"cs\",\"@id\":\"https:\\\/\\\/buydriverslicense.com\\\/privacy-policy\\\/#primaryimage\",\"url\":\"https:\\\/\\\/buydriverslicense.com\\\/wp-content\\\/uploads\\\/2024\\\/06\\\/privacy-Policy.jpg\",\"contentUrl\":\"https:\\\/\\\/buydriverslicense.com\\\/wp-content\\\/uploads\\\/2024\\\/06\\\/privacy-Policy.jpg\"},{\"@type\":\"BreadcrumbList\",\"@id\":\"https:\\\/\\\/buydriverslicense.com\\\/privacy-policy\\\/#breadcrumb\",\"itemListElement\":[{\"@type\":\"ListItem\",\"position\":1,\"name\":\"Home\",\"item\":\"https:\\\/\\\/buydriverslicense.com\\\/\"},{\"@type\":\"ListItem\",\"position\":2,\"name\":\"Privacy Policy\"}]},{\"@type\":\"WebSite\",\"@id\":\"https:\\\/\\\/buydriverslicense.com\\\/#website\",\"url\":\"https:\\\/\\\/buydriverslicense.com\\\/\",\"name\":\"Buy Drivers License Online\",\"description\":\"How to Buy Drivers License without exam\",\"potentialAction\":[{\"@type\":\"SearchAction\",\"target\":{\"@type\":\"EntryPoint\",\"urlTemplate\":\"https:\\\/\\\/buydriverslicense.com\\\/?s={search_term_string}\"},\"query-input\":{\"@type\":\"PropertyValueSpecification\",\"valueRequired\":true,\"valueName\":\"search_term_string\"}}],\"inLanguage\":\"cs\"}]}<\/script>\n<!-- \/ Yoast SEO Premium plugin. -->","yoast_head_json":{"title":"Z\u00e1sady ochrany osobn\u00edch \u00fadaj\u016f \u2013 Kupte si \u0159idi\u010dsk\u00fd pr\u016fkaz online","robots":{"index":"index","follow":"follow","max-snippet":"max-snippet:-1","max-image-preview":"max-image-preview:large","max-video-preview":"max-video-preview:-1"},"canonical":"https:\/\/buydriverslicense.com\/cs\/zasady-ochrany-osobnich-udaju\/","og_locale":"cs_CZ","og_type":"article","og_title":"Privacy Policy","og_description":"1. Introduction This Privacy Policy outlines how buydriverslicense.com collects, uses, and protects your personal information when you interact with our services. We are committed to ensuring the privacy and security of your data. 2. Information Collection We collect the following types of personal information: Name Address Email address Phone number Date of birth Government-issued identification [&hellip;]","og_url":"https:\/\/buydriverslicense.com\/cs\/zasady-ochrany-osobnich-udaju\/","og_site_name":"Buy Drivers License Online","article_modified_time":"2024-06-13T21:31:00+00:00","og_image":[{"url":"https:\/\/buydriverslicense.com\/wp-content\/uploads\/2024\/06\/privacy-Policy.jpg","type":"","width":"","height":""}],"twitter_card":"summary_large_image","twitter_misc":{"Odhadovan\u00e1 doba \u010dten\u00ed":"2 minuty"},"schema":{"@context":"https:\/\/schema.org","@graph":[{"@type":"WebPage","@id":"https:\/\/buydriverslicense.com\/privacy-policy\/","url":"https:\/\/buydriverslicense.com\/privacy-policy\/","name":"Z\u00e1sady ochrany osobn\u00edch \u00fadaj\u016f \u2013 Kupte si \u0159idi\u010dsk\u00fd pr\u016fkaz online","isPartOf":{"@id":"https:\/\/buydriverslicense.com\/#website"},"primaryImageOfPage":{"@id":"https:\/\/buydriverslicense.com\/privacy-policy\/#primaryimage"},"image":{"@id":"https:\/\/buydriverslicense.com\/privacy-policy\/#primaryimage"},"thumbnailUrl":"https:\/\/buydriverslicense.com\/wp-content\/uploads\/2024\/06\/privacy-Policy.jpg","datePublished":"2012-05-19T01:35:25+00:00","dateModified":"2024-06-13T21:31:00+00:00","breadcrumb":{"@id":"https:\/\/buydriverslicense.com\/privacy-policy\/#breadcrumb"},"inLanguage":"cs","potentialAction":[{"@type":"ReadAction","target":["https:\/\/buydriverslicense.com\/privacy-policy\/"]}]},{"@type":"ImageObject","inLanguage":"cs","@id":"https:\/\/buydriverslicense.com\/privacy-policy\/#primaryimage","url":"https:\/\/buydriverslicense.com\/wp-content\/uploads\/2024\/06\/privacy-Policy.jpg","contentUrl":"https:\/\/buydriverslicense.com\/wp-content\/uploads\/2024\/06\/privacy-Policy.jpg"},{"@type":"BreadcrumbList","@id":"https:\/\/buydriverslicense.com\/privacy-policy\/#breadcrumb","itemListElement":[{"@type":"ListItem","position":1,"name":"Home","item":"https:\/\/buydriverslicense.com\/"},{"@type":"ListItem","position":2,"name":"Privacy Policy"}]},{"@type":"WebSite","@id":"https:\/\/buydriverslicense.com\/#website","url":"https:\/\/buydriverslicense.com\/","name":"Koupit \u0159idi\u010dsk\u00fd pr\u016fkaz online","description":"Jak koupit \u0159idi\u010dsk\u00fd pr\u016fkaz bez zkou\u0161ky","potentialAction":[{"@type":"SearchAction","target":{"@type":"EntryPoint","urlTemplate":"https:\/\/buydriverslicense.com\/?s={search_term_string}"},"query-input":{"@type":"PropertyValueSpecification","valueRequired":true,"valueName":"search_term_string"}}],"inLanguage":"cs"}]}},"_links":{"self":[{"href":"https:\/\/buydriverslicense.com\/cs\/wp-json\/wp\/v2\/pages\/3","targetHints":{"allow":["GET"]}}],"collection":[{"href":"https:\/\/buydriverslicense.com\/cs\/wp-json\/wp\/v2\/pages"}],"about":[{"href":"https:\/\/buydriverslicense.com\/cs\/wp-json\/wp\/v2\/types\/page"}],"author":[{"embeddable":true,"href":"https:\/\/buydriverslicense.com\/cs\/wp-json\/wp\/v2\/users\/1"}],"replies":[{"embeddable":true,"href":"https:\/\/buydriverslicense.com\/cs\/wp-json\/wp\/v2\/comments?post=3"}],"version-history":[{"count":0,"href":"https:\/\/buydriverslicense.com\/cs\/wp-json\/wp\/v2\/pages\/3\/revisions"}],"wp:attachment":[{"href":"https:\/\/buydriverslicense.com\/cs\/wp-json\/wp\/v2\/media?parent=3"}],"curies":[{"name":"wp","href":"https:\/\/api.w.org\/{rel}","templated":true}]}}